{"id":4772,"date":"2022-05-02T14:16:04","date_gmt":"2022-05-02T07:16:04","guid":{"rendered":"http:\/\/thailike.es\/?page_id=4772"},"modified":"2025-01-26T11:12:18","modified_gmt":"2025-01-26T04:12:18","slug":"%ea%b0%95%ed%99%a9-3","status":"publish","type":"page","link":"https:\/\/thailike.es\/ko\/curcuma-3\/","title":{"rendered":"\uc2ec\ud669"},"content":{"rendered":"<div class=\"wp-block-getwid-advanced-heading has-custom-font-size\" style=\"font-size:26px\"><span class=\"wp-block-getwid-advanced-heading__content has-text-color has-vivid-cyan-blue-color\" style=\"font-family:&quot;AR One Sans&quot;;font-weight:normal\">\uac15\ud669\uc758 \ud6a8\ub2a5: \ud2b9\uc131, \uc6a9\ub3c4 \ubc0f \uc2dd\ub2e8\uc5d0 \ud3ec\ud568\ud558\ub294 \ubc29\ubc95<\/span><\/div>\n\n\n\n<div style=\"height:60px\" aria-hidden=\"true\" class=\"wp-block-spacer\"><\/div>\n\n\n\n<div class=\"wp-block-cover is-light\"><span aria-hidden=\"true\" class=\"wp-block-cover__background has-background-dim-20 has-background-dim\"><\/span><video class=\"wp-block-cover__video-background intrinsic-ignore\" autoplay muted loop playsinline src=\"http:\/\/thailike.es\/wp-content\/uploads\/2022\/05\/curcuma.mp4\" data-object-fit=\"cover\"><\/video><div class=\"wp-block-cover__inner-container is-layout-flow wp-block-cover-is-layout-flow\">\n<p class=\"has-text-align-center has-large-font-size\"><\/p>\n<\/div><\/div>\n\n\n\n<hr class=\"wp-block-separator has-text-color has-vivid-cyan-blue-color has-alpha-channel-opacity has-vivid-cyan-blue-background-color has-background is-style-wide\"\/>\n\n\n\n<div class=\"wp-block-getwid-advanced-heading has-custom-font-size\" style=\"font-size:26px\"><span class=\"wp-block-getwid-advanced-heading__content has-text-color has-vivid-cyan-blue-color\" style=\"font-family:&quot;AR One Sans&quot;;font-weight:normal\">\ud615\uc9c8<\/span><\/div>\n\n\n\n<div class=\"wp-block-columns is-layout-flex wp-container-core-columns-is-layout-9d6595d7 wp-block-columns-is-layout-flex\">\n<div class=\"wp-block-column is-layout-flow wp-block-column-is-layout-flow\">\n<div style=\"height:44px\" aria-hidden=\"true\" class=\"wp-block-spacer\"><\/div>\n\n\n\n<figure class=\"wp-block-image size-large\"><img decoding=\"async\" width=\"1024\" height=\"576\" src=\"http:\/\/thailike.es\/wp-content\/uploads\/2022\/05\/Curcuma3-1024x576.png\" alt=\"\uc2ec\ud669 \" class=\"wp-image-4777\" srcset=\"https:\/\/thailike.es\/wp-content\/uploads\/2022\/05\/Curcuma3-1024x576.png 1024w, https:\/\/thailike.es\/wp-content\/uploads\/2022\/05\/Curcuma3-300x169.png 300w, https:\/\/thailike.es\/wp-content\/uploads\/2022\/05\/Curcuma3-768x432.png 768w, https:\/\/thailike.es\/wp-content\/uploads\/2022\/05\/Curcuma3-1536x864.png 1536w, https:\/\/thailike.es\/wp-content\/uploads\/2022\/05\/Curcuma3-18x10.png 18w, https:\/\/thailike.es\/wp-content\/uploads\/2022\/05\/Curcuma3.png 1920w\" sizes=\"(max-width: 1024px) 100vw, 1024px\" \/><\/figure>\n\n\n\n<div style=\"height:36px\" aria-hidden=\"true\" class=\"wp-block-spacer\"><\/div>\n\n\n\n<figure class=\"wp-block-image size-large\"><img decoding=\"async\" width=\"1024\" height=\"576\" src=\"http:\/\/thailike.es\/wp-content\/uploads\/2022\/05\/Curcuma2-1024x576.jpg\" alt=\"\uc2ec\ud669 \" class=\"wp-image-4776\" srcset=\"https:\/\/thailike.es\/wp-content\/uploads\/2022\/05\/Curcuma2-1024x576.jpg 1024w, https:\/\/thailike.es\/wp-content\/uploads\/2022\/05\/Curcuma2-300x169.jpg 300w, https:\/\/thailike.es\/wp-content\/uploads\/2022\/05\/Curcuma2-768x432.jpg 768w, https:\/\/thailike.es\/wp-content\/uploads\/2022\/05\/Curcuma2-1536x864.jpg 1536w, https:\/\/thailike.es\/wp-content\/uploads\/2022\/05\/Curcuma2-18x10.jpg 18w, https:\/\/thailike.es\/wp-content\/uploads\/2022\/05\/Curcuma2.jpg 1920w\" sizes=\"(max-width: 1024px) 100vw, 1024px\" \/><\/figure>\n\n\n\n<div style=\"height:43px\" aria-hidden=\"true\" class=\"wp-block-spacer\"><\/div>\n\n\n\n<div class=\"wp-block-columns is-layout-flex wp-container-core-columns-is-layout-9d6595d7 wp-block-columns-is-layout-flex\">\n<div class=\"wp-block-column is-layout-flow wp-block-column-is-layout-flow\">\n<p class=\"has-medium-font-size\">\ub178\ub780\uc0c9\uc744 \ub0b4\uace0 \uc2f6\uc740 \uc694\ub9ac\ub098 \uad6c\uc6b4 \uc57c\ucc44\uc5d0 \uc0ac\uc6a9\ud558\uba74 \uc88b\uc2b5\ub2c8\ub2e4.<\/p>\n\n\n\n<p class=\"has-medium-font-size\">\ubaa8\ub4e0 \uc885\ub958\uc758 \uc218\ud504, \ud06c\ub9bc \ub610\ub294 \ucf69\ub958, \uc300 \ub610\ub294 \ucfe0\uc2a4\ucfe0\uc2a4, \uad6c\uc6b4 \uace0\uae30 \ub610\ub294 \uc0dd\uc120.<\/p>\n<\/div>\n<\/div>\n<\/div>\n\n\n\n<div class=\"wp-block-column is-layout-flow wp-block-column-is-layout-flow\">\n<p class=\"has-medium-font-size\">\uac15\ud669\uc740 \uc2dd\uc6a9 \uc0c9\uc18c\ub85c \uc0ac\uc6a9\ub418\uba70 \uce74\ub808\uc758 \uc7ac\ub8cc \uc911 \ud558\ub098\ub85c, \uce74\ub808\uc5d0 \ubc1d\uc740 \ub178\ub780\uc0c9\uc744 \uc90d\ub2c8\ub2e4.<\/p>\n\n\n\n<p class=\"has-medium-font-size\"> \uac15\ud669\uc740 \uc774 \uc2dd\ubb3c\uc758 \ubfcc\ub9ac\ub85c \ub9cc\ub4e4\uc5b4\uc9d1\ub2c8\ub2e4. \uac15\ud669\uc774 \uce74\ub808\uc5d0 \ub4e4\uc5b4\uac00\ub294 \uc774\uc720 \uc911 \ud558\ub098\ub294 \uc74c\uc2dd\uc5d0 \ud48d\ubbf8\ub97c \ub354\ud558\uae30 \ub54c\ubb38\uc785\ub2c8\ub2e4.<\/p>\n\n\n\n<p class=\"has-medium-font-size\"> \ud558\uc9c0\ub9cc \uc2ec\ud669\uc740 \uc74c\uc2dd\uc758 \uc18c\ud654\uc5d0\ub3c4 \uc911\uc694\ud55c \uc5ed\ud560\uc744 \ud560 \uc218 \uc788\uc2b5\ub2c8\ub2e4. <\/p>\n\n\n\n<p class=\"has-medium-font-size\">\uc774 \uacfc\uc77c\uc740 \uae30\ubd84 \uc88b\uace0 \uc57d\uac04 \ub9e4\ucf64\ud55c \ub9db\uc774 \ub098\uace0, \ubc14\uae65\ucabd\uc740 \uac08\uc0c9\uc774\uace0 \uc548\ucabd\uc740 \uc9d9\uc740 \uc8fc\ud669\uc0c9\uc785\ub2c8\ub2e4.<\/p>\n\n\n\n<p class=\"has-medium-font-size\">\uc8fc\uc694 \ud2b9\uc9d5<\/p>\n\n\n\n<ul class=\"wp-block-list\">\n<li>\ud56d\uc5fc\uc99d<\/li>\n\n\n\n<li>\uad00\uc808\uc5fc\uc758 \uacbd\uc6b0 \ud1b5\uc99d \uc644\ud654.<\/li>\n\n\n\n<li>\uac15\ud669\uc758 \ud56d\uc0b0\ud654 \ubc0f \ud56d\uc5fc \ud2b9\uc131\uc740 \uac74\uac15\ud55c \uc18c\ud654\uc5d0 \ub3c4\uc6c0\uc774 \ub429\ub2c8\ub2e4.<\/li>\n<\/ul>\n\n\n\n<p class=\"has-medium-font-size\">\ud558\uc9c0\ub9cc \uc77c\ubd80 \ubd80\uc791\uc6a9 \ub54c\ubb38\uc5d0 \uac15\ud669\uc740 \ubaa8\ub4e0 \uc0ac\ub78c\uc5d0\uac8c \uc801\ud569\ud558\uc9c0 \uc54a\uc744 \uc218 \uc788\uc2b5\ub2c8\ub2e4. (\uc18c\ud654\uae30 \uc9c8\ud658\uc774 \uc788\ub294 \ubd84, \ud608\uc561 \ud76c\uc11d\uc81c\ub97c \ubcf5\uc6a9\ud558\ub294 \ubd84)<\/p>\n<\/div>\n<\/div>\n\n\n\n<hr class=\"wp-block-separator has-text-color has-vivid-cyan-blue-color has-alpha-channel-opacity has-vivid-cyan-blue-background-color has-background is-style-wide\"\/>\n\n\n\n<div class=\"wp-block-columns is-layout-flex wp-container-core-columns-is-layout-9d6595d7 wp-block-columns-is-layout-flex\">\n<div class=\"wp-block-column is-layout-flow wp-block-column-is-layout-flow\">\n<figure class=\"wp-block-image size-large is-style-default\"><img decoding=\"async\" width=\"1024\" height=\"576\" src=\"https:\/\/thailike.es\/wp-content\/uploads\/2025\/01\/Copia-de-Plantilla-c169-3-1024x576.png\" alt=\"\" class=\"wp-image-7978\" srcset=\"https:\/\/thailike.es\/wp-content\/uploads\/2025\/01\/Copia-de-Plantilla-c169-3-1024x576.png 1024w, https:\/\/thailike.es\/wp-content\/uploads\/2025\/01\/Copia-de-Plantilla-c169-3-300x169.png 300w, https:\/\/thailike.es\/wp-content\/uploads\/2025\/01\/Copia-de-Plantilla-c169-3-768x432.png 768w, https:\/\/thailike.es\/wp-content\/uploads\/2025\/01\/Copia-de-Plantilla-c169-3-1536x864.png 1536w, https:\/\/thailike.es\/wp-content\/uploads\/2025\/01\/Copia-de-Plantilla-c169-3-18x10.png 18w, https:\/\/thailike.es\/wp-content\/uploads\/2025\/01\/Copia-de-Plantilla-c169-3.png 1920w\" sizes=\"(max-width: 1024px) 100vw, 1024px\" \/><\/figure>\n<\/div>\n<\/div>\n\n\n\n<div class=\"wp-block-columns is-layout-flex wp-container-core-columns-is-layout-9d6595d7 wp-block-columns-is-layout-flex\">\n<div class=\"wp-block-column is-layout-flow wp-block-column-is-layout-flow\">\n<div class=\"wp-block-getwid-advanced-heading has-custom-font-size\" style=\"font-size:26px\"><span class=\"wp-block-getwid-advanced-heading__content has-text-color has-vivid-cyan-blue-color\" style=\"font-family:&quot;AR One Sans&quot;;font-weight:normal\">\ud765\ubbf8\ub85c\uc6b4 \uc0ac\uc2e4\ub4e4  <\/span><\/div>\n\n\n\n<p class=\"has-medium-font-size\">\uc778\ub3c4\uac00 \uc6d0\uc0b0\uc9c0\uc774\uba70, \uce74\ub808\uc5d0 \ub110\ub9ac \uc0ac\uc6a9\ub429\ub2c8\ub2e4. \uc0dd\uac15\uacfc\uc5d0 \uc18d\ud569\ub2c8\ub2e4.<\/p>\n\n\n\n<p class=\"has-medium-font-size\">\ucc98\uc74c\uc5d0\ub294 \uae30\uc6d0\uc804 600\ub144\uacbd\uc5d0 \uc591\ubaa8 \uc5fc\uc0c9\uc81c\ub85c \uc0ac\uc6a9\ub418\uc5c8\uc2b5\ub2c8\ub2e4.<\/p>\n\n\n\n<p class=\"has-medium-font-size\">\uc624\ub298\ub0a0\uc5d0\ub3c4 \uc5ec\uc804\ud788 \uc12c\uc720\uc6a9 \uc5fc\ub8cc\ub85c \uc0ac\uc6a9\ub418\uace0 \uc788\uc2b5\ub2c8\ub2e4.<\/p>\n\n\n\n<p class=\"has-medium-font-size\">\uc544\uc720\ub974\ubca0\ub2e4 \uc758\ud559\uc5d0\uc11c\ub294 \uc18c\ud654 \uce58\ub8cc\uc81c\ub85c \uc0ac\uc6a9\ub429\ub2c8\ub2e4.<\/p>\n<\/div>\n\n\n\n<div class=\"wp-block-column is-layout-flow wp-block-column-is-layout-flow\">\n<div style=\"height:54px\" aria-hidden=\"true\" class=\"wp-block-spacer\"><\/div>\n\n\n\n<p><script src=\"\/\/cdn0.trainbusferry.com\/tools\/form\/en\/?id=4381747&#038;domain=12go.com\" data-one2go=\"4381747\" data-color=\"default\" data-language=\"en\" data-adaptive=\"1\" data-border=\"1\" data-domain=\"12go.com\"><\/script><div id=\"powered\">\uc5d0 \uc758\ud574 \uad6c\ub3d9 <a href=\"https:\/\/12go.com\/?z=4381747\">12Go \uc2dc\uc2a4\ud15c<\/a><\/div><\/p>\n\n\n\n<p class=\"has-medium-font-size\"> \ud604\ub300 \uc11c\uc591 \uc758\ud559\uc5d0\uc11c\ub294 \uc2ec\ud669\uc774 \uc7a5 \uc5fc\uc99d\uc744 \uc904\uc774\uace0 \uc7a5 \ud22c\uacfc\uc131\uc744 \uac1c\uc120\ud558\ub294 \ub370 \uc5b4\ub5bb\uac8c \ub3c4\uc6c0\uc774 \ub420 \uc218 \uc788\ub294\uc9c0 \uc5f0\uad6c\ud558\uae30 \uc2dc\uc791\ud588\uc2b5\ub2c8\ub2e4.<\/p>\n<\/div>\n<\/div>\n\n\n\n<div class=\"wp-block-columns is-layout-flex wp-container-core-columns-is-layout-9d6595d7 wp-block-columns-is-layout-flex\">\n<div class=\"wp-block-column is-layout-flow wp-block-column-is-layout-flow\">\n<hr class=\"wp-block-separator has-text-color has-vivid-cyan-blue-color has-alpha-channel-opacity has-vivid-cyan-blue-background-color has-background is-style-wide\"\/>\n\n\n\n<p><div id=\"adgshp-329716040\"><\/div>\n<script type=\"text\/javascript\" src=\"\/\/cdn0.agoda.net\/images\/sherpa\/js\/sherpa_init1_08.min.js\"><\/script><script type=\"text\/javascript\">\nvar stg = new Object(); stg.crt=\"5662096821748\";stg.version=\"1.04\"; stg.id=stg.name=\"adgshp-329716040\"; stg.width=\"1288px\"; stg.height=\"300px\";stg.ReferenceKey=\"XFM344rFX6pgMhTRAdL02w==\"; stg.Layout=\"Oneline\"; stg.Language=\"en-us\";stg.Cid=\"1904972\"; stg.City=\"9395\"; stg.DestinationName=\"Bangkok, Tailandia\";stg.OverideConf=false; new AgdSherpa(stg).initialize();\n<\/script>\n<\/p>\n\n\n\n<figure class=\"wp-block-image size-large\"><a href=\"https:\/\/thailike.es\/ko\/%ed%83%9c%ea%b5%ad%ec%9d%98-%ec%8b%9d%ed%92%88-%ec%8b%9c%ec%9e%a5%ea%b3%bc-%ec%9d%8c%ec%8b%9d\/\"><img decoding=\"async\" width=\"1024\" height=\"576\" src=\"https:\/\/thailike.es\/wp-content\/uploads\/2025\/01\/mercado-1024x576.png\" alt=\"\" class=\"wp-image-7799\" srcset=\"https:\/\/thailike.es\/wp-content\/uploads\/2025\/01\/mercado-1024x576.png 1024w, https:\/\/thailike.es\/wp-content\/uploads\/2025\/01\/mercado-300x169.png 300w, https:\/\/thailike.es\/wp-content\/uploads\/2025\/01\/mercado-768x432.png 768w, https:\/\/thailike.es\/wp-content\/uploads\/2025\/01\/mercado-1536x864.png 1536w, https:\/\/thailike.es\/wp-content\/uploads\/2025\/01\/mercado-18x10.png 18w, https:\/\/thailike.es\/wp-content\/uploads\/2025\/01\/mercado.png 1920w\" sizes=\"(max-width: 1024px) 100vw, 1024px\" \/><\/a><figcaption class=\"wp-element-caption\">\ud0dc\uad6d\uc758 \uc2dd\ud488 \uc2dc\uc7a5\uc744 \ud0d0\ud5d8\ud558\uc138\uc694<\/figcaption><\/figure>\n\n\n\n<p><!DOCTYPE html>\n<html lang=\"en\">\n<head>\n    <meta charset=\"UTF-8\">\n    <meta name=\"viewport\" content=\"width=device-width, initial-scale=1.0\">\n    <title>\uc2a4\ud0c0\uc77c\ub9ac\uc2dc\ud55c \ube44\ub514\uc624<\/title>\n    <style>\n        .video-container {\n            background-color: #ffffff;\n            padding: 20px;\n            border-radius: 15px;\n            box-shadow: 0 4px 10px rgba(0, 0, 0, 0.2);\n            max-width: 560px;\n            width: 100%;\n            box-sizing: border-box;\n            margin: 0 auto;\n        }\n        .video-container iframe {\n            width: 100%;\n            height: 315px;\n            border: none;\n            border-radius: 10px;\n            display: block;\n        }\n    <\/style>\n<\/head>\n<body>\n    <div class=\"video-container\">\n        <iframe \n            src=\"https:\/\/www.youtube.com\/embed\/uCb2iyIs2BI\" \n            title=\"\uc720\ud29c\ube0c \ube44\ub514\uc624 \ud50c\ub808\uc774\uc5b4\" \n            allow=\"accelerometer; autoplay; clipboard-write; encrypted-media; gyroscope; picture-in-picture\" \n            allowfullscreen>\n        <\/iframe>\n    <\/div>\n<\/body>\n<\/html>\n<\/p>\n\n\n\n<hr class=\"wp-block-separator has-alpha-channel-opacity has-luminous-vivid-amber-to-luminous-vivid-orange-gradient-background has-background is-style-wide\"\/>\n<\/div>\n<\/div>\n\n\n\n<div class=\"wp-block-columns is-layout-flex wp-container-core-columns-is-layout-9d6595d7 wp-block-columns-is-layout-flex\">\n<div class=\"wp-block-column is-layout-flow wp-block-column-is-layout-flow\">\n<div class=\"wp-block-columns is-layout-flex wp-container-core-columns-is-layout-9d6595d7 wp-block-columns-is-layout-flex\">\n<div class=\"wp-block-column is-layout-flow wp-block-column-is-layout-flow\"><div class=\"wp-block-image\">\n<figure class=\"aligncenter size-medium\"><img decoding=\"async\" width=\"300\" height=\"57\" src=\"https:\/\/thailike.es\/wp-content\/uploads\/2025\/01\/Ven-a-descubrir-Tailandia-499-x-95-px-499-x-95-px-300x57.png\" alt=\"\" class=\"wp-image-7889\" srcset=\"https:\/\/thailike.es\/wp-content\/uploads\/2025\/01\/Ven-a-descubrir-Tailandia-499-x-95-px-499-x-95-px-300x57.png 300w, https:\/\/thailike.es\/wp-content\/uploads\/2025\/01\/Ven-a-descubrir-Tailandia-499-x-95-px-499-x-95-px-18x3.png 18w, https:\/\/thailike.es\/wp-content\/uploads\/2025\/01\/Ven-a-descubrir-Tailandia-499-x-95-px-499-x-95-px.png 499w\" sizes=\"(max-width: 300px) 100vw, 300px\" \/><\/figure>\n<\/div><\/div>\n<\/div>\n<\/div>\n<\/div>","protected":false},"excerpt":{"rendered":"<p>\uc800\ud76c \ube14\ub85c\uadf8\uc5d0\uc11c\ub294 \ubbf8\uc2dd, \uc81c\ud488, \uc2a4\ud1a0\ub9ac, \uc2dc\uc7a5 \ub4f1 \ub2e4\uc591\ud55c \uc8fc\uc81c\uc5d0 \ub300\ud55c \ub9ce\uc740 \uc815\ubcf4\ub97c \uc54c\ub824\ub4dc\ub9bd\ub2c8\ub2e4.<\/p>","protected":false},"author":1,"featured_media":0,"parent":0,"menu_order":0,"comment_status":"closed","ping_status":"closed","template":"","meta":{"_acf_changed":false,"footnotes":""},"class_list":["post-4772","page","type-page","status-publish","hentry"],"acf":[],"yoast_head":"<!-- This site is optimized with the Yoast SEO plugin v27.4 - https:\/\/yoast.com\/product\/yoast-seo-wordpress\/ -->\n<title>CURCUMA -<\/title>\n<meta name=\"description\" content=\"El condimento conocido como C\u00farcuma es muy utilizado en Asia en general, no solamente en gastronom\u00eda, sino tambi\u00e9n en otros \u00e1mbitos\" \/>\n<meta name=\"robots\" content=\"index, follow, max-snippet:-1, max-image-preview:large, max-video-preview:-1\" \/>\n<link rel=\"canonical\" href=\"https:\/\/thailike.es\/ko\/\uac15\ud669-3\/\" \/>\n<meta property=\"og:locale\" content=\"ko_KR\" \/>\n<meta property=\"og:type\" content=\"article\" \/>\n<meta property=\"og:title\" content=\"CURCUMA -\" \/>\n<meta property=\"og:description\" content=\"El condimento conocido como C\u00farcuma es muy utilizado en Asia en general, no solamente en gastronom\u00eda, sino tambi\u00e9n en otros \u00e1mbitos\" \/>\n<meta property=\"og:url\" content=\"https:\/\/thailike.es\/ko\/\uac15\ud669-3\/\" \/>\n<meta property=\"article:modified_time\" content=\"2025-01-26T04:12:18+00:00\" \/>\n<meta property=\"og:image\" content=\"http:\/\/thailike.es\/wp-content\/uploads\/2022\/05\/Curcuma3-1024x576.png\" \/>\n<meta name=\"twitter:card\" content=\"summary_large_image\" \/>\n<meta name=\"twitter:label1\" content=\"\uc608\uc0c1 \ub418\ub294 \ud310\ub3c5 \uc2dc\uac04\" \/>\n\t<meta name=\"twitter:data1\" content=\"5\ubd84\" \/>\n<script type=\"application\/ld+json\" class=\"yoast-schema-graph\">{\"@context\":\"https:\\\/\\\/schema.org\",\"@graph\":[{\"@type\":\"WebPage\",\"@id\":\"https:\\\/\\\/thailike.es\\\/curcuma-3\\\/\",\"url\":\"https:\\\/\\\/thailike.es\\\/curcuma-3\\\/\",\"name\":\"CURCUMA -\",\"isPartOf\":{\"@id\":\"https:\\\/\\\/thailike.es\\\/#website\"},\"primaryImageOfPage\":{\"@id\":\"https:\\\/\\\/thailike.es\\\/curcuma-3\\\/#primaryimage\"},\"image\":{\"@id\":\"https:\\\/\\\/thailike.es\\\/curcuma-3\\\/#primaryimage\"},\"thumbnailUrl\":\"http:\\\/\\\/thailike.es\\\/wp-content\\\/uploads\\\/2022\\\/05\\\/Curcuma3-1024x576.png\",\"datePublished\":\"2022-05-02T07:16:04+00:00\",\"dateModified\":\"2025-01-26T04:12:18+00:00\",\"description\":\"El condimento conocido como C\u00farcuma es muy utilizado en Asia en general, no solamente en gastronom\u00eda, sino tambi\u00e9n en otros \u00e1mbitos\",\"breadcrumb\":{\"@id\":\"https:\\\/\\\/thailike.es\\\/curcuma-3\\\/#breadcrumb\"},\"inLanguage\":\"ko-KR\",\"potentialAction\":[{\"@type\":\"ReadAction\",\"target\":[\"https:\\\/\\\/thailike.es\\\/curcuma-3\\\/\"]}]},{\"@type\":\"ImageObject\",\"inLanguage\":\"ko-KR\",\"@id\":\"https:\\\/\\\/thailike.es\\\/curcuma-3\\\/#primaryimage\",\"url\":\"http:\\\/\\\/thailike.es\\\/wp-content\\\/uploads\\\/2022\\\/05\\\/Curcuma3-1024x576.png\",\"contentUrl\":\"http:\\\/\\\/thailike.es\\\/wp-content\\\/uploads\\\/2022\\\/05\\\/Curcuma3-1024x576.png\"},{\"@type\":\"BreadcrumbList\",\"@id\":\"https:\\\/\\\/thailike.es\\\/curcuma-3\\\/#breadcrumb\",\"itemListElement\":[{\"@type\":\"ListItem\",\"position\":1,\"name\":\"Home\",\"item\":\"https:\\\/\\\/thailike.es\\\/\"},{\"@type\":\"ListItem\",\"position\":2,\"name\":\"CURCUMA\"}]},{\"@type\":\"WebSite\",\"@id\":\"https:\\\/\\\/thailike.es\\\/#website\",\"url\":\"https:\\\/\\\/thailike.es\\\/\",\"name\":\"www.thailike.es\",\"description\":\"Conoce Tailandia\",\"publisher\":{\"@id\":\"https:\\\/\\\/thailike.es\\\/#\\\/schema\\\/person\\\/d7b4c0c202f07c03c6f52ee0706271b1\"},\"potentialAction\":[{\"@type\":\"SearchAction\",\"target\":{\"@type\":\"EntryPoint\",\"urlTemplate\":\"https:\\\/\\\/thailike.es\\\/?s={search_term_string}\"},\"query-input\":{\"@type\":\"PropertyValueSpecification\",\"valueRequired\":true,\"valueName\":\"search_term_string\"}}],\"inLanguage\":\"ko-KR\"},{\"@type\":[\"Person\",\"Organization\"],\"@id\":\"https:\\\/\\\/thailike.es\\\/#\\\/schema\\\/person\\\/d7b4c0c202f07c03c6f52ee0706271b1\",\"name\":\"MIGUEL ANGEL\",\"image\":{\"@type\":\"ImageObject\",\"inLanguage\":\"ko-KR\",\"@id\":\"https:\\\/\\\/thailike.es\\\/wp-content\\\/litespeed\\\/avatar\\\/44bf16d57539b37fd945fc4f58e2b252.jpg?ver=1776964903\",\"url\":\"https:\\\/\\\/thailike.es\\\/wp-content\\\/litespeed\\\/avatar\\\/44bf16d57539b37fd945fc4f58e2b252.jpg?ver=1776964903\",\"contentUrl\":\"https:\\\/\\\/thailike.es\\\/wp-content\\\/litespeed\\\/avatar\\\/44bf16d57539b37fd945fc4f58e2b252.jpg?ver=1776964903\",\"caption\":\"MIGUEL ANGEL\"},\"logo\":{\"@id\":\"https:\\\/\\\/thailike.es\\\/wp-content\\\/litespeed\\\/avatar\\\/44bf16d57539b37fd945fc4f58e2b252.jpg?ver=1776964903\"},\"sameAs\":[\"http:\\\/\\\/thailike.es\",\"https:\\\/\\\/www.youtube.com\\\/channel\\\/UClOY3ZuuzFGZmDVH-yoILQA\"]}]}<\/script>\n<!-- \/ Yoast SEO plugin. -->","yoast_head_json":{"title":"\uac15\ud669 -","description":"\uac15\ud669\uc774\ub77c\ub294 \ud5a5\uc2e0\ub8cc\ub294 \uc544\uc2dc\uc544 \uc804\uc5ed\uc5d0\uc11c \ub110\ub9ac \uc4f0\uc774\uba70, \uc694\ub9ac\ubfd0\ub9cc \uc544\ub2c8\ub77c \ub2e4\ub978 \ubd84\uc57c\uc5d0\uc11c\ub3c4 \uc0ac\uc6a9\ub429\ub2c8\ub2e4.","robots":{"index":"index","follow":"follow","max-snippet":"max-snippet:-1","max-image-preview":"max-image-preview:large","max-video-preview":"max-video-preview:-1"},"canonical":"https:\/\/thailike.es\/ko\/\uac15\ud669-3\/","og_locale":"ko_KR","og_type":"article","og_title":"CURCUMA -","og_description":"El condimento conocido como C\u00farcuma es muy utilizado en Asia en general, no solamente en gastronom\u00eda, sino tambi\u00e9n en otros \u00e1mbitos","og_url":"https:\/\/thailike.es\/ko\/\uac15\ud669-3\/","article_modified_time":"2025-01-26T04:12:18+00:00","og_image":[{"url":"http:\/\/thailike.es\/wp-content\/uploads\/2022\/05\/Curcuma3-1024x576.png","type":"","width":"","height":""}],"twitter_card":"summary_large_image","twitter_misc":{"\uc608\uc0c1 \ub418\ub294 \ud310\ub3c5 \uc2dc\uac04":"5\ubd84"},"schema":{"@context":"https:\/\/schema.org","@graph":[{"@type":"WebPage","@id":"https:\/\/thailike.es\/curcuma-3\/","url":"https:\/\/thailike.es\/curcuma-3\/","name":"\uac15\ud669 -","isPartOf":{"@id":"https:\/\/thailike.es\/#website"},"primaryImageOfPage":{"@id":"https:\/\/thailike.es\/curcuma-3\/#primaryimage"},"image":{"@id":"https:\/\/thailike.es\/curcuma-3\/#primaryimage"},"thumbnailUrl":"http:\/\/thailike.es\/wp-content\/uploads\/2022\/05\/Curcuma3-1024x576.png","datePublished":"2022-05-02T07:16:04+00:00","dateModified":"2025-01-26T04:12:18+00:00","description":"\uac15\ud669\uc774\ub77c\ub294 \ud5a5\uc2e0\ub8cc\ub294 \uc544\uc2dc\uc544 \uc804\uc5ed\uc5d0\uc11c \ub110\ub9ac \uc4f0\uc774\uba70, \uc694\ub9ac\ubfd0\ub9cc \uc544\ub2c8\ub77c \ub2e4\ub978 \ubd84\uc57c\uc5d0\uc11c\ub3c4 \uc0ac\uc6a9\ub429\ub2c8\ub2e4.","breadcrumb":{"@id":"https:\/\/thailike.es\/curcuma-3\/#breadcrumb"},"inLanguage":"ko-KR","potentialAction":[{"@type":"ReadAction","target":["https:\/\/thailike.es\/curcuma-3\/"]}]},{"@type":"ImageObject","inLanguage":"ko-KR","@id":"https:\/\/thailike.es\/curcuma-3\/#primaryimage","url":"http:\/\/thailike.es\/wp-content\/uploads\/2022\/05\/Curcuma3-1024x576.png","contentUrl":"http:\/\/thailike.es\/wp-content\/uploads\/2022\/05\/Curcuma3-1024x576.png"},{"@type":"BreadcrumbList","@id":"https:\/\/thailike.es\/curcuma-3\/#breadcrumb","itemListElement":[{"@type":"ListItem","position":1,"name":"Home","item":"https:\/\/thailike.es\/"},{"@type":"ListItem","position":2,"name":"CURCUMA"}]},{"@type":"WebSite","@id":"https:\/\/thailike.es\/#website","url":"https:\/\/thailike.es\/","name":"www.thailike.es","description":"\ud0dc\uad6d\uc744 \ubc1c\uacac\ud558\uc138\uc694","publisher":{"@id":"https:\/\/thailike.es\/#\/schema\/person\/d7b4c0c202f07c03c6f52ee0706271b1"},"potentialAction":[{"@type":"SearchAction","target":{"@type":"EntryPoint","urlTemplate":"https:\/\/thailike.es\/?s={search_term_string}"},"query-input":{"@type":"PropertyValueSpecification","valueRequired":true,"valueName":"search_term_string"}}],"inLanguage":"ko-KR"},{"@type":["Person","Organization"],"@id":"https:\/\/thailike.es\/#\/schema\/person\/d7b4c0c202f07c03c6f52ee0706271b1","name":"\ubbf8\uad6c\uc5d8 \uc559\ud5ec","image":{"@type":"ImageObject","inLanguage":"ko-KR","@id":"https:\/\/thailike.es\/wp-content\/litespeed\/avatar\/44bf16d57539b37fd945fc4f58e2b252.jpg?ver=1776964903","url":"https:\/\/thailike.es\/wp-content\/litespeed\/avatar\/44bf16d57539b37fd945fc4f58e2b252.jpg?ver=1776964903","contentUrl":"https:\/\/thailike.es\/wp-content\/litespeed\/avatar\/44bf16d57539b37fd945fc4f58e2b252.jpg?ver=1776964903","caption":"MIGUEL ANGEL"},"logo":{"@id":"https:\/\/thailike.es\/wp-content\/litespeed\/avatar\/44bf16d57539b37fd945fc4f58e2b252.jpg?ver=1776964903"},"sameAs":["http:\/\/thailike.es","https:\/\/www.youtube.com\/channel\/UClOY3ZuuzFGZmDVH-yoILQA"]}]}},"_links":{"self":[{"href":"https:\/\/thailike.es\/ko\/wp-json\/wp\/v2\/pages\/4772","targetHints":{"allow":["GET"]}}],"collection":[{"href":"https:\/\/thailike.es\/ko\/wp-json\/wp\/v2\/pages"}],"about":[{"href":"https:\/\/thailike.es\/ko\/wp-json\/wp\/v2\/types\/page"}],"author":[{"embeddable":true,"href":"https:\/\/thailike.es\/ko\/wp-json\/wp\/v2\/users\/1"}],"replies":[{"embeddable":true,"href":"https:\/\/thailike.es\/ko\/wp-json\/wp\/v2\/comments?post=4772"}],"version-history":[{"count":49,"href":"https:\/\/thailike.es\/ko\/wp-json\/wp\/v2\/pages\/4772\/revisions"}],"predecessor-version":[{"id":7984,"href":"https:\/\/thailike.es\/ko\/wp-json\/wp\/v2\/pages\/4772\/revisions\/7984"}],"wp:attachment":[{"href":"https:\/\/thailike.es\/ko\/wp-json\/wp\/v2\/media?parent=4772"}],"curies":[{"name":"\uc6cc\ub4dc\ud504\ub808\uc2a4","href":"https:\/\/api.w.org\/{rel}","templated":true}]}}