{"id":3863,"date":"2021-04-13T15:19:19","date_gmt":"2021-04-13T08:19:19","guid":{"rendered":"http:\/\/thailike.es\/?page_id=3863"},"modified":"2022-11-21T15:58:49","modified_gmt":"2022-11-21T08:58:49","slug":"%ed%83%9c%ea%b5%ad-%ec%9d%b4%ec%95%bc%ea%b8%b0","status":"publish","type":"page","link":"https:\/\/thailike.es\/ko\/historias-de-tailandia\/","title":{"rendered":"\uc2a4\ud1a0\ub9ac"},"content":{"rendered":"<h2 class=\"has-text-align-center wp-block-heading\">\ub2e8\ud3b8 \uc18c\uc124\uc744 \ud1b5\ud574 \ud0dc\uad6d\uc744 \ubc1c\uacac\ud558\uc138\uc694<\/h2>\n\n\n\n<ul class=\"wp-block-list\">\n<li>\uc6b0\ub9ac\ub294 \uba40\ub9ac \ub5a8\uc5b4\uc9c4 \ub098\ub77c\uc5d0 \uad00\uc2ec\uc774 \uc788\ub294 \uc774\uc720\ub97c \uc5b4\ub5bb\uac8c \uc54c \uc218 \uc788\uc744\uae4c?<\/li>\n\n\n\n<li>\uc6b0\ub9ac\ub294 \uc5b4\ub5bb\uac8c \uadf8 \ub098\ub77c\uc5d0\uc11c \uc6b0\ub9ac\uc758 \ucde8\ud5a5\uacfc \ucde8\ubbf8\ub97c \ucc3e\uc744 \uc218 \uc788\uc744\uae4c? <\/li>\n\n\n\n<li>\uc6b0\ub9ac\ub294 \uc5b4\ub5bb\uac8c \uacbd\ud5d8\uc744 \uad6c\uc131\ud558\ub098\uc694? <\/li>\n<\/ul>\n\n\n\n<p>\uc5ec\ub7ec\ubd84\uc740 \uc544\ub9c8\ub3c4 \uc720\uc6a9\ud558\uace0 \ud765\ubbf8\ub85c\uc6b4 \uc815\ubcf4\uac00 \uac00\ub4dd\ud55c \ub2e4\uc591\ud55c \ube14\ub85c\uadf8\ub97c \ud655\uc778\ud558\ub294 \ub370 \ub9ce\uc740 \uc2dc\uac04\uc744 \ubcf4\ub0c8\uc744 \uac83\uc785\ub2c8\ub2e4. \ud558\uc9c0\ub9cc \uc2e4\uc81c\ub85c \uadf8\uacf3\uc774 \uc5b4\ub5a4 \uacf3\uc778\uc9c0 \uc54c\uc544\ub0b4\uae30 \uc704\ud574 YouTube\uc5d0 \uac00\uc11c \uc601\uc0c1\uc744 \ubcf4\uac70\ub098 \uc774\ubbf8\uc9c0 \uac80\uc0c9\uc744 \ud588\uc744 \uac83\uc785\ub2c8\ub2e4.<\/p>\n\n\n\n<p><a href=\"http:\/\/thailike.es\/ko\/histoias-de-tailandia\/\">\ud0dc\uad6d \uc2a4\ud1a0\ub9ac \uc139\uc158\uc744 \ubc29\ubb38\ud558\uc138\uc694<\/a> \uc774\uac83\uc740 \uc5ec\ub7ec\ubd84\uc5d0\uac8c \uc774 \ub098\ub77c\ub97c \ubcf4\uc5ec\uc8fc\ub294 \uac00\uc7a5 \uac04\ub2e8\ud558\uace0 \uc2dc\uac01\uc801\uc778 \ubc29\ubc95\uc785\ub2c8\ub2e4.<\/p>\n\n\n\n<figure class=\"wp-block-gallery has-nested-images columns-default is-cropped wp-block-gallery-1 is-layout-flex wp-block-gallery-is-layout-flex\">\n<figure class=\"wp-block-image size-large is-style-default\"><img decoding=\"async\" width=\"1024\" height=\"683\" data-id=\"4867\" src=\"http:\/\/thailike.es\/wp-content\/uploads\/2022\/05\/VARIADO3-1024x683.jpg\" alt=\"\" class=\"wp-image-4867\" srcset=\"https:\/\/thailike.es\/wp-content\/uploads\/2022\/05\/VARIADO3-1024x683.jpg 1024w, https:\/\/thailike.es\/wp-content\/uploads\/2022\/05\/VARIADO3-300x200.jpg 300w, https:\/\/thailike.es\/wp-content\/uploads\/2022\/05\/VARIADO3-768x512.jpg 768w, https:\/\/thailike.es\/wp-content\/uploads\/2022\/05\/VARIADO3-1536x1024.jpg 1536w, https:\/\/thailike.es\/wp-content\/uploads\/2022\/05\/VARIADO3-2048x1365.jpg 2048w, https:\/\/thailike.es\/wp-content\/uploads\/2022\/05\/VARIADO3-18x12.jpg 18w, https:\/\/thailike.es\/wp-content\/uploads\/2022\/05\/VARIADO3-272x182.jpg 272w\" sizes=\"(max-width: 1024px) 100vw, 1024px\" \/><\/figure>\n\n\n\n<figure class=\"wp-block-image size-large is-style-default\"><img decoding=\"async\" width=\"1024\" height=\"635\" data-id=\"4865\" src=\"http:\/\/thailike.es\/wp-content\/uploads\/2022\/05\/VARIADO1-1024x635.jpg\" alt=\"\" class=\"wp-image-4865\" srcset=\"https:\/\/thailike.es\/wp-content\/uploads\/2022\/05\/VARIADO1-1024x635.jpg 1024w, https:\/\/thailike.es\/wp-content\/uploads\/2022\/05\/VARIADO1-300x186.jpg 300w, https:\/\/thailike.es\/wp-content\/uploads\/2022\/05\/VARIADO1-768x476.jpg 768w, https:\/\/thailike.es\/wp-content\/uploads\/2022\/05\/VARIADO1-1536x953.jpg 1536w, https:\/\/thailike.es\/wp-content\/uploads\/2022\/05\/VARIADO1-2048x1271.jpg 2048w, https:\/\/thailike.es\/wp-content\/uploads\/2022\/05\/VARIADO1-18x12.jpg 18w\" sizes=\"(max-width: 1024px) 100vw, 1024px\" \/><\/figure>\n\n\n\n<figure class=\"wp-block-image size-large is-style-default\"><img decoding=\"async\" width=\"1024\" height=\"683\" data-id=\"4866\" src=\"http:\/\/thailike.es\/wp-content\/uploads\/2022\/05\/VARIADO2-1024x683.jpg\" alt=\"\" class=\"wp-image-4866\" srcset=\"https:\/\/thailike.es\/wp-content\/uploads\/2022\/05\/VARIADO2-1024x683.jpg 1024w, https:\/\/thailike.es\/wp-content\/uploads\/2022\/05\/VARIADO2-300x200.jpg 300w, https:\/\/thailike.es\/wp-content\/uploads\/2022\/05\/VARIADO2-768x512.jpg 768w, https:\/\/thailike.es\/wp-content\/uploads\/2022\/05\/VARIADO2-1536x1024.jpg 1536w, https:\/\/thailike.es\/wp-content\/uploads\/2022\/05\/VARIADO2-2048x1365.jpg 2048w, https:\/\/thailike.es\/wp-content\/uploads\/2022\/05\/VARIADO2-18x12.jpg 18w, https:\/\/thailike.es\/wp-content\/uploads\/2022\/05\/VARIADO2-272x182.jpg 272w\" sizes=\"(max-width: 1024px) 100vw, 1024px\" \/><\/figure>\n\n\n\n<figure class=\"wp-block-image size-large is-style-default\"><img decoding=\"async\" width=\"1024\" height=\"724\" data-id=\"4869\" src=\"http:\/\/thailike.es\/wp-content\/uploads\/2022\/05\/3F0A4868-1024x724.jpg\" alt=\"\" class=\"wp-image-4869\" srcset=\"https:\/\/thailike.es\/wp-content\/uploads\/2022\/05\/3F0A4868-1024x724.jpg 1024w, https:\/\/thailike.es\/wp-content\/uploads\/2022\/05\/3F0A4868-300x212.jpg 300w, https:\/\/thailike.es\/wp-content\/uploads\/2022\/05\/3F0A4868-768x543.jpg 768w, https:\/\/thailike.es\/wp-content\/uploads\/2022\/05\/3F0A4868-1536x1086.jpg 1536w, https:\/\/thailike.es\/wp-content\/uploads\/2022\/05\/3F0A4868-18x12.jpg 18w, https:\/\/thailike.es\/wp-content\/uploads\/2022\/05\/3F0A4868-100x70.jpg 100w, https:\/\/thailike.es\/wp-content\/uploads\/2022\/05\/3F0A4868.jpg 1960w\" sizes=\"(max-width: 1024px) 100vw, 1024px\" \/><\/figure>\n\n\n\n<figure class=\"wp-block-image size-large is-style-default\"><img decoding=\"async\" width=\"797\" height=\"1024\" data-id=\"4864\" src=\"http:\/\/thailike.es\/wp-content\/uploads\/2022\/05\/VARIADO4-797x1024.jpg\" alt=\"\" class=\"wp-image-4864\" srcset=\"https:\/\/thailike.es\/wp-content\/uploads\/2022\/05\/VARIADO4-797x1024.jpg 797w, https:\/\/thailike.es\/wp-content\/uploads\/2022\/05\/VARIADO4-234x300.jpg 234w, https:\/\/thailike.es\/wp-content\/uploads\/2022\/05\/VARIADO4-768x986.jpg 768w, https:\/\/thailike.es\/wp-content\/uploads\/2022\/05\/VARIADO4-1196x1536.jpg 1196w, https:\/\/thailike.es\/wp-content\/uploads\/2022\/05\/VARIADO4-1595x2048.jpg 1595w, https:\/\/thailike.es\/wp-content\/uploads\/2022\/05\/VARIADO4-9x12.jpg 9w, https:\/\/thailike.es\/wp-content\/uploads\/2022\/05\/VARIADO4-scaled.jpg 1994w\" sizes=\"(max-width: 797px) 100vw, 797px\" \/><\/figure>\n<\/figure>\n\n\n\n<hr class=\"wp-block-separator has-css-opacity is-style-wide\"\/>\n\n\n\n<div style=\"height:52px\" aria-hidden=\"true\" class=\"wp-block-spacer\"><\/div>\n\n\n\n<div class=\"wp-block-columns is-layout-flex wp-container-core-columns-is-layout-9d6595d7 wp-block-columns-is-layout-flex\">\n<div class=\"wp-block-column is-layout-flow wp-block-column-is-layout-flow\">\n<p>\uadf8\ub798\uc11c \uc544\ub984\ub2e4\uc6b4 \ub098\ub77c\ub97c \uc0c9\ub2e4\ub978 \ubc29\uc2dd\uc73c\ub85c \uc18c\uac1c\ud560 \ud544\uc694\uac00 \uc788\uc5c8\uc2b5\ub2c8\ub2e4. \uadf8 \ub098\ub77c\ub9cc\uc758 \ub9e4\ub825, \uadf8 \uc5ec\ud589, \uadf8 \uc2dc\uc7a5\uc5d0 \ud479 \ube60\uc9c8 \uc218 \uc788\ub3c4\ub85d \uc601\uc0c1\uacfc \uc2dc\uac01 \ucf58\ud150\uce20\ub97c \uc6b0\uc120\uc2dc\ud558\ub294 \uac83\uc774 \uc911\uc694\ud588\uc2b5\ub2c8\ub2e4. <\/p>\n\n\n\n<p>\uc6b0\ub9ac\uac00 \ub4e4\ub824\ub4dc\ub9ac\ub294 \uc774\uc57c\uae30\ub294 \uc7a5\uc18c\uac00 \uc544\ub2cc \ub9c8\uc74c\uc758 \uc0c1\ud0dc\ub97c \ubb18\uc0ac\ud569\ub2c8\ub2e4. <\/p>\n<\/div>\n\n\n\n<div class=\"wp-block-column is-layout-flow wp-block-column-is-layout-flow\">\n<figure class=\"wp-block-embed is-type-video is-provider-youtube wp-block-embed-youtube wp-embed-aspect-16-9 wp-has-aspect-ratio\"><div class=\"wp-block-embed__wrapper\">\n<iframe title=\"&quot;&quot;\ucf58\uae6c \ud0d0\ud5d8: \uae38\uac70\ub9ac \uc74c\uc2dd, \uc1fc\ud551, \ud0dc\uad6d \ubb38\ud654\ub97c \uc990\uae30\ub294 \uc5ec\uc720\ub85c\uc6b4 \ud558\ub8e8&quot;&quot;\" width=\"819\" height=\"461\" src=\"https:\/\/www.youtube.com\/embed\/FaC029uh8js?feature=oembed\" frameborder=\"0\" allow=\"accelerometer; autoplay; clipboard-write; encrypted-media; gyroscope; picture-in-picture; web-share\" referrerpolicy=\"strict-origin-when-cross-origin\" allowfullscreen><\/iframe>\n<\/div><\/figure>\n<\/div>\n<\/div>\n\n\n\n<p>\uc5ec\uae30 &quot;\uc774\uc57c\uae30\ub4e4&quot;\uc774 \uc788\uc2b5\ub2c8\ub2e4. \uc9e7\uc740 \uc2dc\uccad\uac01 \uc790\ub8cc\uc640 \ub2e4\uc591\ud55c \uac10\uc815 \uc0c1\ud0dc\ub97c \ud1b5\ud574 \uacbd\ud5d8\uc744 \uc774\uc57c\uae30\ud558\ub294 \ud14d\uc2a4\ud2b8\uac00 \ud568\uaed8 \uc81c\uacf5\ub429\ub2c8\ub2e4. \ud55c \ub098\ub77c\ub97c \ubcf4\uace0 \ub290\ub07c\ub294 \ub370\ub294 \ub2e8 \ud558\ub098\uc758 \ubc29\ubc95\ub9cc \uc788\ub294 \uac83\uc774 \uc544\ub2c8\uae30 \ub54c\ubb38\uc785\ub2c8\ub2e4.<\/p>\n\n\n\n<div style=\"height:50px\" aria-hidden=\"true\" class=\"wp-block-spacer\"><\/div>\n\n\n\n<div class=\"wp-block-columns is-layout-flex wp-container-core-columns-is-layout-9d6595d7 wp-block-columns-is-layout-flex\">\n<div class=\"wp-block-column is-layout-flow wp-block-column-is-layout-flow\">\n<figure class=\"wp-block-embed is-type-video is-provider-youtube wp-block-embed-youtube wp-embed-aspect-16-9 wp-has-aspect-ratio\"><div class=\"wp-block-embed__wrapper\">\n<iframe title=\"\ud83d\udc12 \ud0dc\uad6d\uc758 \ub9c8\uce74\ud06c \ud83c\uddf9\ud83c\udded \ucf54\uc0bc\ud53c \uc0bc\ub9bc \uacf5\uc6d0, \ud0dc\uad6d \uad6d\ub9bd\uacf5\uc6d0.\" width=\"819\" height=\"461\" src=\"https:\/\/www.youtube.com\/embed\/K0F8JjgY66M?feature=oembed\" frameborder=\"0\" allow=\"accelerometer; autoplay; clipboard-write; encrypted-media; gyroscope; picture-in-picture; web-share\" referrerpolicy=\"strict-origin-when-cross-origin\" allowfullscreen><\/iframe>\n<\/div><\/figure>\n<\/div>\n\n\n\n<div class=\"wp-block-column is-layout-flow wp-block-column-is-layout-flow\">\n<p>\uc774 \uc601\uc0c1\uc5d0\uc11c\ub294 \ud0dc\uad6d\uc758 \ub2e4\uc591\ud55c \uc9c0\uc5ed\uc744 \ub2e4\ub8e8\uc9c0\ub9cc, \ubcf4\uc5ec\ub4dc\ub9ac\ub294 \ub3c4\uc2dc\uc5d0\uc11c\ub294 \ud574\ubcc0, \uc2dc\uc7a5, \uad00\uad11 \uba85\uc18c, \uc790\uc5f0 \uacf5\uc6d0 \ub610\ub294 \ud638\uae30\uc2ec\uc744 \ub044\ub294 \uac83\uc5d0 \ucd08\uc810\uc744 \ub9de\ucd98 \uc601\uc0c1\uc744 \ubcf4\uc2e4 \uc218 \uc788\uc2b5\ub2c8\ub2e4.<\/p>\n\n\n\n<p>\uc6b0\ub9ac\ub294 \uc5ec\ub7ec\ubd84\uaed8 \ub9e4\uc6b0 \uae34 \uc601\uc0c1\uc744 \ubcf4\uc5ec\ub4dc\ub9ac\uc9c0 \uc54a\uc744 \uac83\uc785\ub2c8\ub2e4. \uac01 \uc7a5\uc18c\uc5d0\uc11c \ud2b9\uc815\ud55c \ud65c\ub3d9\uc774\ub098 \ubaa8\ud5d8\uc744 \uacbd\ud5d8\ud558\uac8c \ud558\uae38 \uc6d0\ud558\uae30 \ub54c\ubb38\uc785\ub2c8\ub2e4.<\/p>\n<\/div>\n<\/div>\n\n\n\n<div style=\"height:50px\" aria-hidden=\"true\" class=\"wp-block-spacer\"><\/div>\n\n\n\n<div class=\"wp-block-columns is-layout-flex wp-container-core-columns-is-layout-9d6595d7 wp-block-columns-is-layout-flex\">\n<div class=\"wp-block-column is-layout-flow wp-block-column-is-layout-flow\">\n<p>\uc2dc\uac04\uc774 \uc9c0\ub0a8\uc5d0 \ub530\ub77c \uc6b0\ub9ac\ub294 \uc601\uc0c1\uc758 \uc218\uc640 \ubcf4\uc5ec\uc8fc\uace0 \uc2f6\uc740 \uc7a5\uc18c\ub97c \ub298\ub824\uc11c \uc5ec\ub7ec\ubd84\uc774 \ud0dc\uad6d\uc5d0 \uc640\uc11c \ud504\ub85c\ud544\uc744 \ud574\ub2f9 \uad6d\uac00\uc5d0 \ub9de\uac8c \uc870\uc815\ud560 \uc218 \uc788\ub3c4\ub85d \ud560 \uac83\uc785\ub2c8\ub2e4.<\/p>\n\n\n\n<p>\uc2a4\ud1a0\ub9ac \uc678\uc5d0\ub3c4 \ub2e4\uc74c\uc744 \uc0ac\uc6a9\ud560 \uc218 \uc788\uc2b5\ub2c8\ub2e4.<a href=\"http:\/\/thailike.es\/ko\/%ed%83%9c%ea%b5%ad%ec%9d%b4-%ec%97%ac%eb%9f%ac%eb%b6%84%ec%9d%84-%ea%b8%b0%eb%8b%a4%eb%a6%ac%ea%b3%a0-%ec%9e%88%ec%8a%b5%eb%8b%88%eb%8b%a4-%ec%a4%80%eb%b9%84%eb%a5%bc-%ed%95%98%ea%b3%a0-%ed%83%9c\/\" target=\"_blank\" rel=\"noreferrer noopener\"> \uacc4\ud68d<\/a> \uc5ec\ub7ec\ubd84\uc758 \uacbd\ud5d8\uacfc \ud504\ub85c\ud544\uc5d0 \ub9de\ucdb0, \uc6b0\ub9ac\uac00 \uc5ec\uae30\uc11c \uc81c\uacf5\ud558\ub294 \uc720\uc6a9\ud558\uace0 \uad6c\uccb4\uc801\uc774\uba70 \uac04\ub2e8\ud55c \uc815\ubcf4\ub97c \ubc14\ud0d5\uc73c\ub85c \uc5ec\ub7ec\ubd84\ub9cc\uc758 \uc2a4\ud1a0\ub9ac\ub97c \ub9cc\ub4e4\uc5b4\ub0bc \uc218 \uc788\uc2b5\ub2c8\ub2e4.<\/p>\n<\/div>\n\n\n\n<div class=\"wp-block-column is-layout-flow wp-block-column-is-layout-flow\">\n<figure class=\"wp-block-embed is-type-video is-provider-youtube wp-block-embed-youtube wp-embed-aspect-16-9 wp-has-aspect-ratio\"><div class=\"wp-block-embed__wrapper\">\n<iframe title=\"\ud558\uc5d0\uc6b0 \uc218\uc653 \ud3ed\ud3ec, \ud0dc\uad6d\uc758 \uad6d\ub9bd\uacf5\uc6d0 \uc911 \uc77c\ubd80\ub97c \uc0b0\ucc45\ud558\uba70, \uce74\uc624\uc57c\uc774 \uad6d\ub9bd\uacf5\uc6d0\" width=\"819\" height=\"461\" src=\"https:\/\/www.youtube.com\/embed\/MAXPk5bdW-w?feature=oembed\" frameborder=\"0\" allow=\"accelerometer; autoplay; clipboard-write; encrypted-media; gyroscope; picture-in-picture; web-share\" referrerpolicy=\"strict-origin-when-cross-origin\" allowfullscreen><\/iframe>\n<\/div><\/figure>\n<\/div>\n<\/div>\n\n\n\n<div class=\"wp-block-columns is-layout-flex wp-container-core-columns-is-layout-9d6595d7 wp-block-columns-is-layout-flex\">\n<div class=\"wp-block-column is-layout-flow wp-block-column-is-layout-flow\"><\/div>\n\n\n\n<div class=\"wp-block-column is-layout-flow wp-block-column-is-layout-flow\">\n<figure class=\"wp-block-image size-large is-style-default\"><a href=\"http:\/\/thailike.es\/ko\/%ec%97%b0%eb%9d%bd%ed%95%98%eb%8b%a4\/\"><img decoding=\"async\" width=\"1024\" height=\"576\" src=\"http:\/\/thailike.es\/wp-content\/uploads\/2022\/05\/contacta-2-1024x576.jpg\" alt=\"\" class=\"wp-image-5003\" srcset=\"https:\/\/thailike.es\/wp-content\/uploads\/2022\/05\/contacta-2-1024x576.jpg 1024w, https:\/\/thailike.es\/wp-content\/uploads\/2022\/05\/contacta-2-300x169.jpg 300w, https:\/\/thailike.es\/wp-content\/uploads\/2022\/05\/contacta-2-768x432.jpg 768w, https:\/\/thailike.es\/wp-content\/uploads\/2022\/05\/contacta-2-1536x864.jpg 1536w, https:\/\/thailike.es\/wp-content\/uploads\/2022\/05\/contacta-2-18x10.jpg 18w, https:\/\/thailike.es\/wp-content\/uploads\/2022\/05\/contacta-2.jpg 1920w\" sizes=\"(max-width: 1024px) 100vw, 1024px\" \/><\/a><\/figure>\n<\/div>\n\n\n\n<div class=\"wp-block-column is-layout-flow wp-block-column-is-layout-flow\"><\/div>\n<\/div>\n\n\n\n<div class=\"wp-block-columns is-layout-flex wp-container-core-columns-is-layout-9d6595d7 wp-block-columns-is-layout-flex\">\n<div class=\"wp-block-column is-layout-flow wp-block-column-is-layout-flow\">\n<p><\/p>\n<\/div>\n<\/div>\n\n\n\n<hr class=\"wp-block-separator has-css-opacity is-style-wide\"\/>\n\n\n\n<p><\/p>","protected":false},"excerpt":{"rendered":"<p>Conoce Tailandia a trav\u00e9s de peque\u00f1as historias Seguro que has invertido mucho tiempo revisando diferentes blogs con mucha informaci\u00f3n muy \u00fatil e interesante, pero te [&hellip;]<\/p>\n","protected":false},"author":1,"featured_media":3934,"parent":0,"menu_order":0,"comment_status":"closed","ping_status":"closed","template":"","meta":{"_acf_changed":false,"footnotes":""},"class_list":["post-3863","page","type-page","status-publish","has-post-thumbnail","hentry"],"acf":[],"yoast_head":"<!-- This site is optimized with the Yoast SEO plugin v27.5 - https:\/\/yoast.com\/product\/yoast-seo-wordpress\/ -->\n<title>Historias de Tailandia.Aqu\u00ed veras videos de este pa\u00eds para conocerlo mejor<\/title>\n<meta name=\"description\" content=\"A trav\u00e9s de estas historias, conocer\u00e1s Tailandia de otra forma, mas intima y cercana. Con prioridad a los contenidos de video.\" \/>\n<meta name=\"robots\" content=\"index, follow, max-snippet:-1, max-image-preview:large, max-video-preview:-1\" \/>\n<link rel=\"canonical\" href=\"https:\/\/thailike.es\/ko\/\ud0dc\uad6d-\uc774\uc57c\uae30\/\" \/>\n<meta property=\"og:locale\" content=\"ko_KR\" \/>\n<meta property=\"og:type\" content=\"article\" \/>\n<meta property=\"og:title\" content=\"Historias de Tailandia.Aqu\u00ed veras videos de este pa\u00eds para conocerlo mejor\" \/>\n<meta property=\"og:description\" content=\"A trav\u00e9s de estas historias, conocer\u00e1s Tailandia de otra forma, mas intima y cercana. Con prioridad a los contenidos de video.\" \/>\n<meta property=\"og:url\" content=\"https:\/\/thailike.es\/ko\/\ud0dc\uad6d-\uc774\uc57c\uae30\/\" \/>\n<meta property=\"article:modified_time\" content=\"2022-11-21T08:58:49+00:00\" \/>\n<meta property=\"og:image\" content=\"https:\/\/thailike.es\/wp-content\/uploads\/2021\/05\/Holistic-Nature-Herbal-Medicine-Logo-2.png\" \/>\n\t<meta property=\"og:image:width\" content=\"500\" \/>\n\t<meta property=\"og:image:height\" content=\"500\" \/>\n\t<meta property=\"og:image:type\" content=\"image\/png\" \/>\n<meta name=\"twitter:card\" content=\"summary_large_image\" \/>\n<meta name=\"twitter:label1\" content=\"\uc608\uc0c1 \ub418\ub294 \ud310\ub3c5 \uc2dc\uac04\" \/>\n\t<meta name=\"twitter:data1\" content=\"3\ubd84\" \/>\n<script type=\"application\/ld+json\" class=\"yoast-schema-graph\">{\"@context\":\"https:\\\/\\\/schema.org\",\"@graph\":[{\"@type\":\"WebPage\",\"@id\":\"https:\\\/\\\/thailike.es\\\/historias-de-tailandia\\\/\",\"url\":\"https:\\\/\\\/thailike.es\\\/historias-de-tailandia\\\/\",\"name\":\"Historias de Tailandia.Aqu\u00ed veras videos de este pa\u00eds para conocerlo mejor\",\"isPartOf\":{\"@id\":\"https:\\\/\\\/thailike.es\\\/#website\"},\"primaryImageOfPage\":{\"@id\":\"https:\\\/\\\/thailike.es\\\/historias-de-tailandia\\\/#primaryimage\"},\"image\":{\"@id\":\"https:\\\/\\\/thailike.es\\\/historias-de-tailandia\\\/#primaryimage\"},\"thumbnailUrl\":\"https:\\\/\\\/thailike.es\\\/wp-content\\\/uploads\\\/2021\\\/05\\\/Holistic-Nature-Herbal-Medicine-Logo-2.png\",\"datePublished\":\"2021-04-13T08:19:19+00:00\",\"dateModified\":\"2022-11-21T08:58:49+00:00\",\"description\":\"A trav\u00e9s de estas historias, conocer\u00e1s Tailandia de otra forma, mas intima y cercana. Con prioridad a los contenidos de video.\",\"breadcrumb\":{\"@id\":\"https:\\\/\\\/thailike.es\\\/historias-de-tailandia\\\/#breadcrumb\"},\"inLanguage\":\"ko-KR\",\"potentialAction\":[{\"@type\":\"ReadAction\",\"target\":[\"https:\\\/\\\/thailike.es\\\/historias-de-tailandia\\\/\"]}]},{\"@type\":\"ImageObject\",\"inLanguage\":\"ko-KR\",\"@id\":\"https:\\\/\\\/thailike.es\\\/historias-de-tailandia\\\/#primaryimage\",\"url\":\"https:\\\/\\\/thailike.es\\\/wp-content\\\/uploads\\\/2021\\\/05\\\/Holistic-Nature-Herbal-Medicine-Logo-2.png\",\"contentUrl\":\"https:\\\/\\\/thailike.es\\\/wp-content\\\/uploads\\\/2021\\\/05\\\/Holistic-Nature-Herbal-Medicine-Logo-2.png\",\"width\":500,\"height\":500},{\"@type\":\"BreadcrumbList\",\"@id\":\"https:\\\/\\\/thailike.es\\\/historias-de-tailandia\\\/#breadcrumb\",\"itemListElement\":[{\"@type\":\"ListItem\",\"position\":1,\"name\":\"Home\",\"item\":\"https:\\\/\\\/thailike.es\\\/\"},{\"@type\":\"ListItem\",\"position\":2,\"name\":\"Historias\"}]},{\"@type\":\"WebSite\",\"@id\":\"https:\\\/\\\/thailike.es\\\/#website\",\"url\":\"https:\\\/\\\/thailike.es\\\/\",\"name\":\"www.thailike.es\",\"description\":\"Conoce Tailandia\",\"publisher\":{\"@id\":\"https:\\\/\\\/thailike.es\\\/#\\\/schema\\\/person\\\/d7b4c0c202f07c03c6f52ee0706271b1\"},\"potentialAction\":[{\"@type\":\"SearchAction\",\"target\":{\"@type\":\"EntryPoint\",\"urlTemplate\":\"https:\\\/\\\/thailike.es\\\/?s={search_term_string}\"},\"query-input\":{\"@type\":\"PropertyValueSpecification\",\"valueRequired\":true,\"valueName\":\"search_term_string\"}}],\"inLanguage\":\"ko-KR\"},{\"@type\":[\"Person\",\"Organization\"],\"@id\":\"https:\\\/\\\/thailike.es\\\/#\\\/schema\\\/person\\\/d7b4c0c202f07c03c6f52ee0706271b1\",\"name\":\"MIGUEL ANGEL\",\"image\":{\"@type\":\"ImageObject\",\"inLanguage\":\"ko-KR\",\"@id\":\"https:\\\/\\\/thailike.es\\\/wp-content\\\/litespeed\\\/avatar\\\/44bf16d57539b37fd945fc4f58e2b252.jpg?ver=1776964903\",\"url\":\"https:\\\/\\\/thailike.es\\\/wp-content\\\/litespeed\\\/avatar\\\/44bf16d57539b37fd945fc4f58e2b252.jpg?ver=1776964903\",\"contentUrl\":\"https:\\\/\\\/thailike.es\\\/wp-content\\\/litespeed\\\/avatar\\\/44bf16d57539b37fd945fc4f58e2b252.jpg?ver=1776964903\",\"caption\":\"MIGUEL ANGEL\"},\"logo\":{\"@id\":\"https:\\\/\\\/thailike.es\\\/wp-content\\\/litespeed\\\/avatar\\\/44bf16d57539b37fd945fc4f58e2b252.jpg?ver=1776964903\"},\"sameAs\":[\"http:\\\/\\\/thailike.es\",\"https:\\\/\\\/www.youtube.com\\\/channel\\\/UClOY3ZuuzFGZmDVH-yoILQA\"]}]}<\/script>\n<!-- \/ Yoast SEO plugin. -->","yoast_head_json":{"title":"\ud0dc\uad6d \uc774\uc57c\uae30. \ud0dc\uad6d\uc5d0 \ub300\ud55c \uc601\uc0c1\uc744 \ud1b5\ud574 \ud0dc\uad6d\uc744 \ub354 \uc790\uc138\ud788 \uc54c\uc544\ubcf4\uc138\uc694.","description":"\uc774 \uc774\uc57c\uae30\ub4e4\uc744 \ud1b5\ud574 \ud0dc\uad6d\uc744 \ub354\uc6b1 \ud2b9\ubcc4\ud558\uace0 \uce5c\ubc00\ud558\uba70 \uac1c\uc778\uc801\uc778 \ubc29\uc2dd\uc73c\ub85c \uacbd\ud5d8\ud558\uac8c \ub420 \uac83\uc785\ub2c8\ub2e4. \uc601\uc0c1 \ucf58\ud150\uce20\uac00 \uc8fc\uc694 \ub0b4\uc6a9\uc785\ub2c8\ub2e4.","robots":{"index":"index","follow":"follow","max-snippet":"max-snippet:-1","max-image-preview":"max-image-preview:large","max-video-preview":"max-video-preview:-1"},"canonical":"https:\/\/thailike.es\/ko\/\ud0dc\uad6d-\uc774\uc57c\uae30\/","og_locale":"ko_KR","og_type":"article","og_title":"Historias de Tailandia.Aqu\u00ed veras videos de este pa\u00eds para conocerlo mejor","og_description":"A trav\u00e9s de estas historias, conocer\u00e1s Tailandia de otra forma, mas intima y cercana. Con prioridad a los contenidos de video.","og_url":"https:\/\/thailike.es\/ko\/\ud0dc\uad6d-\uc774\uc57c\uae30\/","article_modified_time":"2022-11-21T08:58:49+00:00","og_image":[{"width":500,"height":500,"url":"https:\/\/thailike.es\/wp-content\/uploads\/2021\/05\/Holistic-Nature-Herbal-Medicine-Logo-2.png","type":"image\/png"}],"twitter_card":"summary_large_image","twitter_misc":{"\uc608\uc0c1 \ub418\ub294 \ud310\ub3c5 \uc2dc\uac04":"3\ubd84"},"schema":{"@context":"https:\/\/schema.org","@graph":[{"@type":"WebPage","@id":"https:\/\/thailike.es\/historias-de-tailandia\/","url":"https:\/\/thailike.es\/historias-de-tailandia\/","name":"\ud0dc\uad6d \uc774\uc57c\uae30. \ud0dc\uad6d\uc5d0 \ub300\ud55c \uc601\uc0c1\uc744 \ud1b5\ud574 \ud0dc\uad6d\uc744 \ub354 \uc790\uc138\ud788 \uc54c\uc544\ubcf4\uc138\uc694.","isPartOf":{"@id":"https:\/\/thailike.es\/#website"},"primaryImageOfPage":{"@id":"https:\/\/thailike.es\/historias-de-tailandia\/#primaryimage"},"image":{"@id":"https:\/\/thailike.es\/historias-de-tailandia\/#primaryimage"},"thumbnailUrl":"https:\/\/thailike.es\/wp-content\/uploads\/2021\/05\/Holistic-Nature-Herbal-Medicine-Logo-2.png","datePublished":"2021-04-13T08:19:19+00:00","dateModified":"2022-11-21T08:58:49+00:00","description":"\uc774 \uc774\uc57c\uae30\ub4e4\uc744 \ud1b5\ud574 \ud0dc\uad6d\uc744 \ub354\uc6b1 \ud2b9\ubcc4\ud558\uace0 \uce5c\ubc00\ud558\uba70 \uac1c\uc778\uc801\uc778 \ubc29\uc2dd\uc73c\ub85c \uacbd\ud5d8\ud558\uac8c \ub420 \uac83\uc785\ub2c8\ub2e4. \uc601\uc0c1 \ucf58\ud150\uce20\uac00 \uc8fc\uc694 \ub0b4\uc6a9\uc785\ub2c8\ub2e4.","breadcrumb":{"@id":"https:\/\/thailike.es\/historias-de-tailandia\/#breadcrumb"},"inLanguage":"ko-KR","potentialAction":[{"@type":"ReadAction","target":["https:\/\/thailike.es\/historias-de-tailandia\/"]}]},{"@type":"ImageObject","inLanguage":"ko-KR","@id":"https:\/\/thailike.es\/historias-de-tailandia\/#primaryimage","url":"https:\/\/thailike.es\/wp-content\/uploads\/2021\/05\/Holistic-Nature-Herbal-Medicine-Logo-2.png","contentUrl":"https:\/\/thailike.es\/wp-content\/uploads\/2021\/05\/Holistic-Nature-Herbal-Medicine-Logo-2.png","width":500,"height":500},{"@type":"BreadcrumbList","@id":"https:\/\/thailike.es\/historias-de-tailandia\/#breadcrumb","itemListElement":[{"@type":"ListItem","position":1,"name":"Home","item":"https:\/\/thailike.es\/"},{"@type":"ListItem","position":2,"name":"Historias"}]},{"@type":"WebSite","@id":"https:\/\/thailike.es\/#website","url":"https:\/\/thailike.es\/","name":"www.thailike.es","description":"\ud0dc\uad6d\uc744 \ubc1c\uacac\ud558\uc138\uc694","publisher":{"@id":"https:\/\/thailike.es\/#\/schema\/person\/d7b4c0c202f07c03c6f52ee0706271b1"},"potentialAction":[{"@type":"SearchAction","target":{"@type":"EntryPoint","urlTemplate":"https:\/\/thailike.es\/?s={search_term_string}"},"query-input":{"@type":"PropertyValueSpecification","valueRequired":true,"valueName":"search_term_string"}}],"inLanguage":"ko-KR"},{"@type":["Person","Organization"],"@id":"https:\/\/thailike.es\/#\/schema\/person\/d7b4c0c202f07c03c6f52ee0706271b1","name":"\ubbf8\uad6c\uc5d8 \uc559\ud5ec","image":{"@type":"ImageObject","inLanguage":"ko-KR","@id":"https:\/\/thailike.es\/wp-content\/litespeed\/avatar\/44bf16d57539b37fd945fc4f58e2b252.jpg?ver=1776964903","url":"https:\/\/thailike.es\/wp-content\/litespeed\/avatar\/44bf16d57539b37fd945fc4f58e2b252.jpg?ver=1776964903","contentUrl":"https:\/\/thailike.es\/wp-content\/litespeed\/avatar\/44bf16d57539b37fd945fc4f58e2b252.jpg?ver=1776964903","caption":"MIGUEL ANGEL"},"logo":{"@id":"https:\/\/thailike.es\/wp-content\/litespeed\/avatar\/44bf16d57539b37fd945fc4f58e2b252.jpg?ver=1776964903"},"sameAs":["http:\/\/thailike.es","https:\/\/www.youtube.com\/channel\/UClOY3ZuuzFGZmDVH-yoILQA"]}]}},"_links":{"self":[{"href":"https:\/\/thailike.es\/ko\/wp-json\/wp\/v2\/pages\/3863","targetHints":{"allow":["GET"]}}],"collection":[{"href":"https:\/\/thailike.es\/ko\/wp-json\/wp\/v2\/pages"}],"about":[{"href":"https:\/\/thailike.es\/ko\/wp-json\/wp\/v2\/types\/page"}],"author":[{"embeddable":true,"href":"https:\/\/thailike.es\/ko\/wp-json\/wp\/v2\/users\/1"}],"replies":[{"embeddable":true,"href":"https:\/\/thailike.es\/ko\/wp-json\/wp\/v2\/comments?post=3863"}],"version-history":[{"count":40,"href":"https:\/\/thailike.es\/ko\/wp-json\/wp\/v2\/pages\/3863\/revisions"}],"predecessor-version":[{"id":5813,"href":"https:\/\/thailike.es\/ko\/wp-json\/wp\/v2\/pages\/3863\/revisions\/5813"}],"wp:featuredmedia":[{"embeddable":true,"href":"https:\/\/thailike.es\/ko\/wp-json\/wp\/v2\/media\/3934"}],"wp:attachment":[{"href":"https:\/\/thailike.es\/ko\/wp-json\/wp\/v2\/media?parent=3863"}],"curies":[{"name":"\uc6cc\ub4dc\ud504\ub808\uc2a4","href":"https:\/\/api.w.org\/{rel}","templated":true}]}}