{"id":4790,"date":"2022-05-02T14:45:28","date_gmt":"2022-05-02T07:45:28","guid":{"rendered":"http:\/\/thailike.es\/?page_id=4790"},"modified":"2025-01-26T11:59:51","modified_gmt":"2025-01-26T04:59:51","slug":"hierba-limon-o-lemon-grass","status":"publish","type":"page","link":"https:\/\/thailike.es\/es\/hierba-limon-o-lemon-grass\/","title":{"rendered":"Hierba Lim\u00f3n o lemon grass"},"content":{"rendered":"\n<div class=\"wp-block-getwid-advanced-heading has-custom-font-size\" style=\"font-size:26px\"><span class=\"wp-block-getwid-advanced-heading__content has-text-color has-vivid-cyan-blue-color has-background has-white-background-color\" style=\"font-family:&quot;AR One Sans&quot;;font-weight:normal\">Hierba Lim\u00f3n o lemon grass<\/span><\/div>\n\n\n\n<div style=\"height:47px\" aria-hidden=\"true\" class=\"wp-block-spacer\"><\/div>\n\n\n\n<div class=\"wp-block-cover is-light\"><span aria-hidden=\"true\" class=\"wp-block-cover__background has-background-dim-0 has-background-dim\"><\/span><video class=\"wp-block-cover__video-background intrinsic-ignore\" autoplay muted loop playsinline src=\"http:\/\/thailike.es\/wp-content\/uploads\/2022\/05\/lemons-grass.mp4\" data-object-fit=\"cover\"><\/video><div class=\"wp-block-cover__inner-container is-layout-flow wp-block-cover-is-layout-flow\">\n<p class=\"has-text-align-center has-large-font-size\"><\/p>\n<\/div><\/div>\n\n\n\n<hr class=\"wp-block-separator has-text-color has-vivid-cyan-blue-color has-alpha-channel-opacity has-vivid-cyan-blue-background-color has-background is-style-wide\"\/>\n\n\n\n<div class=\"wp-block-getwid-advanced-heading has-custom-font-size\" style=\"font-size:26px\"><span class=\"wp-block-getwid-advanced-heading__content has-text-color has-vivid-cyan-blue-color\" style=\"font-family:&quot;AR One Sans&quot;;font-weight:normal\">Caracteristicas<\/span><\/div>\n\n\n\n<div class=\"wp-block-columns is-layout-flex wp-container-core-columns-is-layout-9d6595d7 wp-block-columns-is-layout-flex\">\n<div class=\"wp-block-column is-layout-flow wp-block-column-is-layout-flow\">\n<figure class=\"wp-block-image size-full\"><img decoding=\"async\" width=\"500\" height=\"500\" src=\"https:\/\/thailike.es\/wp-content\/uploads\/2025\/01\/1-5.png\" alt=\"\" class=\"wp-image-7988\" srcset=\"https:\/\/thailike.es\/wp-content\/uploads\/2025\/01\/1-5.png 500w, https:\/\/thailike.es\/wp-content\/uploads\/2025\/01\/1-5-300x300.png 300w, https:\/\/thailike.es\/wp-content\/uploads\/2025\/01\/1-5-150x150.png 150w, https:\/\/thailike.es\/wp-content\/uploads\/2025\/01\/1-5-12x12.png 12w\" sizes=\"(max-width: 500px) 100vw, 500px\" \/><\/figure>\n\n\n\n<figure class=\"wp-block-image size-full\"><img decoding=\"async\" width=\"500\" height=\"500\" src=\"https:\/\/thailike.es\/wp-content\/uploads\/2025\/01\/2-5.png\" alt=\"\" class=\"wp-image-7989\" srcset=\"https:\/\/thailike.es\/wp-content\/uploads\/2025\/01\/2-5.png 500w, https:\/\/thailike.es\/wp-content\/uploads\/2025\/01\/2-5-300x300.png 300w, https:\/\/thailike.es\/wp-content\/uploads\/2025\/01\/2-5-150x150.png 150w, https:\/\/thailike.es\/wp-content\/uploads\/2025\/01\/2-5-12x12.png 12w\" sizes=\"(max-width: 500px) 100vw, 500px\" \/><\/figure>\n<\/div>\n\n\n\n<div class=\"wp-block-column is-layout-flow wp-block-column-is-layout-flow\">\n<p class=\"has-medium-font-size\">El Hierba Lim\u00f3n o lemon grass tiene su origen en la India.  El pasto de lim\u00f3n se usa ampliamente en Asia como hierba, particularmente en Tailandia, Laos, Sri Lanka y en la cocina caribe\u00f1a<\/p>\n\n\n\n<p class=\"has-medium-font-size\">Con su sabor c\u00edtrico pero a la vez un poco picante, se debe usar en peque\u00f1as cantidades.<\/p>\n\n\n\n<p><\/p>\n\n\n\n<p class=\"has-medium-font-size\">CARACTERISTICAS PRINCIPALES<\/p>\n\n\n\n<ul class=\"wp-block-list\">\n<li class=\"has-medium-font-size\">Alivia dolores de cabeza y migra\u00f1a.<\/li>\n\n\n\n<li class=\"has-medium-font-size\">Ayuda sistema cardiovascular.<\/li>\n\n\n\n<li class=\"has-medium-font-size\">Efectos anticonvulsivos: para combatir ansiedad y convulsiones.<\/li>\n\n\n\n<li class=\"has-medium-font-size\">Trata la fiebre ayudando a regular la temperatura corporal.<\/li>\n\n\n\n<li class=\"has-medium-font-size\">Mejora la digesti\u00f3n<\/li>\n\n\n\n<li class=\"has-medium-font-size\">Esta planta tambi\u00e9n es considerada un&nbsp;desintoxicante natural.<\/li>\n\n\n\n<li class=\"has-medium-font-size\">El extracto de hoja de hierba de lim\u00f3n disminuye los&nbsp;niveles de glucosa&nbsp;en la sangre, ayudando contra la&nbsp;diabetes.<\/li>\n<\/ul>\n\n\n\n<p><\/p>\n<\/div>\n<\/div>\n\n\n\n<figure class=\"wp-block-image size-large is-style-default\"><img decoding=\"async\" width=\"1024\" height=\"576\" src=\"https:\/\/thailike.es\/wp-content\/uploads\/2025\/01\/20-1024x576.png\" alt=\"\" class=\"wp-image-7985\" srcset=\"https:\/\/thailike.es\/wp-content\/uploads\/2025\/01\/20-1024x576.png 1024w, https:\/\/thailike.es\/wp-content\/uploads\/2025\/01\/20-300x169.png 300w, https:\/\/thailike.es\/wp-content\/uploads\/2025\/01\/20-768x432.png 768w, https:\/\/thailike.es\/wp-content\/uploads\/2025\/01\/20-1536x864.png 1536w, https:\/\/thailike.es\/wp-content\/uploads\/2025\/01\/20-18x10.png 18w, https:\/\/thailike.es\/wp-content\/uploads\/2025\/01\/20.png 1920w\" sizes=\"(max-width: 1024px) 100vw, 1024px\" \/><\/figure>\n\n\n\n<hr class=\"wp-block-separator has-text-color has-vivid-cyan-blue-color has-alpha-channel-opacity has-vivid-cyan-blue-background-color has-background is-style-wide\"\/>\n\n\n\n<div class=\"wp-block-columns is-layout-flex wp-container-core-columns-is-layout-9d6595d7 wp-block-columns-is-layout-flex\">\n<div class=\"wp-block-column is-layout-flow wp-block-column-is-layout-flow\">\n<pre class=\"wp-block-code\"><code><div id=\"adgshp-329716040\"><\/div>\n<script type=\"text\/javascript\" src=\"\/\/cdn0.agoda.net\/images\/sherpa\/js\/sherpa_init1_08.min.js\"><\/script><script type=\"text\/javascript\">\nvar stg = new Object(); stg.crt=\"731957013409\";stg.version=\"1.04\"; stg.id=stg.name=\"adgshp-329716040\"; stg.width=\"900px\"; stg.height=\"260px\";stg.ReferenceKey=\"XFM344rFX6pgMhTRAdL02w==\"; stg.Layout=\"Oneline\"; stg.Language=\"en-us\";stg.Cid=\"1904972\"; stg.City=\"9395\"; stg.DestinationName=\"Bangkok, Tailandia\";stg.OverideConf=false; new AgdSherpa(stg).initialize();\n<\/script>\n\n<\/code><\/pre>\n<\/div>\n<\/div>\n\n\n\n<hr class=\"wp-block-separator has-text-color has-vivid-cyan-blue-color has-alpha-channel-opacity has-vivid-cyan-blue-background-color has-background is-style-wide\"\/>\n\n\n\n<div class=\"wp-block-columns is-layout-flex wp-container-core-columns-is-layout-9d6595d7 wp-block-columns-is-layout-flex\">\n<div class=\"wp-block-column is-layout-flow wp-block-column-is-layout-flow\">\n<div class=\"wp-block-getwid-advanced-heading has-custom-font-size\" style=\"font-size:26px\"><span class=\"wp-block-getwid-advanced-heading__content has-text-color has-vivid-cyan-blue-color\" style=\"font-family:&quot;AR One Sans&quot;;font-weight:normal\">Curiosidades  <\/span><\/div>\n\n\n\n<p class=\"has-medium-font-size\">Para extraer todo el sabor de la<a href=\"https:\/\/es.wikipedia.org\/wiki\/Cymbopogon\"> hierba<\/a> lim\u00f3n, se recomienda el truco de golpear el bulbo antes de picarlo.<\/p>\n\n\n\n<p class=\"has-medium-font-size\">Es usada como hierba medicinal y en perfumes<\/p>\n\n\n\n<p class=\"has-medium-font-size\">Las hojas secas se usan para hacer infusi\u00f3n de&nbsp;t\u00e9 alim\u00f3nado. Se usa m\u00e1s frecuentemente como t\u00e9 en los pa\u00edses africanos.<\/p>\n\n\n\n<p class=\"has-medium-font-size\">Casa bien con el ajo, la galanda, la cebolla, la c\u00farcuma, el&nbsp;jengibre el pollo, el cerdo, el pescado y el chile.<\/p>\n\n\n\n<p class=\"has-medium-font-size\">Tiene principios repelentes que pueden servir para ahuyentar insectos, sobre todo los molestos mosquitos.<\/p>\n<\/div>\n\n\n\n<div class=\"wp-block-column is-layout-flow wp-block-column-is-layout-flow\">\n<div class=\"wp-block-columns is-layout-flex wp-container-core-columns-is-layout-9d6595d7 wp-block-columns-is-layout-flex\">\n<div class=\"wp-block-column is-layout-flow wp-block-column-is-layout-flow\">\n<div class=\"wp-block-columns is-layout-flex wp-container-core-columns-is-layout-9d6595d7 wp-block-columns-is-layout-flex\">\n<div class=\"wp-block-column is-layout-flow wp-block-column-is-layout-flow\"><\/div>\n<\/div>\n\n\n\n<p><script src=\"\/\/cdn0.trainbusferry.com\/tools\/form\/es\/?id=4381747&#038;domain=12go.com\" data-one2go=\"4381747\" data-color=\"default\" data-language=\"es\" data-adaptive=\"1\" data-border=\"1\" data-domain=\"12go.com\"><\/script><div id=\"powered\">Powered by <a href=\"https:\/\/12go.com\/?z=4381747\">12Go system<\/a><\/div><\/p>\n<\/div>\n<\/div>\n\n\n\n<figure class=\"wp-block-image size-large\"><a href=\"https:\/\/thailike.es\/mercados-de-comida-y-alimentos-de-tailandia\/\"><img decoding=\"async\" width=\"1024\" height=\"576\" src=\"https:\/\/thailike.es\/wp-content\/uploads\/2025\/01\/mercado-1024x576.png\" alt=\"\" class=\"wp-image-7799\" srcset=\"https:\/\/thailike.es\/wp-content\/uploads\/2025\/01\/mercado-1024x576.png 1024w, https:\/\/thailike.es\/wp-content\/uploads\/2025\/01\/mercado-300x169.png 300w, https:\/\/thailike.es\/wp-content\/uploads\/2025\/01\/mercado-768x432.png 768w, https:\/\/thailike.es\/wp-content\/uploads\/2025\/01\/mercado-1536x864.png 1536w, https:\/\/thailike.es\/wp-content\/uploads\/2025\/01\/mercado-18x10.png 18w, https:\/\/thailike.es\/wp-content\/uploads\/2025\/01\/mercado.png 1920w\" sizes=\"(max-width: 1024px) 100vw, 1024px\" \/><\/a><figcaption class=\"wp-element-caption\">Mercados de Tailandia <\/figcaption><\/figure>\n<\/div>\n<\/div>\n\n\n\n<div class=\"wp-block-columns is-layout-flex wp-container-core-columns-is-layout-9d6595d7 wp-block-columns-is-layout-flex\">\n<div class=\"wp-block-column is-layout-flow wp-block-column-is-layout-flow\">\n<p><!DOCTYPE html>\n<html lang=\"en\">\n<head>\n    <meta charset=\"UTF-8\">\n    <meta name=\"viewport\" content=\"width=device-width, initial-scale=1.0\">\n    <title>Video con Estilo<\/title>\n    <style>\n        .video-container {\n            background-color: #ffffff;\n            padding: 20px;\n            border-radius: 15px;\n            box-shadow: 0 4px 10px rgba(0, 0, 0, 0.2);\n            max-width: 560px;\n            width: 100%;\n            box-sizing: border-box;\n            margin: 0 auto;\n        }\n        .video-container iframe {\n            width: 100%;\n            height: 315px;\n            border: none;\n            border-radius: 10px;\n            display: block;\n        }\n    <\/style>\n<\/head>\n<body>\n    <div class=\"video-container\">\n        <iframe \n            src=\"https:\/\/www.youtube.com\/embed\/uCb2iyIs2BI\" \n            title=\"YouTube video player\" \n            allow=\"accelerometer; autoplay; clipboard-write; encrypted-media; gyroscope; picture-in-picture\" \n            allowfullscreen>\n        <\/iframe>\n    <\/div>\n<\/body>\n<\/html>\n<\/p>\n\n\n\n<div class=\"wp-block-columns is-layout-flex wp-container-core-columns-is-layout-9d6595d7 wp-block-columns-is-layout-flex\">\n<div class=\"wp-block-column is-layout-flow wp-block-column-is-layout-flow\">\n<hr class=\"wp-block-separator has-text-color has-vivid-cyan-blue-color has-alpha-channel-opacity has-vivid-cyan-blue-background-color has-background is-style-wide\"\/>\n<\/div>\n<\/div>\n\n\n<div class=\"wp-block-image\">\n<figure class=\"aligncenter size-full is-resized\"><img decoding=\"async\" width=\"499\" height=\"95\" src=\"https:\/\/thailike.es\/wp-content\/uploads\/2025\/01\/Ven-a-descubrir-Tailandia-499-x-95-px-499-x-95-px.png\" alt=\"\" class=\"wp-image-7889\" style=\"width:373px;height:auto\" srcset=\"https:\/\/thailike.es\/wp-content\/uploads\/2025\/01\/Ven-a-descubrir-Tailandia-499-x-95-px-499-x-95-px.png 499w, https:\/\/thailike.es\/wp-content\/uploads\/2025\/01\/Ven-a-descubrir-Tailandia-499-x-95-px-499-x-95-px-300x57.png 300w, https:\/\/thailike.es\/wp-content\/uploads\/2025\/01\/Ven-a-descubrir-Tailandia-499-x-95-px-499-x-95-px-18x3.png 18w\" sizes=\"(max-width: 499px) 100vw, 499px\" \/><\/figure>\n<\/div><\/div>\n<\/div>\n","protected":false},"excerpt":{"rendered":"<p>En nuestro blog te contamos muchas cosas, de variados temas, tanto de gastronom\u00eda, productos, historias, mercados y mucho mas<\/p>\n","protected":false},"author":1,"featured_media":0,"parent":0,"menu_order":0,"comment_status":"closed","ping_status":"closed","template":"","meta":{"_acf_changed":false,"footnotes":""},"class_list":["post-4790","page","type-page","status-publish","hentry"],"acf":[],"yoast_head":"<!-- This site is optimized with the Yoast SEO plugin v27.4 - https:\/\/yoast.com\/product\/yoast-seo-wordpress\/ -->\n<title>Hierba Lim\u00f3n o lemon grass -<\/title>\n<meta name=\"description\" content=\"La Hierba Lim\u00f3n o lemon grass, es un condimento muy usado en la comida tailandesa por el sabor que aporta en caldos y otras comidas.\" \/>\n<meta name=\"robots\" content=\"index, follow, max-snippet:-1, max-image-preview:large, max-video-preview:-1\" \/>\n<link rel=\"canonical\" href=\"https:\/\/thailike.es\/es\/hierba-limon-o-lemon-grass\/\" \/>\n<meta property=\"og:locale\" content=\"es_ES\" \/>\n<meta property=\"og:type\" content=\"article\" \/>\n<meta property=\"og:title\" content=\"Hierba Lim\u00f3n o lemon grass -\" \/>\n<meta property=\"og:description\" content=\"La Hierba Lim\u00f3n o lemon grass, es un condimento muy usado en la comida tailandesa por el sabor que aporta en caldos y otras comidas.\" \/>\n<meta property=\"og:url\" content=\"https:\/\/thailike.es\/es\/hierba-limon-o-lemon-grass\/\" \/>\n<meta property=\"article:modified_time\" content=\"2025-01-26T04:59:51+00:00\" \/>\n<meta property=\"og:image\" content=\"https:\/\/thailike.es\/wp-content\/uploads\/2025\/01\/1-5.png\" \/>\n\t<meta property=\"og:image:width\" content=\"500\" \/>\n\t<meta property=\"og:image:height\" content=\"500\" \/>\n\t<meta property=\"og:image:type\" content=\"image\/png\" \/>\n<meta name=\"twitter:card\" content=\"summary_large_image\" \/>\n<meta name=\"twitter:label1\" content=\"Tiempo de lectura\" \/>\n\t<meta name=\"twitter:data1\" content=\"2 minutos\" \/>\n<script type=\"application\/ld+json\" class=\"yoast-schema-graph\">{\"@context\":\"https:\\\/\\\/schema.org\",\"@graph\":[{\"@type\":\"WebPage\",\"@id\":\"https:\\\/\\\/thailike.es\\\/hierba-limon-o-lemon-grass\\\/\",\"url\":\"https:\\\/\\\/thailike.es\\\/hierba-limon-o-lemon-grass\\\/\",\"name\":\"Hierba Lim\u00f3n o lemon grass -\",\"isPartOf\":{\"@id\":\"https:\\\/\\\/thailike.es\\\/#website\"},\"primaryImageOfPage\":{\"@id\":\"https:\\\/\\\/thailike.es\\\/hierba-limon-o-lemon-grass\\\/#primaryimage\"},\"image\":{\"@id\":\"https:\\\/\\\/thailike.es\\\/hierba-limon-o-lemon-grass\\\/#primaryimage\"},\"thumbnailUrl\":\"https:\\\/\\\/thailike.es\\\/wp-content\\\/uploads\\\/2025\\\/01\\\/1-5.png\",\"datePublished\":\"2022-05-02T07:45:28+00:00\",\"dateModified\":\"2025-01-26T04:59:51+00:00\",\"description\":\"La Hierba Lim\u00f3n o lemon grass, es un condimento muy usado en la comida tailandesa por el sabor que aporta en caldos y otras comidas.\",\"breadcrumb\":{\"@id\":\"https:\\\/\\\/thailike.es\\\/hierba-limon-o-lemon-grass\\\/#breadcrumb\"},\"inLanguage\":\"es\",\"potentialAction\":[{\"@type\":\"ReadAction\",\"target\":[\"https:\\\/\\\/thailike.es\\\/hierba-limon-o-lemon-grass\\\/\"]}]},{\"@type\":\"ImageObject\",\"inLanguage\":\"es\",\"@id\":\"https:\\\/\\\/thailike.es\\\/hierba-limon-o-lemon-grass\\\/#primaryimage\",\"url\":\"https:\\\/\\\/thailike.es\\\/wp-content\\\/uploads\\\/2025\\\/01\\\/1-5.png\",\"contentUrl\":\"https:\\\/\\\/thailike.es\\\/wp-content\\\/uploads\\\/2025\\\/01\\\/1-5.png\"},{\"@type\":\"BreadcrumbList\",\"@id\":\"https:\\\/\\\/thailike.es\\\/hierba-limon-o-lemon-grass\\\/#breadcrumb\",\"itemListElement\":[{\"@type\":\"ListItem\",\"position\":1,\"name\":\"Home\",\"item\":\"https:\\\/\\\/thailike.es\\\/\"},{\"@type\":\"ListItem\",\"position\":2,\"name\":\"Hierba Lim\u00f3n o lemon grass\"}]},{\"@type\":\"WebSite\",\"@id\":\"https:\\\/\\\/thailike.es\\\/#website\",\"url\":\"https:\\\/\\\/thailike.es\\\/\",\"name\":\"www.thailike.es\",\"description\":\"Conoce Tailandia\",\"publisher\":{\"@id\":\"https:\\\/\\\/thailike.es\\\/#\\\/schema\\\/person\\\/d7b4c0c202f07c03c6f52ee0706271b1\"},\"potentialAction\":[{\"@type\":\"SearchAction\",\"target\":{\"@type\":\"EntryPoint\",\"urlTemplate\":\"https:\\\/\\\/thailike.es\\\/?s={search_term_string}\"},\"query-input\":{\"@type\":\"PropertyValueSpecification\",\"valueRequired\":true,\"valueName\":\"search_term_string\"}}],\"inLanguage\":\"es\"},{\"@type\":[\"Person\",\"Organization\"],\"@id\":\"https:\\\/\\\/thailike.es\\\/#\\\/schema\\\/person\\\/d7b4c0c202f07c03c6f52ee0706271b1\",\"name\":\"MIGUEL ANGEL\",\"image\":{\"@type\":\"ImageObject\",\"inLanguage\":\"es\",\"@id\":\"https:\\\/\\\/thailike.es\\\/wp-content\\\/litespeed\\\/avatar\\\/44bf16d57539b37fd945fc4f58e2b252.jpg?ver=1776964903\",\"url\":\"https:\\\/\\\/thailike.es\\\/wp-content\\\/litespeed\\\/avatar\\\/44bf16d57539b37fd945fc4f58e2b252.jpg?ver=1776964903\",\"contentUrl\":\"https:\\\/\\\/thailike.es\\\/wp-content\\\/litespeed\\\/avatar\\\/44bf16d57539b37fd945fc4f58e2b252.jpg?ver=1776964903\",\"caption\":\"MIGUEL ANGEL\"},\"logo\":{\"@id\":\"https:\\\/\\\/thailike.es\\\/wp-content\\\/litespeed\\\/avatar\\\/44bf16d57539b37fd945fc4f58e2b252.jpg?ver=1776964903\"},\"sameAs\":[\"http:\\\/\\\/thailike.es\",\"https:\\\/\\\/www.youtube.com\\\/channel\\\/UClOY3ZuuzFGZmDVH-yoILQA\"]}]}<\/script>\n<!-- \/ Yoast SEO plugin. -->","yoast_head_json":{"title":"Hierba Lim\u00f3n o lemon grass -","description":"La Hierba Lim\u00f3n o lemon grass, es un condimento muy usado en la comida tailandesa por el sabor que aporta en caldos y otras comidas.","robots":{"index":"index","follow":"follow","max-snippet":"max-snippet:-1","max-image-preview":"max-image-preview:large","max-video-preview":"max-video-preview:-1"},"canonical":"https:\/\/thailike.es\/es\/hierba-limon-o-lemon-grass\/","og_locale":"es_ES","og_type":"article","og_title":"Hierba Lim\u00f3n o lemon grass -","og_description":"La Hierba Lim\u00f3n o lemon grass, es un condimento muy usado en la comida tailandesa por el sabor que aporta en caldos y otras comidas.","og_url":"https:\/\/thailike.es\/es\/hierba-limon-o-lemon-grass\/","article_modified_time":"2025-01-26T04:59:51+00:00","og_image":[{"width":500,"height":500,"url":"https:\/\/thailike.es\/wp-content\/uploads\/2025\/01\/1-5.png","type":"image\/png"}],"twitter_card":"summary_large_image","twitter_misc":{"Tiempo de lectura":"2 minutos"},"schema":{"@context":"https:\/\/schema.org","@graph":[{"@type":"WebPage","@id":"https:\/\/thailike.es\/hierba-limon-o-lemon-grass\/","url":"https:\/\/thailike.es\/hierba-limon-o-lemon-grass\/","name":"Hierba Lim\u00f3n o lemon grass -","isPartOf":{"@id":"https:\/\/thailike.es\/#website"},"primaryImageOfPage":{"@id":"https:\/\/thailike.es\/hierba-limon-o-lemon-grass\/#primaryimage"},"image":{"@id":"https:\/\/thailike.es\/hierba-limon-o-lemon-grass\/#primaryimage"},"thumbnailUrl":"https:\/\/thailike.es\/wp-content\/uploads\/2025\/01\/1-5.png","datePublished":"2022-05-02T07:45:28+00:00","dateModified":"2025-01-26T04:59:51+00:00","description":"La Hierba Lim\u00f3n o lemon grass, es un condimento muy usado en la comida tailandesa por el sabor que aporta en caldos y otras comidas.","breadcrumb":{"@id":"https:\/\/thailike.es\/hierba-limon-o-lemon-grass\/#breadcrumb"},"inLanguage":"es","potentialAction":[{"@type":"ReadAction","target":["https:\/\/thailike.es\/hierba-limon-o-lemon-grass\/"]}]},{"@type":"ImageObject","inLanguage":"es","@id":"https:\/\/thailike.es\/hierba-limon-o-lemon-grass\/#primaryimage","url":"https:\/\/thailike.es\/wp-content\/uploads\/2025\/01\/1-5.png","contentUrl":"https:\/\/thailike.es\/wp-content\/uploads\/2025\/01\/1-5.png"},{"@type":"BreadcrumbList","@id":"https:\/\/thailike.es\/hierba-limon-o-lemon-grass\/#breadcrumb","itemListElement":[{"@type":"ListItem","position":1,"name":"Home","item":"https:\/\/thailike.es\/"},{"@type":"ListItem","position":2,"name":"Hierba Lim\u00f3n o lemon grass"}]},{"@type":"WebSite","@id":"https:\/\/thailike.es\/#website","url":"https:\/\/thailike.es\/","name":"www.thailike.es","description":"Conoce Tailandia","publisher":{"@id":"https:\/\/thailike.es\/#\/schema\/person\/d7b4c0c202f07c03c6f52ee0706271b1"},"potentialAction":[{"@type":"SearchAction","target":{"@type":"EntryPoint","urlTemplate":"https:\/\/thailike.es\/?s={search_term_string}"},"query-input":{"@type":"PropertyValueSpecification","valueRequired":true,"valueName":"search_term_string"}}],"inLanguage":"es"},{"@type":["Person","Organization"],"@id":"https:\/\/thailike.es\/#\/schema\/person\/d7b4c0c202f07c03c6f52ee0706271b1","name":"MIGUEL ANGEL","image":{"@type":"ImageObject","inLanguage":"es","@id":"https:\/\/thailike.es\/wp-content\/litespeed\/avatar\/44bf16d57539b37fd945fc4f58e2b252.jpg?ver=1776964903","url":"https:\/\/thailike.es\/wp-content\/litespeed\/avatar\/44bf16d57539b37fd945fc4f58e2b252.jpg?ver=1776964903","contentUrl":"https:\/\/thailike.es\/wp-content\/litespeed\/avatar\/44bf16d57539b37fd945fc4f58e2b252.jpg?ver=1776964903","caption":"MIGUEL ANGEL"},"logo":{"@id":"https:\/\/thailike.es\/wp-content\/litespeed\/avatar\/44bf16d57539b37fd945fc4f58e2b252.jpg?ver=1776964903"},"sameAs":["http:\/\/thailike.es","https:\/\/www.youtube.com\/channel\/UClOY3ZuuzFGZmDVH-yoILQA"]}]}},"_links":{"self":[{"href":"https:\/\/thailike.es\/es\/wp-json\/wp\/v2\/pages\/4790","targetHints":{"allow":["GET"]}}],"collection":[{"href":"https:\/\/thailike.es\/es\/wp-json\/wp\/v2\/pages"}],"about":[{"href":"https:\/\/thailike.es\/es\/wp-json\/wp\/v2\/types\/page"}],"author":[{"embeddable":true,"href":"https:\/\/thailike.es\/es\/wp-json\/wp\/v2\/users\/1"}],"replies":[{"embeddable":true,"href":"https:\/\/thailike.es\/es\/wp-json\/wp\/v2\/comments?post=4790"}],"version-history":[{"count":41,"href":"https:\/\/thailike.es\/es\/wp-json\/wp\/v2\/pages\/4790\/revisions"}],"predecessor-version":[{"id":7990,"href":"https:\/\/thailike.es\/es\/wp-json\/wp\/v2\/pages\/4790\/revisions\/7990"}],"wp:attachment":[{"href":"https:\/\/thailike.es\/es\/wp-json\/wp\/v2\/media?parent=4790"}],"curies":[{"name":"wp","href":"https:\/\/api.w.org\/{rel}","templated":true}]}}