{"id":4569,"date":"2022-04-30T10:50:03","date_gmt":"2022-04-30T03:50:03","guid":{"rendered":"http:\/\/thailike.es\/?page_id=4569"},"modified":"2025-01-03T17:13:40","modified_gmt":"2025-01-03T10:13:40","slug":"plantilla-de-comida","status":"publish","type":"page","link":"https:\/\/thailike.es\/es\/plantilla-de-comida\/","title":{"rendered":"PLANTILLA DE COMIDA"},"content":{"rendered":"\n<div class=\"wp-block-getwid-advanced-heading has-custom-font-size\" style=\"font-size:23px\"><span class=\"wp-block-getwid-advanced-heading__content has-text-color has-vivid-cyan-blue-color\" style=\"font-family:&quot;AR One Sans&quot;;font-weight:normal\">PLATO<\/span><\/div>\n\n\n\n<div style=\"height:47px\" aria-hidden=\"true\" class=\"wp-block-spacer\"><\/div>\n\n\n\n<div class=\"wp-block-cover is-light\"><span aria-hidden=\"true\" class=\"wp-block-cover__background has-background-dim-20 has-background-dim\"><\/span><video class=\"wp-block-cover__video-background intrinsic-ignore\" autoplay muted loop playsinline src=\"http:\/\/thailike.es\/wp-content\/uploads\/2022\/04\/VIDEO-INICIO.mp4\" data-object-fit=\"cover\"><\/video><div class=\"wp-block-cover__inner-container is-layout-flow wp-block-cover-is-layout-flow\">\n<p class=\"has-text-align-center has-large-font-size\"><\/p>\n<\/div><\/div>\n\n\n\n<hr class=\"wp-block-separator has-text-color has-vivid-cyan-blue-color has-alpha-channel-opacity has-vivid-cyan-blue-background-color has-background is-style-wide\"\/>\n\n\n\n<div style=\"height:40px\" aria-hidden=\"true\" class=\"wp-block-spacer\"><\/div>\n\n\n\n<p class=\"has-medium-font-size\">El Pad Thai es posiblemente el plato mas conocido en occidente de la gastronom\u00eda del pa\u00eds. Es un plato salteado en wok a base de tallarines de arroz, pollo, brotes de soja, huevo, salsa de pescado, pasta de tamarindo y cacahuetes.  <\/p>\n\n\n\n<p class=\"has-medium-font-size\">Es un plato delicioso que encontraras, tanto en restaurantes como en puestos callejeros y mercados nocturnos. Su sabor y textura son inconfundibles, y existen m\u00faltiples variantes del plato tradicional. <\/p>\n\n\n\n<p><\/p>\n\n\n\n<figure class=\"wp-block-embed is-type-video is-provider-youtube wp-block-embed-youtube wp-embed-aspect-16-9 wp-has-aspect-ratio\"><div class=\"wp-block-embed__wrapper\">\n<iframe title=\"Ven a conocer Tailandia desde Thailike\" width=\"819\" height=\"461\" src=\"https:\/\/www.youtube.com\/embed\/_LFKlJrfoKw?feature=oembed\" frameborder=\"0\" allow=\"accelerometer; autoplay; clipboard-write; encrypted-media; gyroscope; picture-in-picture; web-share\" referrerpolicy=\"strict-origin-when-cross-origin\" allowfullscreen><\/iframe>\n<\/div><\/figure>\n\n\n\n<hr class=\"wp-block-separator has-text-color has-vivid-cyan-blue-color has-alpha-channel-opacity has-vivid-cyan-blue-background-color has-background is-style-wide\"\/>\n\n\n\n<div class=\"wp-block-columns is-layout-flex wp-container-core-columns-is-layout-9d6595d7 wp-block-columns-is-layout-flex\">\n<div class=\"wp-block-column is-layout-flow wp-block-column-is-layout-flow\">\n<div class=\"wp-block-getwid-advanced-heading has-custom-font-size\" style=\"font-size:23px\"><span class=\"wp-block-getwid-advanced-heading__content has-text-color has-vivid-cyan-blue-color\" style=\"font-family:&quot;AR One Sans&quot;;font-weight:normal\">Historia y curiosidades<\/span><\/div>\n\n\n\n<div style=\"height:40px\" aria-hidden=\"true\" class=\"wp-block-spacer\"><\/div>\n\n\n\n<figure class=\"wp-block-gallery aligncenter has-nested-images columns-default is-cropped wp-block-gallery-1 is-layout-flex wp-block-gallery-is-layout-flex\"><\/figure>\n\n\n\n<div class=\"wp-block-columns is-layout-flex wp-container-core-columns-is-layout-9d6595d7 wp-block-columns-is-layout-flex\">\n<div class=\"wp-block-column is-layout-flow wp-block-column-is-layout-flow\">\n<p class=\"has-medium-font-size\">A pesar de ser un icono en la gastronom\u00eda del pa\u00eds, no puede ser considerado como tradicional, por haber sido creado a mediados de los a\u00f1os 50 del siglo pasado.<\/p>\n\n\n\n<p class=\"has-medium-font-size\">El nombre de este plato proviene de la traducci\u00f3n aproximada \u00bb Salteado Tailand\u00e9s\u00bb. Fue creado hace setenta a\u00f1os aproximadamente, por lo que no es demasiado antiguo.<\/p>\n\n\n\n<p class=\"has-medium-font-size\"> De hecho, fue creado por las autoridades para promocional la gastronom\u00eda Thai en el exterior, justo en el momento en que el pa\u00eds cambiaba de nombre de \u00abSiam\u00bb a \u00abPrathet Thai\u00bb.  M\u00e1s tarde en el a\u00f1o 1949 se pas\u00f3 a llamar Tailandia.<\/p>\n\n\n\n<p class=\"has-medium-font-size\">El gobernante de esta \u00e9poca, Phibun, quiso inventar un \u00abplato nacional\u00bb en esta \u00e9poca coincidiendo con la segunda guerra mundial e inundaciones, produjeran  la escasez de arroz.<\/p>\n<\/div>\n<\/div>\n<\/div>\n<\/div>\n\n\n\n<div class=\"wp-block-columns is-layout-flex wp-container-core-columns-is-layout-9d6595d7 wp-block-columns-is-layout-flex\">\n<div class=\"wp-block-column is-layout-flow wp-block-column-is-layout-flow\"><\/div>\n<\/div>\n\n\n\n<hr class=\"wp-block-separator has-text-color has-vivid-cyan-blue-color has-alpha-channel-opacity has-vivid-cyan-blue-background-color has-background is-style-wide\"\/>\n\n\n\n<div class=\"wp-block-columns is-layout-flex wp-container-core-columns-is-layout-9d6595d7 wp-block-columns-is-layout-flex\">\n<div class=\"wp-block-column is-layout-flow wp-block-column-is-layout-flow\">\n<p class=\"has-text-align-center has-vivid-cyan-blue-color has-text-color has-link-color has-medium-font-size wp-elements-4729894885467447e12bcfb82db61eaf\">Visita nuestro  canal de Youtube<\/p>\n\n\n\n<figure class=\"wp-block-embed is-type-video is-provider-youtube wp-block-embed-youtube wp-embed-aspect-16-9 wp-has-aspect-ratio\"><div class=\"wp-block-embed__wrapper\">\n<iframe title=\"Ven a conocer Tailandia desde Thailike\" width=\"819\" height=\"461\" src=\"https:\/\/www.youtube.com\/embed\/_LFKlJrfoKw?feature=oembed\" frameborder=\"0\" allow=\"accelerometer; autoplay; clipboard-write; encrypted-media; gyroscope; picture-in-picture; web-share\" referrerpolicy=\"strict-origin-when-cross-origin\" allowfullscreen><\/iframe>\n<\/div><\/figure>\n<\/div>\n\n\n\n<div class=\"wp-block-column is-layout-flow wp-block-column-is-layout-flow\">\n<p class=\"has-text-align-center has-vivid-cyan-blue-color has-text-color has-link-color has-medium-font-size wp-elements-9f3f3898da8cc705aad58e7d6735f5a5\">Mira aqu\u00ed la receta en otra pagina web.<\/p>\n\n\n\n<figure class=\"wp-block-image size-large is-style-default\"><a href=\"https:\/\/hot-thai-kitchen.com\/best-pad-thai\/\" target=\"_blank\" rel=\"noopener\"><img decoding=\"async\" width=\"1024\" height=\"576\" src=\"http:\/\/thailike.es\/wp-content\/uploads\/2022\/04\/Diseno-sin-titulo-2-1024x576.png\" alt=\"\" class=\"wp-image-4306\" srcset=\"https:\/\/thailike.es\/wp-content\/uploads\/2022\/04\/Diseno-sin-titulo-2-1024x576.png 1024w, https:\/\/thailike.es\/wp-content\/uploads\/2022\/04\/Diseno-sin-titulo-2-300x169.png 300w, https:\/\/thailike.es\/wp-content\/uploads\/2022\/04\/Diseno-sin-titulo-2-768x432.png 768w, https:\/\/thailike.es\/wp-content\/uploads\/2022\/04\/Diseno-sin-titulo-2-1536x864.png 1536w, https:\/\/thailike.es\/wp-content\/uploads\/2022\/04\/Diseno-sin-titulo-2-18x10.png 18w, https:\/\/thailike.es\/wp-content\/uploads\/2022\/04\/Diseno-sin-titulo-2.png 1920w\" sizes=\"(max-width: 1024px) 100vw, 1024px\" \/><\/a><\/figure>\n<\/div>\n<\/div>\n\n\n\n<p class=\"has-text-align-center has-vivid-cyan-blue-color has-text-color has-link-color has-medium-font-size wp-elements-4fbb6a53d9070fe7ade4dcf1ec0d0167\">Descubre los mercados de comida de Tailandia<\/p>\n\n\n\n<div class=\"wp-block-columns is-layout-flex wp-container-core-columns-is-layout-9d6595d7 wp-block-columns-is-layout-flex\">\n<div class=\"wp-block-column is-layout-flow wp-block-column-is-layout-flow\" style=\"flex-basis:25%\"><\/div>\n\n\n\n<div class=\"wp-block-column is-layout-flow wp-block-column-is-layout-flow\" style=\"flex-basis:50%\">\n<figure class=\"wp-block-image size-large\"><a href=\"https:\/\/thailike.es\/mercados\/\"><img decoding=\"async\" width=\"1024\" height=\"726\" src=\"https:\/\/thailike.es\/wp-content\/uploads\/2022\/04\/Diseno-sin-titulo-1024x726.jpg\" alt=\"\" class=\"wp-image-4068\" srcset=\"https:\/\/thailike.es\/wp-content\/uploads\/2022\/04\/Diseno-sin-titulo-1024x726.jpg 1024w, https:\/\/thailike.es\/wp-content\/uploads\/2022\/04\/Diseno-sin-titulo-300x213.jpg 300w, https:\/\/thailike.es\/wp-content\/uploads\/2022\/04\/Diseno-sin-titulo-768x545.jpg 768w, https:\/\/thailike.es\/wp-content\/uploads\/2022\/04\/Diseno-sin-titulo-1536x1090.jpg 1536w, https:\/\/thailike.es\/wp-content\/uploads\/2022\/04\/Diseno-sin-titulo-18x12.jpg 18w, https:\/\/thailike.es\/wp-content\/uploads\/2022\/04\/Diseno-sin-titulo-100x70.jpg 100w, https:\/\/thailike.es\/wp-content\/uploads\/2022\/04\/Diseno-sin-titulo.jpg 1748w\" sizes=\"(max-width: 1024px) 100vw, 1024px\" \/><\/a><\/figure>\n<\/div>\n\n\n\n<div class=\"wp-block-column is-layout-flow wp-block-column-is-layout-flow\" style=\"flex-basis:25%\"><\/div>\n<\/div>\n\n\n","protected":false},"excerpt":{"rendered":"<p>En nuestro blog te contamos muchas cosas, de variados temas, tanto de gastronom\u00eda, productos, historias, mercados y mucho mas<\/p>\n","protected":false},"author":1,"featured_media":0,"parent":0,"menu_order":0,"comment_status":"closed","ping_status":"closed","template":"","meta":{"_acf_changed":false,"footnotes":""},"class_list":["post-4569","page","type-page","status-publish","hentry"],"acf":[],"yoast_head":"<!-- This site is optimized with the Yoast SEO plugin v27.5 - https:\/\/yoast.com\/product\/yoast-seo-wordpress\/ -->\n<title>PLANTILLA DE COMIDA -<\/title>\n<meta name=\"robots\" content=\"index, follow, max-snippet:-1, max-image-preview:large, max-video-preview:-1\" \/>\n<link rel=\"canonical\" href=\"https:\/\/thailike.es\/es\/plantilla-de-comida\/\" \/>\n<meta property=\"og:locale\" content=\"es_ES\" \/>\n<meta property=\"og:type\" content=\"article\" \/>\n<meta property=\"og:title\" content=\"PLANTILLA DE COMIDA -\" \/>\n<meta property=\"og:description\" content=\"En nuestro blog te contamos muchas cosas, de variados temas, tanto de gastronom\u00eda, productos, historias, mercados y mucho mas\" \/>\n<meta property=\"og:url\" content=\"https:\/\/thailike.es\/es\/plantilla-de-comida\/\" \/>\n<meta property=\"article:modified_time\" content=\"2025-01-03T10:13:40+00:00\" \/>\n<meta property=\"og:image\" content=\"http:\/\/thailike.es\/wp-content\/uploads\/2022\/04\/Diseno-sin-titulo-2-1024x576.png\" \/>\n<meta name=\"twitter:card\" content=\"summary_large_image\" \/>\n<meta name=\"twitter:label1\" content=\"Tiempo de lectura\" \/>\n\t<meta name=\"twitter:data1\" content=\"2 minutos\" \/>\n<script type=\"application\/ld+json\" class=\"yoast-schema-graph\">{\"@context\":\"https:\\\/\\\/schema.org\",\"@graph\":[{\"@type\":\"WebPage\",\"@id\":\"https:\\\/\\\/thailike.es\\\/plantilla-de-comida\\\/\",\"url\":\"https:\\\/\\\/thailike.es\\\/plantilla-de-comida\\\/\",\"name\":\"PLANTILLA DE COMIDA -\",\"isPartOf\":{\"@id\":\"https:\\\/\\\/thailike.es\\\/#website\"},\"primaryImageOfPage\":{\"@id\":\"https:\\\/\\\/thailike.es\\\/plantilla-de-comida\\\/#primaryimage\"},\"image\":{\"@id\":\"https:\\\/\\\/thailike.es\\\/plantilla-de-comida\\\/#primaryimage\"},\"thumbnailUrl\":\"http:\\\/\\\/thailike.es\\\/wp-content\\\/uploads\\\/2022\\\/04\\\/Diseno-sin-titulo-2-1024x576.png\",\"datePublished\":\"2022-04-30T03:50:03+00:00\",\"dateModified\":\"2025-01-03T10:13:40+00:00\",\"breadcrumb\":{\"@id\":\"https:\\\/\\\/thailike.es\\\/plantilla-de-comida\\\/#breadcrumb\"},\"inLanguage\":\"es\",\"potentialAction\":[{\"@type\":\"ReadAction\",\"target\":[\"https:\\\/\\\/thailike.es\\\/plantilla-de-comida\\\/\"]}]},{\"@type\":\"ImageObject\",\"inLanguage\":\"es\",\"@id\":\"https:\\\/\\\/thailike.es\\\/plantilla-de-comida\\\/#primaryimage\",\"url\":\"http:\\\/\\\/thailike.es\\\/wp-content\\\/uploads\\\/2022\\\/04\\\/Diseno-sin-titulo-2-1024x576.png\",\"contentUrl\":\"http:\\\/\\\/thailike.es\\\/wp-content\\\/uploads\\\/2022\\\/04\\\/Diseno-sin-titulo-2-1024x576.png\"},{\"@type\":\"BreadcrumbList\",\"@id\":\"https:\\\/\\\/thailike.es\\\/plantilla-de-comida\\\/#breadcrumb\",\"itemListElement\":[{\"@type\":\"ListItem\",\"position\":1,\"name\":\"Home\",\"item\":\"https:\\\/\\\/thailike.es\\\/\"},{\"@type\":\"ListItem\",\"position\":2,\"name\":\"PLANTILLA DE COMIDA\"}]},{\"@type\":\"WebSite\",\"@id\":\"https:\\\/\\\/thailike.es\\\/#website\",\"url\":\"https:\\\/\\\/thailike.es\\\/\",\"name\":\"www.thailike.es\",\"description\":\"Conoce Tailandia\",\"publisher\":{\"@id\":\"https:\\\/\\\/thailike.es\\\/#\\\/schema\\\/person\\\/d7b4c0c202f07c03c6f52ee0706271b1\"},\"potentialAction\":[{\"@type\":\"SearchAction\",\"target\":{\"@type\":\"EntryPoint\",\"urlTemplate\":\"https:\\\/\\\/thailike.es\\\/?s={search_term_string}\"},\"query-input\":{\"@type\":\"PropertyValueSpecification\",\"valueRequired\":true,\"valueName\":\"search_term_string\"}}],\"inLanguage\":\"es\"},{\"@type\":[\"Person\",\"Organization\"],\"@id\":\"https:\\\/\\\/thailike.es\\\/#\\\/schema\\\/person\\\/d7b4c0c202f07c03c6f52ee0706271b1\",\"name\":\"MIGUEL ANGEL\",\"image\":{\"@type\":\"ImageObject\",\"inLanguage\":\"es\",\"@id\":\"https:\\\/\\\/thailike.es\\\/wp-content\\\/litespeed\\\/avatar\\\/44bf16d57539b37fd945fc4f58e2b252.jpg?ver=1776964903\",\"url\":\"https:\\\/\\\/thailike.es\\\/wp-content\\\/litespeed\\\/avatar\\\/44bf16d57539b37fd945fc4f58e2b252.jpg?ver=1776964903\",\"contentUrl\":\"https:\\\/\\\/thailike.es\\\/wp-content\\\/litespeed\\\/avatar\\\/44bf16d57539b37fd945fc4f58e2b252.jpg?ver=1776964903\",\"caption\":\"MIGUEL ANGEL\"},\"logo\":{\"@id\":\"https:\\\/\\\/thailike.es\\\/wp-content\\\/litespeed\\\/avatar\\\/44bf16d57539b37fd945fc4f58e2b252.jpg?ver=1776964903\"},\"sameAs\":[\"http:\\\/\\\/thailike.es\",\"https:\\\/\\\/www.youtube.com\\\/channel\\\/UClOY3ZuuzFGZmDVH-yoILQA\"]}]}<\/script>\n<!-- \/ Yoast SEO plugin. -->","yoast_head_json":{"title":"PLANTILLA DE COMIDA -","robots":{"index":"index","follow":"follow","max-snippet":"max-snippet:-1","max-image-preview":"max-image-preview:large","max-video-preview":"max-video-preview:-1"},"canonical":"https:\/\/thailike.es\/es\/plantilla-de-comida\/","og_locale":"es_ES","og_type":"article","og_title":"PLANTILLA DE COMIDA -","og_description":"En nuestro blog te contamos muchas cosas, de variados temas, tanto de gastronom\u00eda, productos, historias, mercados y mucho mas","og_url":"https:\/\/thailike.es\/es\/plantilla-de-comida\/","article_modified_time":"2025-01-03T10:13:40+00:00","og_image":[{"url":"http:\/\/thailike.es\/wp-content\/uploads\/2022\/04\/Diseno-sin-titulo-2-1024x576.png","type":"","width":"","height":""}],"twitter_card":"summary_large_image","twitter_misc":{"Tiempo de lectura":"2 minutos"},"schema":{"@context":"https:\/\/schema.org","@graph":[{"@type":"WebPage","@id":"https:\/\/thailike.es\/plantilla-de-comida\/","url":"https:\/\/thailike.es\/plantilla-de-comida\/","name":"PLANTILLA DE COMIDA -","isPartOf":{"@id":"https:\/\/thailike.es\/#website"},"primaryImageOfPage":{"@id":"https:\/\/thailike.es\/plantilla-de-comida\/#primaryimage"},"image":{"@id":"https:\/\/thailike.es\/plantilla-de-comida\/#primaryimage"},"thumbnailUrl":"http:\/\/thailike.es\/wp-content\/uploads\/2022\/04\/Diseno-sin-titulo-2-1024x576.png","datePublished":"2022-04-30T03:50:03+00:00","dateModified":"2025-01-03T10:13:40+00:00","breadcrumb":{"@id":"https:\/\/thailike.es\/plantilla-de-comida\/#breadcrumb"},"inLanguage":"es","potentialAction":[{"@type":"ReadAction","target":["https:\/\/thailike.es\/plantilla-de-comida\/"]}]},{"@type":"ImageObject","inLanguage":"es","@id":"https:\/\/thailike.es\/plantilla-de-comida\/#primaryimage","url":"http:\/\/thailike.es\/wp-content\/uploads\/2022\/04\/Diseno-sin-titulo-2-1024x576.png","contentUrl":"http:\/\/thailike.es\/wp-content\/uploads\/2022\/04\/Diseno-sin-titulo-2-1024x576.png"},{"@type":"BreadcrumbList","@id":"https:\/\/thailike.es\/plantilla-de-comida\/#breadcrumb","itemListElement":[{"@type":"ListItem","position":1,"name":"Home","item":"https:\/\/thailike.es\/"},{"@type":"ListItem","position":2,"name":"PLANTILLA DE COMIDA"}]},{"@type":"WebSite","@id":"https:\/\/thailike.es\/#website","url":"https:\/\/thailike.es\/","name":"www.thailike.es","description":"Conoce Tailandia","publisher":{"@id":"https:\/\/thailike.es\/#\/schema\/person\/d7b4c0c202f07c03c6f52ee0706271b1"},"potentialAction":[{"@type":"SearchAction","target":{"@type":"EntryPoint","urlTemplate":"https:\/\/thailike.es\/?s={search_term_string}"},"query-input":{"@type":"PropertyValueSpecification","valueRequired":true,"valueName":"search_term_string"}}],"inLanguage":"es"},{"@type":["Person","Organization"],"@id":"https:\/\/thailike.es\/#\/schema\/person\/d7b4c0c202f07c03c6f52ee0706271b1","name":"MIGUEL ANGEL","image":{"@type":"ImageObject","inLanguage":"es","@id":"https:\/\/thailike.es\/wp-content\/litespeed\/avatar\/44bf16d57539b37fd945fc4f58e2b252.jpg?ver=1776964903","url":"https:\/\/thailike.es\/wp-content\/litespeed\/avatar\/44bf16d57539b37fd945fc4f58e2b252.jpg?ver=1776964903","contentUrl":"https:\/\/thailike.es\/wp-content\/litespeed\/avatar\/44bf16d57539b37fd945fc4f58e2b252.jpg?ver=1776964903","caption":"MIGUEL ANGEL"},"logo":{"@id":"https:\/\/thailike.es\/wp-content\/litespeed\/avatar\/44bf16d57539b37fd945fc4f58e2b252.jpg?ver=1776964903"},"sameAs":["http:\/\/thailike.es","https:\/\/www.youtube.com\/channel\/UClOY3ZuuzFGZmDVH-yoILQA"]}]}},"_links":{"self":[{"href":"https:\/\/thailike.es\/es\/wp-json\/wp\/v2\/pages\/4569","targetHints":{"allow":["GET"]}}],"collection":[{"href":"https:\/\/thailike.es\/es\/wp-json\/wp\/v2\/pages"}],"about":[{"href":"https:\/\/thailike.es\/es\/wp-json\/wp\/v2\/types\/page"}],"author":[{"embeddable":true,"href":"https:\/\/thailike.es\/es\/wp-json\/wp\/v2\/users\/1"}],"replies":[{"embeddable":true,"href":"https:\/\/thailike.es\/es\/wp-json\/wp\/v2\/comments?post=4569"}],"version-history":[{"count":16,"href":"https:\/\/thailike.es\/es\/wp-json\/wp\/v2\/pages\/4569\/revisions"}],"predecessor-version":[{"id":6247,"href":"https:\/\/thailike.es\/es\/wp-json\/wp\/v2\/pages\/4569\/revisions\/6247"}],"wp:attachment":[{"href":"https:\/\/thailike.es\/es\/wp-json\/wp\/v2\/media?parent=4569"}],"curies":[{"name":"wp","href":"https:\/\/api.w.org\/{rel}","templated":true}]}}