{"id":3863,"date":"2021-04-13T15:19:19","date_gmt":"2021-04-13T08:19:19","guid":{"rendered":"http:\/\/thailike.es\/?page_id=3863"},"modified":"2022-11-21T15:58:49","modified_gmt":"2022-11-21T08:58:49","slug":"historias-de-tailandia","status":"publish","type":"page","link":"https:\/\/thailike.es\/es\/historias-de-tailandia\/","title":{"rendered":"Historias"},"content":{"rendered":"\n<h2 class=\"has-text-align-center wp-block-heading\">Conoce Tailandia a trav\u00e9s de peque\u00f1as historias<\/h2>\n\n\n\n<ul class=\"wp-block-list\">\n<li>\u00bfC\u00f3mo saber qu\u00e9 nos puede atraer de un pa\u00eds remoto?<\/li>\n\n\n\n<li>\u00bfC\u00f3mo buscar dentro de ese pa\u00eds nuestros gustos y aficiones? <\/li>\n\n\n\n<li>\u00bfC\u00f3mo organizamos nuestra experiencia? <\/li>\n<\/ul>\n\n\n\n<p>Seguro que has  invertido mucho tiempo revisando diferentes blogs con mucha informaci\u00f3n muy \u00fatil e interesante, pero te has tenido que ir a you tube para ver videos o hacer una b\u00fasqueda en im\u00e1genes del lugar para saber realmente c\u00f3mo es ese lugar.<\/p>\n\n\n\n<p><a href=\"http:\/\/thailike.es\/histoias-de-tailandia\/\">Visita nuestro apartado de Historias de Tailandia<\/a> es la forma m\u00e1s sencilla y visual de mostrarte este pais.<\/p>\n\n\n\n<figure class=\"wp-block-gallery has-nested-images columns-default is-cropped wp-block-gallery-1 is-layout-flex wp-block-gallery-is-layout-flex\">\n<figure class=\"wp-block-image size-large is-style-default\"><img decoding=\"async\" width=\"1024\" height=\"683\" data-id=\"4867\" src=\"http:\/\/thailike.es\/wp-content\/uploads\/2022\/05\/VARIADO3-1024x683.jpg\" alt=\"\" class=\"wp-image-4867\" srcset=\"https:\/\/thailike.es\/wp-content\/uploads\/2022\/05\/VARIADO3-1024x683.jpg 1024w, https:\/\/thailike.es\/wp-content\/uploads\/2022\/05\/VARIADO3-300x200.jpg 300w, https:\/\/thailike.es\/wp-content\/uploads\/2022\/05\/VARIADO3-768x512.jpg 768w, https:\/\/thailike.es\/wp-content\/uploads\/2022\/05\/VARIADO3-1536x1024.jpg 1536w, https:\/\/thailike.es\/wp-content\/uploads\/2022\/05\/VARIADO3-2048x1365.jpg 2048w, https:\/\/thailike.es\/wp-content\/uploads\/2022\/05\/VARIADO3-18x12.jpg 18w, https:\/\/thailike.es\/wp-content\/uploads\/2022\/05\/VARIADO3-272x182.jpg 272w\" sizes=\"(max-width: 1024px) 100vw, 1024px\" \/><\/figure>\n\n\n\n<figure class=\"wp-block-image size-large is-style-default\"><img decoding=\"async\" width=\"1024\" height=\"635\" data-id=\"4865\" src=\"http:\/\/thailike.es\/wp-content\/uploads\/2022\/05\/VARIADO1-1024x635.jpg\" alt=\"\" class=\"wp-image-4865\" srcset=\"https:\/\/thailike.es\/wp-content\/uploads\/2022\/05\/VARIADO1-1024x635.jpg 1024w, https:\/\/thailike.es\/wp-content\/uploads\/2022\/05\/VARIADO1-300x186.jpg 300w, https:\/\/thailike.es\/wp-content\/uploads\/2022\/05\/VARIADO1-768x476.jpg 768w, https:\/\/thailike.es\/wp-content\/uploads\/2022\/05\/VARIADO1-1536x953.jpg 1536w, https:\/\/thailike.es\/wp-content\/uploads\/2022\/05\/VARIADO1-2048x1271.jpg 2048w, https:\/\/thailike.es\/wp-content\/uploads\/2022\/05\/VARIADO1-18x12.jpg 18w\" sizes=\"(max-width: 1024px) 100vw, 1024px\" \/><\/figure>\n\n\n\n<figure class=\"wp-block-image size-large is-style-default\"><img decoding=\"async\" width=\"1024\" height=\"683\" data-id=\"4866\" src=\"http:\/\/thailike.es\/wp-content\/uploads\/2022\/05\/VARIADO2-1024x683.jpg\" alt=\"\" class=\"wp-image-4866\" srcset=\"https:\/\/thailike.es\/wp-content\/uploads\/2022\/05\/VARIADO2-1024x683.jpg 1024w, https:\/\/thailike.es\/wp-content\/uploads\/2022\/05\/VARIADO2-300x200.jpg 300w, https:\/\/thailike.es\/wp-content\/uploads\/2022\/05\/VARIADO2-768x512.jpg 768w, https:\/\/thailike.es\/wp-content\/uploads\/2022\/05\/VARIADO2-1536x1024.jpg 1536w, https:\/\/thailike.es\/wp-content\/uploads\/2022\/05\/VARIADO2-2048x1365.jpg 2048w, https:\/\/thailike.es\/wp-content\/uploads\/2022\/05\/VARIADO2-18x12.jpg 18w, https:\/\/thailike.es\/wp-content\/uploads\/2022\/05\/VARIADO2-272x182.jpg 272w\" sizes=\"(max-width: 1024px) 100vw, 1024px\" \/><\/figure>\n\n\n\n<figure class=\"wp-block-image size-large is-style-default\"><img decoding=\"async\" width=\"1024\" height=\"724\" data-id=\"4869\" src=\"http:\/\/thailike.es\/wp-content\/uploads\/2022\/05\/3F0A4868-1024x724.jpg\" alt=\"\" class=\"wp-image-4869\" srcset=\"https:\/\/thailike.es\/wp-content\/uploads\/2022\/05\/3F0A4868-1024x724.jpg 1024w, https:\/\/thailike.es\/wp-content\/uploads\/2022\/05\/3F0A4868-300x212.jpg 300w, https:\/\/thailike.es\/wp-content\/uploads\/2022\/05\/3F0A4868-768x543.jpg 768w, https:\/\/thailike.es\/wp-content\/uploads\/2022\/05\/3F0A4868-1536x1086.jpg 1536w, https:\/\/thailike.es\/wp-content\/uploads\/2022\/05\/3F0A4868-18x12.jpg 18w, https:\/\/thailike.es\/wp-content\/uploads\/2022\/05\/3F0A4868-100x70.jpg 100w, https:\/\/thailike.es\/wp-content\/uploads\/2022\/05\/3F0A4868.jpg 1960w\" sizes=\"(max-width: 1024px) 100vw, 1024px\" \/><\/figure>\n\n\n\n<figure class=\"wp-block-image size-large is-style-default\"><img decoding=\"async\" width=\"797\" height=\"1024\" data-id=\"4864\" src=\"http:\/\/thailike.es\/wp-content\/uploads\/2022\/05\/VARIADO4-797x1024.jpg\" alt=\"\" class=\"wp-image-4864\" srcset=\"https:\/\/thailike.es\/wp-content\/uploads\/2022\/05\/VARIADO4-797x1024.jpg 797w, https:\/\/thailike.es\/wp-content\/uploads\/2022\/05\/VARIADO4-234x300.jpg 234w, https:\/\/thailike.es\/wp-content\/uploads\/2022\/05\/VARIADO4-768x986.jpg 768w, https:\/\/thailike.es\/wp-content\/uploads\/2022\/05\/VARIADO4-1196x1536.jpg 1196w, https:\/\/thailike.es\/wp-content\/uploads\/2022\/05\/VARIADO4-1595x2048.jpg 1595w, https:\/\/thailike.es\/wp-content\/uploads\/2022\/05\/VARIADO4-9x12.jpg 9w, https:\/\/thailike.es\/wp-content\/uploads\/2022\/05\/VARIADO4-scaled.jpg 1994w\" sizes=\"(max-width: 797px) 100vw, 797px\" \/><\/figure>\n<\/figure>\n\n\n\n<hr class=\"wp-block-separator has-css-opacity is-style-wide\"\/>\n\n\n\n<div style=\"height:52px\" aria-hidden=\"true\" class=\"wp-block-spacer\"><\/div>\n\n\n\n<div class=\"wp-block-columns is-layout-flex wp-container-core-columns-is-layout-9d6595d7 wp-block-columns-is-layout-flex\">\n<div class=\"wp-block-column is-layout-flow wp-block-column-is-layout-flow\">\n<p>De ah\u00ed surgi\u00f3 la necesidad de mostrar un pa\u00eds hermoso y con muchas cosas que ense\u00f1ar de un modo diferente. Dar prioridad a los videos y el contenido en im\u00e1genes para que te enamores de ese rinc\u00f3n, de esa excursi\u00f3n, de ese mercado. <\/p>\n\n\n\n<p>Las historias que te contamos describen estados de \u00e1nimos, mas que lugares. <\/p>\n<\/div>\n\n\n\n<div class=\"wp-block-column is-layout-flow wp-block-column-is-layout-flow\">\n<figure class=\"wp-block-embed is-type-video is-provider-youtube wp-block-embed-youtube wp-embed-aspect-16-9 wp-has-aspect-ratio\"><div class=\"wp-block-embed__wrapper\">\n<iframe title=\"&quot;Explorando Khon Kaen: un d\u00eda relajante de comida callejera, compras y cultura tailandesas&quot;\" width=\"819\" height=\"461\" src=\"https:\/\/www.youtube.com\/embed\/FaC029uh8js?feature=oembed\" frameborder=\"0\" allow=\"accelerometer; autoplay; clipboard-write; encrypted-media; gyroscope; picture-in-picture; web-share\" referrerpolicy=\"strict-origin-when-cross-origin\" allowfullscreen><\/iframe>\n<\/div><\/figure>\n<\/div>\n<\/div>\n\n\n\n<p>Aqu\u00ed tienes \u00abHistorias\u00bb, que no son sino peque\u00f1as muestras audiovisuales, acompa\u00f1adas de un texto que cuenta una experiencia, bajo el prisma de varios estados emocionales. Porque no hay una sola forma de ver y sentir un pais.<\/p>\n\n\n\n<div style=\"height:50px\" aria-hidden=\"true\" class=\"wp-block-spacer\"><\/div>\n\n\n\n<div class=\"wp-block-columns is-layout-flex wp-container-core-columns-is-layout-9d6595d7 wp-block-columns-is-layout-flex\">\n<div class=\"wp-block-column is-layout-flow wp-block-column-is-layout-flow\">\n<figure class=\"wp-block-embed is-type-video is-provider-youtube wp-block-embed-youtube wp-embed-aspect-16-9 wp-has-aspect-ratio\"><div class=\"wp-block-embed__wrapper\">\n<iframe title=\"\ud83d\udc12 Macacos de Tailandia  \ud83c\uddf9\ud83c\udded en Kosamphi Forest Park, parques nacionales de Tailandia.\" width=\"819\" height=\"461\" src=\"https:\/\/www.youtube.com\/embed\/K0F8JjgY66M?feature=oembed\" frameborder=\"0\" allow=\"accelerometer; autoplay; clipboard-write; encrypted-media; gyroscope; picture-in-picture; web-share\" referrerpolicy=\"strict-origin-when-cross-origin\" allowfullscreen><\/iframe>\n<\/div><\/figure>\n<\/div>\n\n\n\n<div class=\"wp-block-column is-layout-flow wp-block-column-is-layout-flow\">\n<p>Este video es de varias partes de Tailandia, pero en las ciudades que te mostramos veras videos enfocados en playas, mercados, atracciones tur\u00edsticas, parques naturales, o curiosidades.<\/p>\n\n\n\n<p>No te vamos a mostrar videos de mucha duraci\u00f3n porque queremos que de cada sitio tengas una actividad o aventura concreta.<\/p>\n<\/div>\n<\/div>\n\n\n\n<div style=\"height:50px\" aria-hidden=\"true\" class=\"wp-block-spacer\"><\/div>\n\n\n\n<div class=\"wp-block-columns is-layout-flex wp-container-core-columns-is-layout-9d6595d7 wp-block-columns-is-layout-flex\">\n<div class=\"wp-block-column is-layout-flow wp-block-column-is-layout-flow\">\n<p>Con el paso del tiempo, iremos ampliando la cantidad de videos y los lugares que queremos mostrar para que os decid\u00e1is a venir a Tailandia y amold\u00e9is vuestro perfil a este pa\u00eds.<\/p>\n\n\n\n<p>Adem\u00e1s, junto a las Historias, tendr\u00e1s la<a href=\"http:\/\/thailike.es\/tailandia-te-espera-organizarte-y-ven-a-tailandia\/\" target=\"_blank\" rel=\"noreferrer noopener\"> planificaci\u00f3n<\/a> correspondiente  para que con tus vivencias y perfil, crees tu propia historia con la informaci\u00f3n \u00fatil, concreta y sencilla que te ofrecemos aqu\u00ed.<\/p>\n<\/div>\n\n\n\n<div class=\"wp-block-column is-layout-flow wp-block-column-is-layout-flow\">\n<figure class=\"wp-block-embed is-type-video is-provider-youtube wp-block-embed-youtube wp-embed-aspect-16-9 wp-has-aspect-ratio\"><div class=\"wp-block-embed__wrapper\">\n<iframe title=\"Catarata de Haew Suwat, Un paseo por algunos  parques nacionales de Tailandia  Parque de Khao Yai\" width=\"819\" height=\"461\" src=\"https:\/\/www.youtube.com\/embed\/MAXPk5bdW-w?feature=oembed\" frameborder=\"0\" allow=\"accelerometer; autoplay; clipboard-write; encrypted-media; gyroscope; picture-in-picture; web-share\" referrerpolicy=\"strict-origin-when-cross-origin\" allowfullscreen><\/iframe>\n<\/div><\/figure>\n<\/div>\n<\/div>\n\n\n\n<div class=\"wp-block-columns is-layout-flex wp-container-core-columns-is-layout-9d6595d7 wp-block-columns-is-layout-flex\">\n<div class=\"wp-block-column is-layout-flow wp-block-column-is-layout-flow\"><\/div>\n\n\n\n<div class=\"wp-block-column is-layout-flow wp-block-column-is-layout-flow\">\n<figure class=\"wp-block-image size-large is-style-default\"><a href=\"http:\/\/thailike.es\/contacta\/\"><img decoding=\"async\" width=\"1024\" height=\"576\" src=\"http:\/\/thailike.es\/wp-content\/uploads\/2022\/05\/contacta-2-1024x576.jpg\" alt=\"\" class=\"wp-image-5003\" srcset=\"https:\/\/thailike.es\/wp-content\/uploads\/2022\/05\/contacta-2-1024x576.jpg 1024w, https:\/\/thailike.es\/wp-content\/uploads\/2022\/05\/contacta-2-300x169.jpg 300w, https:\/\/thailike.es\/wp-content\/uploads\/2022\/05\/contacta-2-768x432.jpg 768w, https:\/\/thailike.es\/wp-content\/uploads\/2022\/05\/contacta-2-1536x864.jpg 1536w, https:\/\/thailike.es\/wp-content\/uploads\/2022\/05\/contacta-2-18x10.jpg 18w, https:\/\/thailike.es\/wp-content\/uploads\/2022\/05\/contacta-2.jpg 1920w\" sizes=\"(max-width: 1024px) 100vw, 1024px\" \/><\/a><\/figure>\n<\/div>\n\n\n\n<div class=\"wp-block-column is-layout-flow wp-block-column-is-layout-flow\"><\/div>\n<\/div>\n\n\n\n<div class=\"wp-block-columns is-layout-flex wp-container-core-columns-is-layout-9d6595d7 wp-block-columns-is-layout-flex\">\n<div class=\"wp-block-column is-layout-flow wp-block-column-is-layout-flow\">\n<p><\/p>\n<\/div>\n<\/div>\n\n\n\n<hr class=\"wp-block-separator has-css-opacity is-style-wide\"\/>\n\n\n\n<p><\/p>\n","protected":false},"excerpt":{"rendered":"<p>Conoce Tailandia a trav\u00e9s de peque\u00f1as historias Seguro que has invertido mucho tiempo revisando diferentes blogs con mucha informaci\u00f3n muy \u00fatil e interesante, pero te [&hellip;]<\/p>\n","protected":false},"author":1,"featured_media":3934,"parent":0,"menu_order":0,"comment_status":"closed","ping_status":"closed","template":"","meta":{"_acf_changed":false,"footnotes":""},"class_list":["post-3863","page","type-page","status-publish","has-post-thumbnail","hentry"],"acf":[],"yoast_head":"<!-- This site is optimized with the Yoast SEO plugin v27.5 - https:\/\/yoast.com\/product\/yoast-seo-wordpress\/ -->\n<title>Historias de Tailandia.Aqu\u00ed veras videos de este pa\u00eds para conocerlo mejor<\/title>\n<meta name=\"description\" content=\"A trav\u00e9s de estas historias, conocer\u00e1s Tailandia de otra forma, mas intima y cercana. Con prioridad a los contenidos de video.\" \/>\n<meta name=\"robots\" content=\"index, follow, max-snippet:-1, max-image-preview:large, max-video-preview:-1\" \/>\n<link rel=\"canonical\" href=\"https:\/\/thailike.es\/es\/historias-de-tailandia\/\" \/>\n<meta property=\"og:locale\" content=\"es_ES\" \/>\n<meta property=\"og:type\" content=\"article\" \/>\n<meta property=\"og:title\" content=\"Historias de Tailandia.Aqu\u00ed veras videos de este pa\u00eds para conocerlo mejor\" \/>\n<meta property=\"og:description\" content=\"A trav\u00e9s de estas historias, conocer\u00e1s Tailandia de otra forma, mas intima y cercana. Con prioridad a los contenidos de video.\" \/>\n<meta property=\"og:url\" content=\"https:\/\/thailike.es\/es\/historias-de-tailandia\/\" \/>\n<meta property=\"article:modified_time\" content=\"2022-11-21T08:58:49+00:00\" \/>\n<meta property=\"og:image\" content=\"https:\/\/thailike.es\/wp-content\/uploads\/2021\/05\/Holistic-Nature-Herbal-Medicine-Logo-2.png\" \/>\n\t<meta property=\"og:image:width\" content=\"500\" \/>\n\t<meta property=\"og:image:height\" content=\"500\" \/>\n\t<meta property=\"og:image:type\" content=\"image\/png\" \/>\n<meta name=\"twitter:card\" content=\"summary_large_image\" \/>\n<meta name=\"twitter:label1\" content=\"Tiempo de lectura\" \/>\n\t<meta name=\"twitter:data1\" content=\"3 minutos\" \/>\n<script type=\"application\/ld+json\" class=\"yoast-schema-graph\">{\"@context\":\"https:\\\/\\\/schema.org\",\"@graph\":[{\"@type\":\"WebPage\",\"@id\":\"https:\\\/\\\/thailike.es\\\/historias-de-tailandia\\\/\",\"url\":\"https:\\\/\\\/thailike.es\\\/historias-de-tailandia\\\/\",\"name\":\"Historias de Tailandia.Aqu\u00ed veras videos de este pa\u00eds para conocerlo mejor\",\"isPartOf\":{\"@id\":\"https:\\\/\\\/thailike.es\\\/#website\"},\"primaryImageOfPage\":{\"@id\":\"https:\\\/\\\/thailike.es\\\/historias-de-tailandia\\\/#primaryimage\"},\"image\":{\"@id\":\"https:\\\/\\\/thailike.es\\\/historias-de-tailandia\\\/#primaryimage\"},\"thumbnailUrl\":\"https:\\\/\\\/thailike.es\\\/wp-content\\\/uploads\\\/2021\\\/05\\\/Holistic-Nature-Herbal-Medicine-Logo-2.png\",\"datePublished\":\"2021-04-13T08:19:19+00:00\",\"dateModified\":\"2022-11-21T08:58:49+00:00\",\"description\":\"A trav\u00e9s de estas historias, conocer\u00e1s Tailandia de otra forma, mas intima y cercana. Con prioridad a los contenidos de video.\",\"breadcrumb\":{\"@id\":\"https:\\\/\\\/thailike.es\\\/historias-de-tailandia\\\/#breadcrumb\"},\"inLanguage\":\"es\",\"potentialAction\":[{\"@type\":\"ReadAction\",\"target\":[\"https:\\\/\\\/thailike.es\\\/historias-de-tailandia\\\/\"]}]},{\"@type\":\"ImageObject\",\"inLanguage\":\"es\",\"@id\":\"https:\\\/\\\/thailike.es\\\/historias-de-tailandia\\\/#primaryimage\",\"url\":\"https:\\\/\\\/thailike.es\\\/wp-content\\\/uploads\\\/2021\\\/05\\\/Holistic-Nature-Herbal-Medicine-Logo-2.png\",\"contentUrl\":\"https:\\\/\\\/thailike.es\\\/wp-content\\\/uploads\\\/2021\\\/05\\\/Holistic-Nature-Herbal-Medicine-Logo-2.png\",\"width\":500,\"height\":500},{\"@type\":\"BreadcrumbList\",\"@id\":\"https:\\\/\\\/thailike.es\\\/historias-de-tailandia\\\/#breadcrumb\",\"itemListElement\":[{\"@type\":\"ListItem\",\"position\":1,\"name\":\"Home\",\"item\":\"https:\\\/\\\/thailike.es\\\/\"},{\"@type\":\"ListItem\",\"position\":2,\"name\":\"Historias\"}]},{\"@type\":\"WebSite\",\"@id\":\"https:\\\/\\\/thailike.es\\\/#website\",\"url\":\"https:\\\/\\\/thailike.es\\\/\",\"name\":\"www.thailike.es\",\"description\":\"Conoce Tailandia\",\"publisher\":{\"@id\":\"https:\\\/\\\/thailike.es\\\/#\\\/schema\\\/person\\\/d7b4c0c202f07c03c6f52ee0706271b1\"},\"potentialAction\":[{\"@type\":\"SearchAction\",\"target\":{\"@type\":\"EntryPoint\",\"urlTemplate\":\"https:\\\/\\\/thailike.es\\\/?s={search_term_string}\"},\"query-input\":{\"@type\":\"PropertyValueSpecification\",\"valueRequired\":true,\"valueName\":\"search_term_string\"}}],\"inLanguage\":\"es\"},{\"@type\":[\"Person\",\"Organization\"],\"@id\":\"https:\\\/\\\/thailike.es\\\/#\\\/schema\\\/person\\\/d7b4c0c202f07c03c6f52ee0706271b1\",\"name\":\"MIGUEL ANGEL\",\"image\":{\"@type\":\"ImageObject\",\"inLanguage\":\"es\",\"@id\":\"https:\\\/\\\/thailike.es\\\/wp-content\\\/litespeed\\\/avatar\\\/44bf16d57539b37fd945fc4f58e2b252.jpg?ver=1776964903\",\"url\":\"https:\\\/\\\/thailike.es\\\/wp-content\\\/litespeed\\\/avatar\\\/44bf16d57539b37fd945fc4f58e2b252.jpg?ver=1776964903\",\"contentUrl\":\"https:\\\/\\\/thailike.es\\\/wp-content\\\/litespeed\\\/avatar\\\/44bf16d57539b37fd945fc4f58e2b252.jpg?ver=1776964903\",\"caption\":\"MIGUEL ANGEL\"},\"logo\":{\"@id\":\"https:\\\/\\\/thailike.es\\\/wp-content\\\/litespeed\\\/avatar\\\/44bf16d57539b37fd945fc4f58e2b252.jpg?ver=1776964903\"},\"sameAs\":[\"http:\\\/\\\/thailike.es\",\"https:\\\/\\\/www.youtube.com\\\/channel\\\/UClOY3ZuuzFGZmDVH-yoILQA\"]}]}<\/script>\n<!-- \/ Yoast SEO plugin. -->","yoast_head_json":{"title":"Historias de Tailandia.Aqu\u00ed veras videos de este pa\u00eds para conocerlo mejor","description":"A trav\u00e9s de estas historias, conocer\u00e1s Tailandia de otra forma, mas intima y cercana. Con prioridad a los contenidos de video.","robots":{"index":"index","follow":"follow","max-snippet":"max-snippet:-1","max-image-preview":"max-image-preview:large","max-video-preview":"max-video-preview:-1"},"canonical":"https:\/\/thailike.es\/es\/historias-de-tailandia\/","og_locale":"es_ES","og_type":"article","og_title":"Historias de Tailandia.Aqu\u00ed veras videos de este pa\u00eds para conocerlo mejor","og_description":"A trav\u00e9s de estas historias, conocer\u00e1s Tailandia de otra forma, mas intima y cercana. Con prioridad a los contenidos de video.","og_url":"https:\/\/thailike.es\/es\/historias-de-tailandia\/","article_modified_time":"2022-11-21T08:58:49+00:00","og_image":[{"width":500,"height":500,"url":"https:\/\/thailike.es\/wp-content\/uploads\/2021\/05\/Holistic-Nature-Herbal-Medicine-Logo-2.png","type":"image\/png"}],"twitter_card":"summary_large_image","twitter_misc":{"Tiempo de lectura":"3 minutos"},"schema":{"@context":"https:\/\/schema.org","@graph":[{"@type":"WebPage","@id":"https:\/\/thailike.es\/historias-de-tailandia\/","url":"https:\/\/thailike.es\/historias-de-tailandia\/","name":"Historias de Tailandia.Aqu\u00ed veras videos de este pa\u00eds para conocerlo mejor","isPartOf":{"@id":"https:\/\/thailike.es\/#website"},"primaryImageOfPage":{"@id":"https:\/\/thailike.es\/historias-de-tailandia\/#primaryimage"},"image":{"@id":"https:\/\/thailike.es\/historias-de-tailandia\/#primaryimage"},"thumbnailUrl":"https:\/\/thailike.es\/wp-content\/uploads\/2021\/05\/Holistic-Nature-Herbal-Medicine-Logo-2.png","datePublished":"2021-04-13T08:19:19+00:00","dateModified":"2022-11-21T08:58:49+00:00","description":"A trav\u00e9s de estas historias, conocer\u00e1s Tailandia de otra forma, mas intima y cercana. Con prioridad a los contenidos de video.","breadcrumb":{"@id":"https:\/\/thailike.es\/historias-de-tailandia\/#breadcrumb"},"inLanguage":"es","potentialAction":[{"@type":"ReadAction","target":["https:\/\/thailike.es\/historias-de-tailandia\/"]}]},{"@type":"ImageObject","inLanguage":"es","@id":"https:\/\/thailike.es\/historias-de-tailandia\/#primaryimage","url":"https:\/\/thailike.es\/wp-content\/uploads\/2021\/05\/Holistic-Nature-Herbal-Medicine-Logo-2.png","contentUrl":"https:\/\/thailike.es\/wp-content\/uploads\/2021\/05\/Holistic-Nature-Herbal-Medicine-Logo-2.png","width":500,"height":500},{"@type":"BreadcrumbList","@id":"https:\/\/thailike.es\/historias-de-tailandia\/#breadcrumb","itemListElement":[{"@type":"ListItem","position":1,"name":"Home","item":"https:\/\/thailike.es\/"},{"@type":"ListItem","position":2,"name":"Historias"}]},{"@type":"WebSite","@id":"https:\/\/thailike.es\/#website","url":"https:\/\/thailike.es\/","name":"www.thailike.es","description":"Conoce Tailandia","publisher":{"@id":"https:\/\/thailike.es\/#\/schema\/person\/d7b4c0c202f07c03c6f52ee0706271b1"},"potentialAction":[{"@type":"SearchAction","target":{"@type":"EntryPoint","urlTemplate":"https:\/\/thailike.es\/?s={search_term_string}"},"query-input":{"@type":"PropertyValueSpecification","valueRequired":true,"valueName":"search_term_string"}}],"inLanguage":"es"},{"@type":["Person","Organization"],"@id":"https:\/\/thailike.es\/#\/schema\/person\/d7b4c0c202f07c03c6f52ee0706271b1","name":"MIGUEL ANGEL","image":{"@type":"ImageObject","inLanguage":"es","@id":"https:\/\/thailike.es\/wp-content\/litespeed\/avatar\/44bf16d57539b37fd945fc4f58e2b252.jpg?ver=1776964903","url":"https:\/\/thailike.es\/wp-content\/litespeed\/avatar\/44bf16d57539b37fd945fc4f58e2b252.jpg?ver=1776964903","contentUrl":"https:\/\/thailike.es\/wp-content\/litespeed\/avatar\/44bf16d57539b37fd945fc4f58e2b252.jpg?ver=1776964903","caption":"MIGUEL ANGEL"},"logo":{"@id":"https:\/\/thailike.es\/wp-content\/litespeed\/avatar\/44bf16d57539b37fd945fc4f58e2b252.jpg?ver=1776964903"},"sameAs":["http:\/\/thailike.es","https:\/\/www.youtube.com\/channel\/UClOY3ZuuzFGZmDVH-yoILQA"]}]}},"_links":{"self":[{"href":"https:\/\/thailike.es\/es\/wp-json\/wp\/v2\/pages\/3863","targetHints":{"allow":["GET"]}}],"collection":[{"href":"https:\/\/thailike.es\/es\/wp-json\/wp\/v2\/pages"}],"about":[{"href":"https:\/\/thailike.es\/es\/wp-json\/wp\/v2\/types\/page"}],"author":[{"embeddable":true,"href":"https:\/\/thailike.es\/es\/wp-json\/wp\/v2\/users\/1"}],"replies":[{"embeddable":true,"href":"https:\/\/thailike.es\/es\/wp-json\/wp\/v2\/comments?post=3863"}],"version-history":[{"count":40,"href":"https:\/\/thailike.es\/es\/wp-json\/wp\/v2\/pages\/3863\/revisions"}],"predecessor-version":[{"id":5813,"href":"https:\/\/thailike.es\/es\/wp-json\/wp\/v2\/pages\/3863\/revisions\/5813"}],"wp:featuredmedia":[{"embeddable":true,"href":"https:\/\/thailike.es\/es\/wp-json\/wp\/v2\/media\/3934"}],"wp:attachment":[{"href":"https:\/\/thailike.es\/es\/wp-json\/wp\/v2\/media?parent=3863"}],"curies":[{"name":"wp","href":"https:\/\/api.w.org\/{rel}","templated":true}]}}