{"id":3699,"date":"2021-04-05T19:42:36","date_gmt":"2021-04-05T12:42:36","guid":{"rendered":"http:\/\/thailike.es\/?page_id=3699"},"modified":"2022-05-18T17:37:35","modified_gmt":"2022-05-18T10:37:35","slug":"nam-phong-national-park","status":"publish","type":"page","link":"https:\/\/thailike.es\/es\/nam-phong-national-park\/","title":{"rendered":"Nam Phong National Park"},"content":{"rendered":"\n<div style=\"height:100px\" aria-hidden=\"true\" class=\"wp-block-spacer\"><\/div>\n\n\n\n<h3 class=\"has-text-align-center wp-block-heading\"><mark style=\"background-color:rgba(0, 0, 0, 0)\" class=\"has-inline-color has-vivid-cyan-blue-color\">Planifica tu visita al Nomphang National Park<\/mark><\/h3>\n\n\n\n<p class=\"has-text-align-center\">Ya est\u00e1s  en Khon Kaen, y ahora <strong>quires mas detalles para inspirarte<\/strong> y crear tu propia historia para compartir con tus amigos y familiares. Ven al  Nam Phong National Park<\/p>\n\n\n\n<h4 class=\"wp-block-heading\"><mark style=\"background-color:rgba(0, 0, 0, 0)\" class=\"has-inline-color has-vivid-cyan-blue-color\">Animaci\u00f3n para que conozcas los alrededores<\/mark><\/h4>\n\n\n\n<div class=\"wp-block-columns is-layout-flex wp-container-core-columns-is-layout-9d6595d7 wp-block-columns-is-layout-flex\">\n<div class=\"wp-block-column is-layout-flow wp-block-column-is-layout-flow\"><\/div>\n<\/div>\n\n\n\n<div class=\"wp-block-columns is-layout-flex wp-container-core-columns-is-layout-9d6595d7 wp-block-columns-is-layout-flex\">\n<div class=\"wp-block-column is-layout-flow wp-block-column-is-layout-flow\" style=\"flex-basis:66.66%\">\n<figure class=\"wp-block-embed is-type-video is-provider-youtube wp-block-embed-youtube wp-embed-aspect-16-9 wp-has-aspect-ratio\"><div class=\"wp-block-embed__wrapper\">\n<iframe title=\"National park Namphong Khon Kaen\" width=\"819\" height=\"461\" src=\"https:\/\/www.youtube.com\/embed\/7agxWZui4ZA?feature=oembed\" frameborder=\"0\" allow=\"accelerometer; autoplay; clipboard-write; encrypted-media; gyroscope; picture-in-picture; web-share\" referrerpolicy=\"strict-origin-when-cross-origin\" allowfullscreen><\/iframe>\n<\/div><\/figure>\n\n\n\n<hr class=\"wp-block-separator is-style-wide\"\/>\n\n\n\n<p>Para ver la ubicaci\u00f3n en google maps y la ruta para llegar hasta este Parque Nacional <a href=\"https:\/\/goo.gl\/maps\/niKdfNm3iv9GNvbf6\" target=\"_blank\" rel=\"noreferrer noopener\">pulsa aqu\u00ed<\/a><\/p>\n<\/div>\n<\/div>\n\n\n\n<hr class=\"wp-block-separator has-text-color has-background has-vivid-cyan-blue-background-color has-vivid-cyan-blue-color is-style-wide\"\/>\n\n\n\n<h3 class=\"has-text-align-center wp-block-heading\"><mark style=\"background-color:rgba(0, 0, 0, 0)\" class=\"has-inline-color has-vivid-cyan-blue-color\">Sugerencias <\/mark><\/h3>\n\n\n\n<div class=\"wp-block-columns is-layout-flex wp-container-core-columns-is-layout-9d6595d7 wp-block-columns-is-layout-flex\">\n<div class=\"wp-block-column is-layout-flow wp-block-column-is-layout-flow\">\n<h4 class=\"has-text-align-center wp-block-heading\">Que llevar<\/h4>\n<\/div>\n\n\n\n<div class=\"wp-block-column is-layout-flow wp-block-column-is-layout-flow\">\n<h4 class=\"has-text-align-center wp-block-heading\">Que tener en cuenta<\/h4>\n<\/div>\n<\/div>\n\n\n\n<div class=\"wp-block-columns is-layout-flex wp-container-core-columns-is-layout-9d6595d7 wp-block-columns-is-layout-flex\">\n<div class=\"wp-block-column is-layout-flow wp-block-column-is-layout-flow\">\n<div class=\"wp-block-image\"><figure class=\"aligncenter size-medium is-resized\"><img decoding=\"async\" src=\"http:\/\/thailike.es\/wp-content\/uploads\/2021\/04\/Diseno-sin-titulo-2-300x240.png\" alt=\"\" class=\"wp-image-3615\" width=\"200\" height=\"200\"\/><\/figure><\/div>\n<\/div>\n\n\n\n<div class=\"wp-block-column is-layout-flow wp-block-column-is-layout-flow\">\n<div class=\"wp-block-image\"><figure class=\"aligncenter size-medium is-resized\"><img decoding=\"async\" src=\"http:\/\/thailike.es\/wp-content\/uploads\/2021\/04\/Diseno-sin-titulo-2-300x240.jpg\" alt=\"\" class=\"wp-image-3618\" width=\"200\" height=\"200\"\/><\/figure><\/div>\n<\/div>\n<\/div>\n\n\n\n<div class=\"wp-block-columns is-layout-flex wp-container-core-columns-is-layout-9d6595d7 wp-block-columns-is-layout-flex\">\n<div class=\"wp-block-column is-layout-flow wp-block-column-is-layout-flow\">\n<ul class=\"wp-block-list\"><li>Ropa como para <strong>hacer ejercicio<\/strong>, a ser posible con pantalones largos en caso que seamos <strong>sensibles a las picaduras de mosquitos<\/strong><\/li><li>El calzado, al igual que la ropa, adecuado para caminar por monta\u00f1a o simplemente unas zapatillas deportivas.<\/li><li>Llevar agua en la mochila.<\/li><li>Si sois sensibles a las <strong>picaduras de los mosquitos<\/strong>, indispensable ponerse loci\u00f3n anti mosquitos, que pod\u00e9is encontrar en sitios como 7 eleven o cualquier supermercado.<\/li><\/ul>\n<\/div>\n\n\n\n<div class=\"wp-block-column is-layout-flow wp-block-column-is-layout-flow\">\n<ul class=\"wp-block-list\"><li>El horario es: De Lunes a Domingo <strong>y cierra a las 17:00 <\/strong> aunque una vez dentro nos podemos quedar hasta la puesta de sol.<\/li><li>Este es el <strong>numero de tel\u00e9fono<\/strong> para que llames a ver si esta abierto: 096 7397920  seg\u00fan la \u00e9poca del a\u00f1o esta cerrado. Abre el mes de abril<\/li><li>La entrada es muy barata.<\/li><li>Hay un control de acceso en donde nos cobran la entrada, luego enseguida hay un parking.<\/li><li>Comenzamos la ruta por la parte de la derecha del parking y vamos ascendiendo, una vez arriba, tenemos varios miradores muy bien cuidados con tramos de escalera, y yendo hacia la izquierda llegamos al mirador para ver la puesta de sol. Por lo que lo ideal es llegar en torno a las 16 horas.<\/li><\/ul>\n<\/div>\n<\/div>\n\n\n\n<hr class=\"wp-block-separator has-text-color has-background has-luminous-vivid-orange-background-color has-luminous-vivid-orange-color is-style-wide\"\/>\n\n\n\n<div class=\"wp-block-columns is-layout-flex wp-container-core-columns-is-layout-9d6595d7 wp-block-columns-is-layout-flex\">\n<div class=\"wp-block-column is-layout-flow wp-block-column-is-layout-flow\">\n<h4 class=\"has-text-align-center wp-block-heading\"><mark style=\"background-color:rgba(0, 0, 0, 0)\" class=\"has-inline-color has-vivid-cyan-blue-color\">\u00bfQue hay cerca de esta actividad?<\/mark><\/h4>\n\n\n\n<p>Podemos aprovechar para <strong>visitar alg\u00fan otro sitio de inter\u00e9s<\/strong> que te apetezca. Los lugares que sugerimos aqui tendr\u00e1n que ver con la actividad principal que hemos venido a ver, est\u00e1n cerca.<\/p>\n\n\n\n<p>Puedes ver el video completo de una visita  en <strong><a href=\"http:\/\/thailike.es\/historias-de-khon-kaen\/nam-phong-national-park\/\">\u00bb Historia de Nam phong Nationa<\/a>l Park  \u00ab.<\/strong><\/p>\n\n\n\n<p>Si vamos con suficiente tiempo, antes de ir all\u00ed o despu\u00e9s de ir (si vamos al Nam Phong por la ma\u00f1ana o al medio d\u00eda) tenemos una visita interesante.<\/p>\n\n\n\n<ul class=\"wp-block-list\"><li>Ir a visitar \u00abUbolratana Dam\u00bb, la presa de Ubolratana.<\/li><\/ul>\n\n\n\n<hr class=\"wp-block-separator has-text-color has-background has-luminous-vivid-orange-background-color has-luminous-vivid-orange-color is-style-wide\"\/>\n\n\n\n<p><\/p>\n<\/div>\n<\/div>\n\n\n\n<h4 class=\"has-text-align-center has-vivid-cyan-blue-color has-text-color wp-block-heading\">Alojamientos cercanos<\/h4>\n\n\n\n<p>Normalmente, sugerimos hoteles cercanos a una determinada actividad o zona tur\u00edstica, desde donde podemos hacer mas cercanas las diferentes excursiones.<\/p>\n\n\n\n<p class=\"has-text-align-center\"><mark style=\"background-color:rgba(0, 0, 0, 0)\" class=\"has-inline-color has-vivid-red-color\">En el caso de esta ciudad, debido a su peque\u00f1o tama\u00f1o, no es necesario buscar un hotel cercano a esta visita tur\u00edstica.<\/mark> <mark style=\"background-color:rgba(0, 0, 0, 0)\" class=\"has-inline-color has-vivid-red-color\">Cualquiera de los alojamientos que hay\u00e1is elegido en Khon Kaen os vale, puesto que ten\u00e9is que desplazaros en coche igualmente.<\/mark><\/p>\n\n\n\n<p>Busca aqu\u00ed todos los detalles que necesites, y si te falta alg\u00fan  detalle, <a href=\"http:\/\/thailike.es\/contacta\/\">ponte en contacto con nosotros<\/a> y te intentaremos ayudar.<\/p>\n\n\n\n<div class=\"wp-block-columns is-layout-flex wp-container-core-columns-is-layout-9d6595d7 wp-block-columns-is-layout-flex\">\n<div class=\"wp-block-column is-layout-flow wp-block-column-is-layout-flow\"><\/div>\n\n\n\n<div class=\"wp-block-column is-layout-flow wp-block-column-is-layout-flow\">\n<p><div id=\"adgshp921260796\"><\/div>\n<script type=\"text\/javascript\" src=\"\/\/cdn0.agoda.net\/images\/sherpa\/js\/sherpa_init1_08.min.js\"><\/script><script type=\"text\/javascript\">\nvar stg = new Object(); stg.crt=\"441452898357\";stg.version=\"1.04\"; stg.id=stg.name=\"adgshp921260796\"; stg.width=\"320px\"; stg.height=\"420px\";stg.ReferenceKey=\"ynx4NumGEce8+2aaGoXHIA==\"; stg.Layout=\"SquareCalendar\"; stg.Language=\"es-es\";stg.Cid=\"1904972\"; stg.City=\"7233\"; stg.DestinationName=\"Khon Kaen, Tailandia\";stg.OverideConf=false; new AgdSherpa(stg).initialize();\n<\/script>\n\n<\/p>\n<\/div>\n\n\n\n<div class=\"wp-block-column is-layout-flow wp-block-column-is-layout-flow\"><\/div>\n<\/div>\n","protected":false},"excerpt":{"rendered":"<p>Planifica tu visita al Nomphang National Park Ya est\u00e1s en Khon Kaen, y ahora quires mas detalles para inspirarte y crear tu propia historia para [&hellip;]<\/p>\n","protected":false},"author":1,"featured_media":0,"parent":0,"menu_order":0,"comment_status":"closed","ping_status":"closed","template":"template-front-page-slider-alt.php","meta":{"_acf_changed":false,"footnotes":""},"class_list":["post-3699","page","type-page","status-publish","hentry"],"acf":[],"yoast_head":"<!-- This site is optimized with the Yoast SEO plugin v27.4 - https:\/\/yoast.com\/product\/yoast-seo-wordpress\/ -->\n<title>Nam Phong National Park cerca de Khon Kaen, Tailandia<\/title>\n<meta name=\"description\" content=\"Nam Phong National Park.Visita este hermoso parque que puedes visitar desde Kohn Kaen en coche. Disfruta de la puesta de sol desde el mirador.\" \/>\n<meta name=\"robots\" content=\"index, follow, max-snippet:-1, max-image-preview:large, max-video-preview:-1\" \/>\n<link rel=\"canonical\" href=\"https:\/\/thailike.es\/es\/nam-phong-national-park\/\" \/>\n<meta property=\"og:locale\" content=\"es_ES\" \/>\n<meta property=\"og:type\" content=\"article\" \/>\n<meta property=\"og:title\" content=\"Nam Phong National Park cerca de Khon Kaen, Tailandia\" \/>\n<meta property=\"og:description\" content=\"Nam Phong National Park.Visita este hermoso parque que puedes visitar desde Kohn Kaen en coche. Disfruta de la puesta de sol desde el mirador.\" \/>\n<meta property=\"og:url\" content=\"https:\/\/thailike.es\/es\/nam-phong-national-park\/\" \/>\n<meta property=\"article:modified_time\" content=\"2022-05-18T10:37:35+00:00\" \/>\n<meta property=\"og:image\" content=\"http:\/\/thailike.es\/wp-content\/uploads\/2021\/04\/Diseno-sin-titulo-2-300x240.png\" \/>\n<meta name=\"twitter:card\" content=\"summary_large_image\" \/>\n<meta name=\"twitter:label1\" content=\"Tiempo de lectura\" \/>\n\t<meta name=\"twitter:data1\" content=\"3 minutos\" \/>\n<script type=\"application\/ld+json\" class=\"yoast-schema-graph\">{\"@context\":\"https:\\\/\\\/schema.org\",\"@graph\":[{\"@type\":\"WebPage\",\"@id\":\"https:\\\/\\\/thailike.es\\\/nam-phong-national-park\\\/\",\"url\":\"https:\\\/\\\/thailike.es\\\/nam-phong-national-park\\\/\",\"name\":\"Nam Phong National Park cerca de Khon Kaen, Tailandia\",\"isPartOf\":{\"@id\":\"https:\\\/\\\/thailike.es\\\/#website\"},\"primaryImageOfPage\":{\"@id\":\"https:\\\/\\\/thailike.es\\\/nam-phong-national-park\\\/#primaryimage\"},\"image\":{\"@id\":\"https:\\\/\\\/thailike.es\\\/nam-phong-national-park\\\/#primaryimage\"},\"thumbnailUrl\":\"http:\\\/\\\/thailike.es\\\/wp-content\\\/uploads\\\/2021\\\/04\\\/Diseno-sin-titulo-2-300x240.png\",\"datePublished\":\"2021-04-05T12:42:36+00:00\",\"dateModified\":\"2022-05-18T10:37:35+00:00\",\"description\":\"Nam Phong National Park.Visita este hermoso parque que puedes visitar desde Kohn Kaen en coche. Disfruta de la puesta de sol desde el mirador.\",\"breadcrumb\":{\"@id\":\"https:\\\/\\\/thailike.es\\\/nam-phong-national-park\\\/#breadcrumb\"},\"inLanguage\":\"es\",\"potentialAction\":[{\"@type\":\"ReadAction\",\"target\":[\"https:\\\/\\\/thailike.es\\\/nam-phong-national-park\\\/\"]}]},{\"@type\":\"ImageObject\",\"inLanguage\":\"es\",\"@id\":\"https:\\\/\\\/thailike.es\\\/nam-phong-national-park\\\/#primaryimage\",\"url\":\"http:\\\/\\\/thailike.es\\\/wp-content\\\/uploads\\\/2021\\\/04\\\/Diseno-sin-titulo-2-300x240.png\",\"contentUrl\":\"http:\\\/\\\/thailike.es\\\/wp-content\\\/uploads\\\/2021\\\/04\\\/Diseno-sin-titulo-2-300x240.png\"},{\"@type\":\"BreadcrumbList\",\"@id\":\"https:\\\/\\\/thailike.es\\\/nam-phong-national-park\\\/#breadcrumb\",\"itemListElement\":[{\"@type\":\"ListItem\",\"position\":1,\"name\":\"Home\",\"item\":\"https:\\\/\\\/thailike.es\\\/\"},{\"@type\":\"ListItem\",\"position\":2,\"name\":\"Nam Phong National Park\"}]},{\"@type\":\"WebSite\",\"@id\":\"https:\\\/\\\/thailike.es\\\/#website\",\"url\":\"https:\\\/\\\/thailike.es\\\/\",\"name\":\"www.thailike.es\",\"description\":\"Conoce Tailandia\",\"publisher\":{\"@id\":\"https:\\\/\\\/thailike.es\\\/#\\\/schema\\\/person\\\/d7b4c0c202f07c03c6f52ee0706271b1\"},\"potentialAction\":[{\"@type\":\"SearchAction\",\"target\":{\"@type\":\"EntryPoint\",\"urlTemplate\":\"https:\\\/\\\/thailike.es\\\/?s={search_term_string}\"},\"query-input\":{\"@type\":\"PropertyValueSpecification\",\"valueRequired\":true,\"valueName\":\"search_term_string\"}}],\"inLanguage\":\"es\"},{\"@type\":[\"Person\",\"Organization\"],\"@id\":\"https:\\\/\\\/thailike.es\\\/#\\\/schema\\\/person\\\/d7b4c0c202f07c03c6f52ee0706271b1\",\"name\":\"MIGUEL ANGEL\",\"image\":{\"@type\":\"ImageObject\",\"inLanguage\":\"es\",\"@id\":\"https:\\\/\\\/thailike.es\\\/wp-content\\\/litespeed\\\/avatar\\\/44bf16d57539b37fd945fc4f58e2b252.jpg?ver=1776359813\",\"url\":\"https:\\\/\\\/thailike.es\\\/wp-content\\\/litespeed\\\/avatar\\\/44bf16d57539b37fd945fc4f58e2b252.jpg?ver=1776359813\",\"contentUrl\":\"https:\\\/\\\/thailike.es\\\/wp-content\\\/litespeed\\\/avatar\\\/44bf16d57539b37fd945fc4f58e2b252.jpg?ver=1776359813\",\"caption\":\"MIGUEL ANGEL\"},\"logo\":{\"@id\":\"https:\\\/\\\/thailike.es\\\/wp-content\\\/litespeed\\\/avatar\\\/44bf16d57539b37fd945fc4f58e2b252.jpg?ver=1776359813\"},\"sameAs\":[\"http:\\\/\\\/thailike.es\",\"https:\\\/\\\/www.youtube.com\\\/channel\\\/UClOY3ZuuzFGZmDVH-yoILQA\"]}]}<\/script>\n<!-- \/ Yoast SEO plugin. -->","yoast_head_json":{"title":"Nam Phong National Park cerca de Khon Kaen, Tailandia","description":"Nam Phong National Park.Visita este hermoso parque que puedes visitar desde Kohn Kaen en coche. Disfruta de la puesta de sol desde el mirador.","robots":{"index":"index","follow":"follow","max-snippet":"max-snippet:-1","max-image-preview":"max-image-preview:large","max-video-preview":"max-video-preview:-1"},"canonical":"https:\/\/thailike.es\/es\/nam-phong-national-park\/","og_locale":"es_ES","og_type":"article","og_title":"Nam Phong National Park cerca de Khon Kaen, Tailandia","og_description":"Nam Phong National Park.Visita este hermoso parque que puedes visitar desde Kohn Kaen en coche. Disfruta de la puesta de sol desde el mirador.","og_url":"https:\/\/thailike.es\/es\/nam-phong-national-park\/","article_modified_time":"2022-05-18T10:37:35+00:00","og_image":[{"url":"http:\/\/thailike.es\/wp-content\/uploads\/2021\/04\/Diseno-sin-titulo-2-300x240.png","type":"","width":"","height":""}],"twitter_card":"summary_large_image","twitter_misc":{"Tiempo de lectura":"3 minutos"},"schema":{"@context":"https:\/\/schema.org","@graph":[{"@type":"WebPage","@id":"https:\/\/thailike.es\/nam-phong-national-park\/","url":"https:\/\/thailike.es\/nam-phong-national-park\/","name":"Nam Phong National Park cerca de Khon Kaen, Tailandia","isPartOf":{"@id":"https:\/\/thailike.es\/#website"},"primaryImageOfPage":{"@id":"https:\/\/thailike.es\/nam-phong-national-park\/#primaryimage"},"image":{"@id":"https:\/\/thailike.es\/nam-phong-national-park\/#primaryimage"},"thumbnailUrl":"http:\/\/thailike.es\/wp-content\/uploads\/2021\/04\/Diseno-sin-titulo-2-300x240.png","datePublished":"2021-04-05T12:42:36+00:00","dateModified":"2022-05-18T10:37:35+00:00","description":"Nam Phong National Park.Visita este hermoso parque que puedes visitar desde Kohn Kaen en coche. Disfruta de la puesta de sol desde el mirador.","breadcrumb":{"@id":"https:\/\/thailike.es\/nam-phong-national-park\/#breadcrumb"},"inLanguage":"es","potentialAction":[{"@type":"ReadAction","target":["https:\/\/thailike.es\/nam-phong-national-park\/"]}]},{"@type":"ImageObject","inLanguage":"es","@id":"https:\/\/thailike.es\/nam-phong-national-park\/#primaryimage","url":"http:\/\/thailike.es\/wp-content\/uploads\/2021\/04\/Diseno-sin-titulo-2-300x240.png","contentUrl":"http:\/\/thailike.es\/wp-content\/uploads\/2021\/04\/Diseno-sin-titulo-2-300x240.png"},{"@type":"BreadcrumbList","@id":"https:\/\/thailike.es\/nam-phong-national-park\/#breadcrumb","itemListElement":[{"@type":"ListItem","position":1,"name":"Home","item":"https:\/\/thailike.es\/"},{"@type":"ListItem","position":2,"name":"Nam Phong National Park"}]},{"@type":"WebSite","@id":"https:\/\/thailike.es\/#website","url":"https:\/\/thailike.es\/","name":"www.thailike.es","description":"Conoce Tailandia","publisher":{"@id":"https:\/\/thailike.es\/#\/schema\/person\/d7b4c0c202f07c03c6f52ee0706271b1"},"potentialAction":[{"@type":"SearchAction","target":{"@type":"EntryPoint","urlTemplate":"https:\/\/thailike.es\/?s={search_term_string}"},"query-input":{"@type":"PropertyValueSpecification","valueRequired":true,"valueName":"search_term_string"}}],"inLanguage":"es"},{"@type":["Person","Organization"],"@id":"https:\/\/thailike.es\/#\/schema\/person\/d7b4c0c202f07c03c6f52ee0706271b1","name":"MIGUEL ANGEL","image":{"@type":"ImageObject","inLanguage":"es","@id":"https:\/\/thailike.es\/wp-content\/litespeed\/avatar\/44bf16d57539b37fd945fc4f58e2b252.jpg?ver=1776359813","url":"https:\/\/thailike.es\/wp-content\/litespeed\/avatar\/44bf16d57539b37fd945fc4f58e2b252.jpg?ver=1776359813","contentUrl":"https:\/\/thailike.es\/wp-content\/litespeed\/avatar\/44bf16d57539b37fd945fc4f58e2b252.jpg?ver=1776359813","caption":"MIGUEL ANGEL"},"logo":{"@id":"https:\/\/thailike.es\/wp-content\/litespeed\/avatar\/44bf16d57539b37fd945fc4f58e2b252.jpg?ver=1776359813"},"sameAs":["http:\/\/thailike.es","https:\/\/www.youtube.com\/channel\/UClOY3ZuuzFGZmDVH-yoILQA"]}]}},"_links":{"self":[{"href":"https:\/\/thailike.es\/es\/wp-json\/wp\/v2\/pages\/3699","targetHints":{"allow":["GET"]}}],"collection":[{"href":"https:\/\/thailike.es\/es\/wp-json\/wp\/v2\/pages"}],"about":[{"href":"https:\/\/thailike.es\/es\/wp-json\/wp\/v2\/types\/page"}],"author":[{"embeddable":true,"href":"https:\/\/thailike.es\/es\/wp-json\/wp\/v2\/users\/1"}],"replies":[{"embeddable":true,"href":"https:\/\/thailike.es\/es\/wp-json\/wp\/v2\/comments?post=3699"}],"version-history":[{"count":19,"href":"https:\/\/thailike.es\/es\/wp-json\/wp\/v2\/pages\/3699\/revisions"}],"predecessor-version":[{"id":5599,"href":"https:\/\/thailike.es\/es\/wp-json\/wp\/v2\/pages\/3699\/revisions\/5599"}],"wp:attachment":[{"href":"https:\/\/thailike.es\/es\/wp-json\/wp\/v2\/media?parent=3699"}],"curies":[{"name":"wp","href":"https:\/\/api.w.org\/{rel}","templated":true}]}}