{"id":3423,"date":"2021-04-01T10:06:11","date_gmt":"2021-04-01T03:06:11","guid":{"rendered":"http:\/\/thailike.es\/?page_id=3423"},"modified":"2022-05-18T17:40:33","modified_gmt":"2022-05-18T10:40:33","slug":"ton-tann-market","status":"publish","type":"page","link":"https:\/\/thailike.es\/es\/ton-tann-market\/","title":{"rendered":"Ton Tann Market"},"content":{"rendered":"\n<div style=\"height:100px\" aria-hidden=\"true\" class=\"wp-block-spacer\"><\/div>\n\n\n\n<h3 class=\"has-text-align-center wp-block-heading\"><mark style=\"background-color:rgba(0, 0, 0, 0)\" class=\"has-inline-color has-vivid-cyan-blue-color\">Planifica tu visita al Ton Tann Market<\/mark><\/h3>\n\n\n\n<p>Ya est\u00e1s  en esta ciudad, y ahora <strong>quires mas detalles para inspirarte<\/strong> vivir tu historia en este mercado  para compartir con tus amigos y familiares.<\/p>\n\n\n\n<h4 class=\"has-text-align-center wp-block-heading\"><mark style=\"background-color:rgba(0, 0, 0, 0)\" class=\"has-inline-color has-vivid-cyan-blue-color\">Animaci\u00f3n para que conozcas los alrededores<\/mark><\/h4>\n\n\n\n<div class=\"wp-block-columns is-layout-flex wp-container-core-columns-is-layout-9d6595d7 wp-block-columns-is-layout-flex\">\n<div class=\"wp-block-column is-layout-flow wp-block-column-is-layout-flow\"><\/div>\n<\/div>\n\n\n\n<div class=\"wp-block-columns is-layout-flex wp-container-core-columns-is-layout-9d6595d7 wp-block-columns-is-layout-flex\">\n<div class=\"wp-block-column is-layout-flow wp-block-column-is-layout-flow\" style=\"flex-basis:66.66%\">\n<figure class=\"wp-block-embed is-type-video is-provider-youtube wp-block-embed-youtube wp-embed-aspect-16-9 wp-has-aspect-ratio\"><div class=\"wp-block-embed__wrapper\">\n<iframe title=\"Ton Tann Market\" width=\"819\" height=\"461\" src=\"https:\/\/www.youtube.com\/embed\/s_NHAsY62u4?feature=oembed\" frameborder=\"0\" allow=\"accelerometer; autoplay; clipboard-write; encrypted-media; gyroscope; picture-in-picture; web-share\" referrerpolicy=\"strict-origin-when-cross-origin\" allowfullscreen><\/iframe>\n<\/div><\/figure>\n\n\n\n<p>Para ver la ubicaci\u00f3n en google maps <a href=\"https:\/\/goo.gl\/maps\/XqCSWTmMtXtvotUe6\" target=\"_blank\" rel=\"noreferrer noopener\">pulsa aqu\u00ed<\/a><\/p>\n<\/div>\n<\/div>\n\n\n\n<hr class=\"wp-block-separator has-text-color has-background has-vivid-cyan-blue-background-color has-vivid-cyan-blue-color is-style-wide\"\/>\n\n\n\n<h3 class=\"has-text-align-center wp-block-heading\"><mark style=\"background-color:rgba(0, 0, 0, 0)\" class=\"has-inline-color has-vivid-cyan-blue-color\">Sugerencias <\/mark><\/h3>\n\n\n\n<div class=\"wp-block-columns is-layout-flex wp-container-core-columns-is-layout-9d6595d7 wp-block-columns-is-layout-flex\">\n<div class=\"wp-block-column is-layout-flow wp-block-column-is-layout-flow\">\n<h4 class=\"has-text-align-center wp-block-heading\">Que llevar<\/h4>\n<\/div>\n\n\n\n<div class=\"wp-block-column is-layout-flow wp-block-column-is-layout-flow\">\n<h4 class=\"has-text-align-center wp-block-heading\">Que tener en cuenta<\/h4>\n<\/div>\n<\/div>\n\n\n\n<div class=\"wp-block-columns is-layout-flex wp-container-core-columns-is-layout-9d6595d7 wp-block-columns-is-layout-flex\">\n<div class=\"wp-block-column is-layout-flow wp-block-column-is-layout-flow\">\n<div class=\"wp-block-image\"><figure class=\"aligncenter size-medium is-resized\"><img decoding=\"async\" src=\"http:\/\/thailike.es\/wp-content\/uploads\/2021\/04\/Diseno-sin-titulo-2-300x240.png\" alt=\"\" class=\"wp-image-3615\" width=\"200\" height=\"200\"\/><\/figure><\/div>\n<\/div>\n\n\n\n<div class=\"wp-block-column is-layout-flow wp-block-column-is-layout-flow\">\n<div class=\"wp-block-image\"><figure class=\"aligncenter size-medium is-resized\"><img decoding=\"async\" src=\"http:\/\/thailike.es\/wp-content\/uploads\/2021\/04\/Diseno-sin-titulo-2-300x240.jpg\" alt=\"\" class=\"wp-image-3618\" width=\"200\" height=\"200\"\/><\/figure><\/div>\n<\/div>\n<\/div>\n\n\n\n<div class=\"wp-block-columns is-layout-flex wp-container-core-columns-is-layout-9d6595d7 wp-block-columns-is-layout-flex\">\n<div class=\"wp-block-column is-layout-flow wp-block-column-is-layout-flow\">\n<ul class=\"wp-block-list\"><li>Salvo que sea invierno, es mejor que la r<strong>opa sea c\u00f3moda y fresca.<\/strong><\/li><li>El calzado, al igual que la ropa, puede ser informal al ser un mercado al aire libre.<\/li><li>Pod\u00e9is llevar una <strong>bolsa  re utilizable<\/strong> para meter todos los art\u00edculos o comidas para llevar, puesto que en cada puesto os dar\u00e1n bolsitas peque\u00f1as.<\/li><li>Tambi\u00e9n pod\u00e9is<strong> comprar agua<\/strong>, zumos o cerveza por todos lados, pero puedes llevarla contigo.<\/li><li>Si sois sensibles a las <strong>picaduras de los mosquitos<\/strong>, indispensable ponerse loci\u00f3n anti mosquitos, que pod\u00e9is encontrar en sitios como 7 eleven o cualquier supermercado.<\/li><\/ul>\n<\/div>\n\n\n\n<div class=\"wp-block-column is-layout-flow wp-block-column-is-layout-flow\">\n<ul class=\"wp-block-list\"><li>El horario es: De Lunes a Domingo <strong>de 17:30 a 21:30<\/strong><\/li><li>Hay peque\u00f1os conciertos en el interior, y celebraci\u00f3n de eventos locales.<\/li><li>Tambi\u00e9n hay una pantalla gigante para eventos deportivos.<\/li><li>Hay aseos p\u00fablicos.<\/li><li>Al no ser tur\u00edstico, deb\u00e9is usar una <strong>app de traducci\u00f3n de texto con c\u00e1mara de fotos<\/strong> (como el traductor de google), para que lo que quer\u00e9is comprar lo traduzc\u00e1is del tailand\u00e9s a vuestro idioma.<\/li><li>Hay muchas mesas y sillas para sentarse a comer en el exterior, y son comunes a todos los puestos de comida.<\/li><\/ul>\n<\/div>\n<\/div>\n\n\n\n<hr class=\"wp-block-separator has-text-color has-background has-vivid-cyan-blue-background-color has-vivid-cyan-blue-color is-style-wide\"\/>\n\n\n\n<div class=\"wp-block-columns is-layout-flex wp-container-core-columns-is-layout-9d6595d7 wp-block-columns-is-layout-flex\">\n<div class=\"wp-block-column is-layout-flow wp-block-column-is-layout-flow\">\n<h4 class=\"has-text-align-center wp-block-heading\"><mark style=\"background-color:rgba(0, 0, 0, 0)\" class=\"has-inline-color has-vivid-cyan-blue-color\">\u00bfQue hay cerca de esta actividad?<\/mark><\/h4>\n\n\n\n<p>Podemos aprovechar para <strong>visitar alg\u00fan otro sitio de inter\u00e9s<\/strong> que te apetezca. Los lugares que sugerimos aqui tendr\u00e1n que ver con la actividad principal que hemos venido a ver, est\u00e1n cerca.<\/p>\n\n\n\n<p>Este es un mercado variado, tanto de art\u00edculos <strong>como ropa y complementos, como sobre todo comida<\/strong>. <\/p>\n\n\n\n<p>Puedes ver el video completo de una visita a este mercado en <strong><a href=\"http:\/\/thailike.es\/tailandia\/ton-tann-market\/\" target=\"_blank\" rel=\"noreferrer noopener\">nuestra historia de Ton Tann Mark<\/a>et.<\/strong><\/p>\n\n\n\n<p>Como abre a las 17:30, podemos visitar otros lugares antes o despu\u00e9s:<\/p>\n\n\n\n<ul class=\"wp-block-list\"><li>S\u00ed quer\u00e9is <strong>comprar para los d\u00edas que est\u00e1is en esta ciudad<\/strong> comida u otros art\u00edculos, <a href=\"https:\/\/goo.gl\/maps\/bzTqJvfw4QDn98MW8\" target=\"_blank\" rel=\"noreferrer noopener\">Tesco lotus<\/a> a cinco minutos en coche.<\/li><li>Puede que busques un <strong>centro comercial confortable<\/strong>, donde tambi\u00e9n hay puestos de comida t\u00edpica, muchas tiendas de todo tipo y diversion, entonces antes o despu\u00e9s de Ton Tann market tienes el centro comercial <a href=\"https:\/\/goo.gl\/maps\/WDtWg7c9gk3SpUz89\" target=\"_blank\" rel=\"noreferrer noopener\">Central Plaza Khon kaen<\/a><\/li><\/ul>\n\n\n\n<hr class=\"wp-block-separator has-text-color has-background has-vivid-cyan-blue-background-color has-vivid-cyan-blue-color is-style-wide\"\/>\n<\/div>\n<\/div>\n\n\n\n<h4 class=\"has-text-align-center has-vivid-cyan-blue-color has-text-color wp-block-heading\">Alojamientos cercanos<\/h4>\n\n\n\n<p>Normalmente, sugerimos hoteles cercanos a una determinada actividad o zona tur\u00edstica, desde donde podemos hacer mas cercanas las diferentes excursiones.<\/p>\n\n\n\n<p class=\"has-text-align-left\"><mark style=\"background-color:rgba(0, 0, 0, 0)\" class=\"has-inline-color has-vivid-red-color\">En el caso de esta ciudad, debido a su peque\u00f1o tama\u00f1o, no es necesario buscar un hotel cercano a esta visita tur\u00edstica.<\/mark><\/p>\n\n\n\n<div class=\"wp-block-columns is-layout-flex wp-container-core-columns-is-layout-9d6595d7 wp-block-columns-is-layout-flex\">\n<div class=\"wp-block-column is-layout-flow wp-block-column-is-layout-flow\"><\/div>\n\n\n\n<div class=\"wp-block-column is-layout-flow wp-block-column-is-layout-flow\">\n<p><div id=\"adgshp921260796\"><\/div>\n<script type=\"text\/javascript\" src=\"\/\/cdn0.agoda.net\/images\/sherpa\/js\/sherpa_init1_08.min.js\"><\/script><script type=\"text\/javascript\">\nvar stg = new Object(); stg.crt=\"441452898357\";stg.version=\"1.04\"; stg.id=stg.name=\"adgshp921260796\"; stg.width=\"320px\"; stg.height=\"420px\";stg.ReferenceKey=\"ynx4NumGEce8+2aaGoXHIA==\"; stg.Layout=\"SquareCalendar\"; stg.Language=\"es-es\";stg.Cid=\"1904972\"; stg.City=\"7233\"; stg.DestinationName=\"Khon Kaen, Tailandia\";stg.OverideConf=false; new AgdSherpa(stg).initialize();\n<\/script>\n\n<\/p>\n<\/div>\n\n\n\n<div class=\"wp-block-column is-layout-flow wp-block-column-is-layout-flow\"><\/div>\n<\/div>\n\n\n\n<p>Busca aqu\u00ed todos los detalles que necesites, y si te falta alg\u00fan  detalle, <a href=\"http:\/\/thailike.es\/contacta\/\">ponte en contacto con nosotros<\/a> y te intentaremos ayudar.<\/p>\n\n\n\n<div class=\"wp-block-columns is-layout-flex wp-container-core-columns-is-layout-9d6595d7 wp-block-columns-is-layout-flex\">\n<div class=\"wp-block-column is-layout-flow wp-block-column-is-layout-flow\"><\/div>\n<\/div>\n","protected":false},"excerpt":{"rendered":"<p>Planifica tu visita al Ton Tann Market Ya est\u00e1s en esta ciudad, y ahora quires mas detalles para inspirarte vivir tu historia en este mercado [&hellip;]<\/p>\n","protected":false},"author":1,"featured_media":0,"parent":0,"menu_order":0,"comment_status":"closed","ping_status":"closed","template":"template-front-page-slider-alt.php","meta":{"_acf_changed":false,"footnotes":""},"class_list":["post-3423","page","type-page","status-publish","hentry"],"acf":[],"yoast_head":"<!-- This site is optimized with the Yoast SEO plugin v27.2 - https:\/\/yoast.com\/product\/yoast-seo-wordpress\/ -->\n<title>Ton Tann Market -<\/title>\n<meta name=\"robots\" content=\"index, follow, max-snippet:-1, max-image-preview:large, max-video-preview:-1\" \/>\n<link rel=\"canonical\" href=\"https:\/\/thailike.es\/es\/ton-tann-market\/\" \/>\n<meta property=\"og:locale\" content=\"es_ES\" \/>\n<meta property=\"og:type\" content=\"article\" \/>\n<meta property=\"og:title\" content=\"Ton Tann Market -\" \/>\n<meta property=\"og:description\" content=\"Planifica tu visita al Ton Tann Market Ya est\u00e1s en esta ciudad, y ahora quires mas detalles para inspirarte vivir tu historia en este mercado [&hellip;]\" \/>\n<meta property=\"og:url\" content=\"https:\/\/thailike.es\/es\/ton-tann-market\/\" \/>\n<meta property=\"article:modified_time\" content=\"2022-05-18T10:40:33+00:00\" \/>\n<meta property=\"og:image\" content=\"http:\/\/thailike.es\/wp-content\/uploads\/2021\/04\/Diseno-sin-titulo-2-300x240.png\" \/>\n<meta name=\"twitter:card\" content=\"summary_large_image\" \/>\n<meta name=\"twitter:label1\" content=\"Tiempo de lectura\" \/>\n\t<meta name=\"twitter:data1\" content=\"3 minutos\" \/>\n<script type=\"application\/ld+json\" class=\"yoast-schema-graph\">{\"@context\":\"https:\/\/schema.org\",\"@graph\":[{\"@type\":\"WebPage\",\"@id\":\"https:\/\/thailike.es\/ton-tann-market\/\",\"url\":\"https:\/\/thailike.es\/ton-tann-market\/\",\"name\":\"Ton Tann Market -\",\"isPartOf\":{\"@id\":\"https:\/\/thailike.es\/#website\"},\"primaryImageOfPage\":{\"@id\":\"https:\/\/thailike.es\/ton-tann-market\/#primaryimage\"},\"image\":{\"@id\":\"https:\/\/thailike.es\/ton-tann-market\/#primaryimage\"},\"thumbnailUrl\":\"http:\/\/thailike.es\/wp-content\/uploads\/2021\/04\/Diseno-sin-titulo-2-300x240.png\",\"datePublished\":\"2021-04-01T03:06:11+00:00\",\"dateModified\":\"2022-05-18T10:40:33+00:00\",\"breadcrumb\":{\"@id\":\"https:\/\/thailike.es\/ton-tann-market\/#breadcrumb\"},\"inLanguage\":\"es\",\"potentialAction\":[{\"@type\":\"ReadAction\",\"target\":[\"https:\/\/thailike.es\/ton-tann-market\/\"]}]},{\"@type\":\"ImageObject\",\"inLanguage\":\"es\",\"@id\":\"https:\/\/thailike.es\/ton-tann-market\/#primaryimage\",\"url\":\"http:\/\/thailike.es\/wp-content\/uploads\/2021\/04\/Diseno-sin-titulo-2-300x240.png\",\"contentUrl\":\"http:\/\/thailike.es\/wp-content\/uploads\/2021\/04\/Diseno-sin-titulo-2-300x240.png\"},{\"@type\":\"BreadcrumbList\",\"@id\":\"https:\/\/thailike.es\/ton-tann-market\/#breadcrumb\",\"itemListElement\":[{\"@type\":\"ListItem\",\"position\":1,\"name\":\"Home\",\"item\":\"https:\/\/thailike.es\/\"},{\"@type\":\"ListItem\",\"position\":2,\"name\":\"Ton Tann Market\"}]},{\"@type\":\"WebSite\",\"@id\":\"https:\/\/thailike.es\/#website\",\"url\":\"https:\/\/thailike.es\/\",\"name\":\"www.thailike.es\",\"description\":\"Conoce Tailandia\",\"publisher\":{\"@id\":\"https:\/\/thailike.es\/#\/schema\/person\/d7b4c0c202f07c03c6f52ee0706271b1\"},\"potentialAction\":[{\"@type\":\"SearchAction\",\"target\":{\"@type\":\"EntryPoint\",\"urlTemplate\":\"https:\/\/thailike.es\/?s={search_term_string}\"},\"query-input\":{\"@type\":\"PropertyValueSpecification\",\"valueRequired\":true,\"valueName\":\"search_term_string\"}}],\"inLanguage\":\"es\"},{\"@type\":[\"Person\",\"Organization\"],\"@id\":\"https:\/\/thailike.es\/#\/schema\/person\/d7b4c0c202f07c03c6f52ee0706271b1\",\"name\":\"MIGUEL ANGEL\",\"image\":{\"@type\":\"ImageObject\",\"inLanguage\":\"es\",\"@id\":\"https:\/\/thailike.es\/wp-content\/litespeed\/avatar\/44bf16d57539b37fd945fc4f58e2b252.jpg?ver=1775149769\",\"url\":\"https:\/\/thailike.es\/wp-content\/litespeed\/avatar\/44bf16d57539b37fd945fc4f58e2b252.jpg?ver=1775149769\",\"contentUrl\":\"https:\/\/thailike.es\/wp-content\/litespeed\/avatar\/44bf16d57539b37fd945fc4f58e2b252.jpg?ver=1775149769\",\"caption\":\"MIGUEL ANGEL\"},\"logo\":{\"@id\":\"https:\/\/thailike.es\/wp-content\/litespeed\/avatar\/44bf16d57539b37fd945fc4f58e2b252.jpg?ver=1775149769\"},\"sameAs\":[\"http:\/\/thailike.es\",\"https:\/\/www.youtube.com\/channel\/UClOY3ZuuzFGZmDVH-yoILQA\"]}]}<\/script>\n<!-- \/ Yoast SEO plugin. -->","yoast_head_json":{"title":"Ton Tann Market -","robots":{"index":"index","follow":"follow","max-snippet":"max-snippet:-1","max-image-preview":"max-image-preview:large","max-video-preview":"max-video-preview:-1"},"canonical":"https:\/\/thailike.es\/es\/ton-tann-market\/","og_locale":"es_ES","og_type":"article","og_title":"Ton Tann Market -","og_description":"Planifica tu visita al Ton Tann Market Ya est\u00e1s en esta ciudad, y ahora quires mas detalles para inspirarte vivir tu historia en este mercado [&hellip;]","og_url":"https:\/\/thailike.es\/es\/ton-tann-market\/","article_modified_time":"2022-05-18T10:40:33+00:00","og_image":[{"url":"http:\/\/thailike.es\/wp-content\/uploads\/2021\/04\/Diseno-sin-titulo-2-300x240.png","type":"","width":"","height":""}],"twitter_card":"summary_large_image","twitter_misc":{"Tiempo de lectura":"3 minutos"},"schema":{"@context":"https:\/\/schema.org","@graph":[{"@type":"WebPage","@id":"https:\/\/thailike.es\/ton-tann-market\/","url":"https:\/\/thailike.es\/ton-tann-market\/","name":"Ton Tann Market -","isPartOf":{"@id":"https:\/\/thailike.es\/#website"},"primaryImageOfPage":{"@id":"https:\/\/thailike.es\/ton-tann-market\/#primaryimage"},"image":{"@id":"https:\/\/thailike.es\/ton-tann-market\/#primaryimage"},"thumbnailUrl":"http:\/\/thailike.es\/wp-content\/uploads\/2021\/04\/Diseno-sin-titulo-2-300x240.png","datePublished":"2021-04-01T03:06:11+00:00","dateModified":"2022-05-18T10:40:33+00:00","breadcrumb":{"@id":"https:\/\/thailike.es\/ton-tann-market\/#breadcrumb"},"inLanguage":"es","potentialAction":[{"@type":"ReadAction","target":["https:\/\/thailike.es\/ton-tann-market\/"]}]},{"@type":"ImageObject","inLanguage":"es","@id":"https:\/\/thailike.es\/ton-tann-market\/#primaryimage","url":"http:\/\/thailike.es\/wp-content\/uploads\/2021\/04\/Diseno-sin-titulo-2-300x240.png","contentUrl":"http:\/\/thailike.es\/wp-content\/uploads\/2021\/04\/Diseno-sin-titulo-2-300x240.png"},{"@type":"BreadcrumbList","@id":"https:\/\/thailike.es\/ton-tann-market\/#breadcrumb","itemListElement":[{"@type":"ListItem","position":1,"name":"Home","item":"https:\/\/thailike.es\/"},{"@type":"ListItem","position":2,"name":"Ton Tann Market"}]},{"@type":"WebSite","@id":"https:\/\/thailike.es\/#website","url":"https:\/\/thailike.es\/","name":"www.thailike.es","description":"Conoce Tailandia","publisher":{"@id":"https:\/\/thailike.es\/#\/schema\/person\/d7b4c0c202f07c03c6f52ee0706271b1"},"potentialAction":[{"@type":"SearchAction","target":{"@type":"EntryPoint","urlTemplate":"https:\/\/thailike.es\/?s={search_term_string}"},"query-input":{"@type":"PropertyValueSpecification","valueRequired":true,"valueName":"search_term_string"}}],"inLanguage":"es"},{"@type":["Person","Organization"],"@id":"https:\/\/thailike.es\/#\/schema\/person\/d7b4c0c202f07c03c6f52ee0706271b1","name":"MIGUEL ANGEL","image":{"@type":"ImageObject","inLanguage":"es","@id":"https:\/\/thailike.es\/wp-content\/litespeed\/avatar\/44bf16d57539b37fd945fc4f58e2b252.jpg?ver=1775149769","url":"https:\/\/thailike.es\/wp-content\/litespeed\/avatar\/44bf16d57539b37fd945fc4f58e2b252.jpg?ver=1775149769","contentUrl":"https:\/\/thailike.es\/wp-content\/litespeed\/avatar\/44bf16d57539b37fd945fc4f58e2b252.jpg?ver=1775149769","caption":"MIGUEL ANGEL"},"logo":{"@id":"https:\/\/thailike.es\/wp-content\/litespeed\/avatar\/44bf16d57539b37fd945fc4f58e2b252.jpg?ver=1775149769"},"sameAs":["http:\/\/thailike.es","https:\/\/www.youtube.com\/channel\/UClOY3ZuuzFGZmDVH-yoILQA"]}]}},"_links":{"self":[{"href":"https:\/\/thailike.es\/es\/wp-json\/wp\/v2\/pages\/3423","targetHints":{"allow":["GET"]}}],"collection":[{"href":"https:\/\/thailike.es\/es\/wp-json\/wp\/v2\/pages"}],"about":[{"href":"https:\/\/thailike.es\/es\/wp-json\/wp\/v2\/types\/page"}],"author":[{"embeddable":true,"href":"https:\/\/thailike.es\/es\/wp-json\/wp\/v2\/users\/1"}],"replies":[{"embeddable":true,"href":"https:\/\/thailike.es\/es\/wp-json\/wp\/v2\/comments?post=3423"}],"version-history":[{"count":60,"href":"https:\/\/thailike.es\/es\/wp-json\/wp\/v2\/pages\/3423\/revisions"}],"predecessor-version":[{"id":5601,"href":"https:\/\/thailike.es\/es\/wp-json\/wp\/v2\/pages\/3423\/revisions\/5601"}],"wp:attachment":[{"href":"https:\/\/thailike.es\/es\/wp-json\/wp\/v2\/media?parent=3423"}],"curies":[{"name":"wp","href":"https:\/\/api.w.org\/{rel}","templated":true}]}}