{"id":4772,"date":"2022-05-02T14:16:04","date_gmt":"2022-05-02T07:16:04","guid":{"rendered":"http:\/\/thailike.es\/?page_id=4772"},"modified":"2025-01-26T11:12:18","modified_gmt":"2025-01-26T04:12:18","slug":"turmeric-3","status":"publish","type":"page","link":"https:\/\/thailike.es\/en\/curcuma-3\/","title":{"rendered":"TURMERIC"},"content":{"rendered":"<div class=\"wp-block-getwid-advanced-heading has-custom-font-size\" style=\"font-size:26px\"><span class=\"wp-block-getwid-advanced-heading__content has-text-color has-vivid-cyan-blue-color\" style=\"font-family:&quot;AR One Sans&quot;;font-weight:normal\">Benefits of Turmeric: Properties, Uses, and How to Incorporate It into Your Diet<\/span><\/div>\n\n\n\n<div style=\"height:60px\" aria-hidden=\"true\" class=\"wp-block-spacer\"><\/div>\n\n\n\n<div class=\"wp-block-cover is-light\"><span aria-hidden=\"true\" class=\"wp-block-cover__background has-background-dim-20 has-background-dim\"><\/span><video class=\"wp-block-cover__video-background intrinsic-ignore\" autoplay muted loop playsinline src=\"http:\/\/thailike.es\/wp-content\/uploads\/2022\/05\/curcuma.mp4\" data-object-fit=\"cover\"><\/video><div class=\"wp-block-cover__inner-container is-layout-flow wp-block-cover-is-layout-flow\">\n<p class=\"has-text-align-center has-large-font-size\"><\/p>\n<\/div><\/div>\n\n\n\n<hr class=\"wp-block-separator has-text-color has-vivid-cyan-blue-color has-alpha-channel-opacity has-vivid-cyan-blue-background-color has-background is-style-wide\"\/>\n\n\n\n<div class=\"wp-block-getwid-advanced-heading has-custom-font-size\" style=\"font-size:26px\"><span class=\"wp-block-getwid-advanced-heading__content has-text-color has-vivid-cyan-blue-color\" style=\"font-family:&quot;AR One Sans&quot;;font-weight:normal\">Characteristics<\/span><\/div>\n\n\n\n<div class=\"wp-block-columns is-layout-flex wp-container-core-columns-is-layout-9d6595d7 wp-block-columns-is-layout-flex\">\n<div class=\"wp-block-column is-layout-flow wp-block-column-is-layout-flow\">\n<div style=\"height:44px\" aria-hidden=\"true\" class=\"wp-block-spacer\"><\/div>\n\n\n\n<figure class=\"wp-block-image size-large\"><img decoding=\"async\" width=\"1024\" height=\"576\" src=\"http:\/\/thailike.es\/wp-content\/uploads\/2022\/05\/Curcuma3-1024x576.png\" alt=\"TURMERIC \" class=\"wp-image-4777\" srcset=\"https:\/\/thailike.es\/wp-content\/uploads\/2022\/05\/Curcuma3-1024x576.png 1024w, https:\/\/thailike.es\/wp-content\/uploads\/2022\/05\/Curcuma3-300x169.png 300w, https:\/\/thailike.es\/wp-content\/uploads\/2022\/05\/Curcuma3-768x432.png 768w, https:\/\/thailike.es\/wp-content\/uploads\/2022\/05\/Curcuma3-1536x864.png 1536w, https:\/\/thailike.es\/wp-content\/uploads\/2022\/05\/Curcuma3-18x10.png 18w, https:\/\/thailike.es\/wp-content\/uploads\/2022\/05\/Curcuma3.png 1920w\" sizes=\"(max-width: 1024px) 100vw, 1024px\" \/><\/figure>\n\n\n\n<div style=\"height:36px\" aria-hidden=\"true\" class=\"wp-block-spacer\"><\/div>\n\n\n\n<figure class=\"wp-block-image size-large\"><img decoding=\"async\" width=\"1024\" height=\"576\" src=\"http:\/\/thailike.es\/wp-content\/uploads\/2022\/05\/Curcuma2-1024x576.jpg\" alt=\"TURMERIC \" class=\"wp-image-4776\" srcset=\"https:\/\/thailike.es\/wp-content\/uploads\/2022\/05\/Curcuma2-1024x576.jpg 1024w, https:\/\/thailike.es\/wp-content\/uploads\/2022\/05\/Curcuma2-300x169.jpg 300w, https:\/\/thailike.es\/wp-content\/uploads\/2022\/05\/Curcuma2-768x432.jpg 768w, https:\/\/thailike.es\/wp-content\/uploads\/2022\/05\/Curcuma2-1536x864.jpg 1536w, https:\/\/thailike.es\/wp-content\/uploads\/2022\/05\/Curcuma2-18x10.jpg 18w, https:\/\/thailike.es\/wp-content\/uploads\/2022\/05\/Curcuma2.jpg 1920w\" sizes=\"(max-width: 1024px) 100vw, 1024px\" \/><\/figure>\n\n\n\n<div style=\"height:43px\" aria-hidden=\"true\" class=\"wp-block-spacer\"><\/div>\n\n\n\n<div class=\"wp-block-columns is-layout-flex wp-container-core-columns-is-layout-9d6595d7 wp-block-columns-is-layout-flex\">\n<div class=\"wp-block-column is-layout-flow wp-block-column-is-layout-flow\">\n<p class=\"has-medium-font-size\">We can use it in foods where we want to give a yellowish color, in baked or grilled vegetables.<\/p>\n\n\n\n<p class=\"has-medium-font-size\">Any type of soup, cream or legume, as well as rice or couscous, and grilled meat or fish.<\/p>\n<\/div>\n<\/div>\n<\/div>\n\n\n\n<div class=\"wp-block-column is-layout-flow wp-block-column-is-layout-flow\">\n<p class=\"has-medium-font-size\">The spice Turmeric is used as a food colouring, being one of the elements of curry. Providing an intense yellowish colour.<\/p>\n\n\n\n<p class=\"has-medium-font-size\"> It is made with the root of this plant. One of the reasons why turmeric is in curry is because it adds an element of flavour to the food.<\/p>\n\n\n\n<p class=\"has-medium-font-size\"> But turmeric can also play an important role in the digestion of that food. <\/p>\n\n\n\n<p class=\"has-medium-font-size\">It has a pleasant flavour, slightly spicy, is brownish on the outside and a very orange colour on the inside.<\/p>\n\n\n\n<p class=\"has-medium-font-size\">MAIN FEATURES<\/p>\n\n\n\n<ul class=\"wp-block-list\">\n<li>Anti-inflammatory<\/li>\n\n\n\n<li>Pain relief in cases of arthritis.<\/li>\n\n\n\n<li>The antioxidant and anti-inflammatory properties of turmeric help healthy digestion.<\/li>\n<\/ul>\n\n\n\n<p class=\"has-medium-font-size\">However, due to some of its side effects, some people may not like to use turmeric. (Digestion problems, People taking anticoagulant drugs)<\/p>\n<\/div>\n<\/div>\n\n\n\n<hr class=\"wp-block-separator has-text-color has-vivid-cyan-blue-color has-alpha-channel-opacity has-vivid-cyan-blue-background-color has-background is-style-wide\"\/>\n\n\n\n<div class=\"wp-block-columns is-layout-flex wp-container-core-columns-is-layout-9d6595d7 wp-block-columns-is-layout-flex\">\n<div class=\"wp-block-column is-layout-flow wp-block-column-is-layout-flow\">\n<figure class=\"wp-block-image size-large is-style-default\"><img decoding=\"async\" width=\"1024\" height=\"576\" src=\"https:\/\/thailike.es\/wp-content\/uploads\/2025\/01\/Copia-de-Plantilla-c169-3-1024x576.png\" alt=\"\" class=\"wp-image-7978\" srcset=\"https:\/\/thailike.es\/wp-content\/uploads\/2025\/01\/Copia-de-Plantilla-c169-3-1024x576.png 1024w, https:\/\/thailike.es\/wp-content\/uploads\/2025\/01\/Copia-de-Plantilla-c169-3-300x169.png 300w, https:\/\/thailike.es\/wp-content\/uploads\/2025\/01\/Copia-de-Plantilla-c169-3-768x432.png 768w, https:\/\/thailike.es\/wp-content\/uploads\/2025\/01\/Copia-de-Plantilla-c169-3-1536x864.png 1536w, https:\/\/thailike.es\/wp-content\/uploads\/2025\/01\/Copia-de-Plantilla-c169-3-18x10.png 18w, https:\/\/thailike.es\/wp-content\/uploads\/2025\/01\/Copia-de-Plantilla-c169-3.png 1920w\" sizes=\"(max-width: 1024px) 100vw, 1024px\" \/><\/figure>\n<\/div>\n<\/div>\n\n\n\n<div class=\"wp-block-columns is-layout-flex wp-container-core-columns-is-layout-9d6595d7 wp-block-columns-is-layout-flex\">\n<div class=\"wp-block-column is-layout-flow wp-block-column-is-layout-flow\">\n<div class=\"wp-block-getwid-advanced-heading has-custom-font-size\" style=\"font-size:26px\"><span class=\"wp-block-getwid-advanced-heading__content has-text-color has-vivid-cyan-blue-color\" style=\"font-family:&quot;AR One Sans&quot;;font-weight:normal\">Curiosities  <\/span><\/div>\n\n\n\n<p class=\"has-medium-font-size\">It is native to India, where it is widely used in curries. It belongs to the ginger family.<\/p>\n\n\n\n<p class=\"has-medium-font-size\">In its beginnings, back in 600 BC. It was used as a dye for wool.<\/p>\n\n\n\n<p class=\"has-medium-font-size\">It is currently still used as a textile dye.<\/p>\n\n\n\n<p class=\"has-medium-font-size\">It is used in ayurvedic medicine as a digestive healing agent.<\/p>\n<\/div>\n\n\n\n<div class=\"wp-block-column is-layout-flow wp-block-column-is-layout-flow\">\n<div style=\"height:54px\" aria-hidden=\"true\" class=\"wp-block-spacer\"><\/div>\n\n\n\n<p><script src=\"\/\/cdn0.trainbusferry.com\/tools\/form\/en\/?id=4381747&#038;domain=12go.com\" data-one2go=\"4381747\" data-color=\"default\" data-language=\"en\" data-adaptive=\"1\" data-border=\"1\" data-domain=\"12go.com\"><\/script><div id=\"powered\">Powered by <a href=\"https:\/\/12go.com\/?z=4381747\">12Go system<\/a><\/div><\/p>\n\n\n\n<p class=\"has-medium-font-size\"> Current Western medicine has begun to study how turmeric can help reduce intestinal inflammation and improve intestinal permeability<\/p>\n<\/div>\n<\/div>\n\n\n\n<div class=\"wp-block-columns is-layout-flex wp-container-core-columns-is-layout-9d6595d7 wp-block-columns-is-layout-flex\">\n<div class=\"wp-block-column is-layout-flow wp-block-column-is-layout-flow\">\n<hr class=\"wp-block-separator has-text-color has-vivid-cyan-blue-color has-alpha-channel-opacity has-vivid-cyan-blue-background-color has-background is-style-wide\"\/>\n\n\n\n<p><div id=\"adgshp-329716040\"><\/div>\n<script type=\"text\/javascript\" src=\"\/\/cdn0.agoda.net\/images\/sherpa\/js\/sherpa_init1_08.min.js\"><\/script><script type=\"text\/javascript\">\nvar stg = new Object(); stg.crt=\"5662096821748\";stg.version=\"1.04\"; stg.id=stg.name=\"adgshp-329716040\"; stg.width=\"1288px\"; stg.height=\"300px\";stg.ReferenceKey=\"XFM344rFX6pgMhTRAdL02w==\"; stg.Layout=\"Oneline\"; stg.Language=\"en-us\";stg.Cid=\"1904972\"; stg.City=\"9395\"; stg.DestinationName=\"Bangkok, Tailandia\";stg.OverideConf=false; new AgdSherpa(stg).initialize();\n<\/script>\n<\/p>\n\n\n\n<figure class=\"wp-block-image size-large\"><a href=\"https:\/\/thailike.es\/en\/food-and-grocery-markets-in-thailand\/\"><img decoding=\"async\" width=\"1024\" height=\"576\" src=\"https:\/\/thailike.es\/wp-content\/uploads\/2025\/01\/mercado-1024x576.png\" alt=\"\" class=\"wp-image-7799\" srcset=\"https:\/\/thailike.es\/wp-content\/uploads\/2025\/01\/mercado-1024x576.png 1024w, https:\/\/thailike.es\/wp-content\/uploads\/2025\/01\/mercado-300x169.png 300w, https:\/\/thailike.es\/wp-content\/uploads\/2025\/01\/mercado-768x432.png 768w, https:\/\/thailike.es\/wp-content\/uploads\/2025\/01\/mercado-1536x864.png 1536w, https:\/\/thailike.es\/wp-content\/uploads\/2025\/01\/mercado-18x10.png 18w, https:\/\/thailike.es\/wp-content\/uploads\/2025\/01\/mercado.png 1920w\" sizes=\"(max-width: 1024px) 100vw, 1024px\" \/><\/a><figcaption class=\"wp-element-caption\">Discover Thailand's food markets<\/figcaption><\/figure>\n\n\n\n<p><!DOCTYPE html>\n<html lang=\"en\">\n<head>\n    <meta charset=\"UTF-8\">\n    <meta name=\"viewport\" content=\"width=device-width, initial-scale=1.0\">\n    <title>Stylish Video<\/title>\n    <style>\n        .video-container {\n            background-color: #ffffff;\n            padding: 20px;\n            border-radius: 15px;\n            box-shadow: 0 4px 10px rgba(0, 0, 0, 0.2);\n            max-width: 560px;\n            width: 100%;\n            box-sizing: border-box;\n            margin: 0 auto;\n        }\n        .video-container iframe {\n            width: 100%;\n            height: 315px;\n            border: none;\n            border-radius: 10px;\n            display: block;\n        }\n    <\/style>\n<\/head>\n<body>\n    <div class=\"video-container\">\n        <iframe \n            src=\"https:\/\/www.youtube.com\/embed\/uCb2iyIs2BI\" \n            title=\"YouTube video player\" \n            allow=\"accelerometer; autoplay; clipboard-write; encrypted-media; gyroscope; picture-in-picture\" \n            allowfullscreen>\n        <\/iframe>\n    <\/div>\n<\/body>\n<\/html>\n<\/p>\n\n\n\n<hr class=\"wp-block-separator has-alpha-channel-opacity has-luminous-vivid-amber-to-luminous-vivid-orange-gradient-background has-background is-style-wide\"\/>\n<\/div>\n<\/div>\n\n\n\n<div class=\"wp-block-columns is-layout-flex wp-container-core-columns-is-layout-9d6595d7 wp-block-columns-is-layout-flex\">\n<div class=\"wp-block-column is-layout-flow wp-block-column-is-layout-flow\">\n<div class=\"wp-block-columns is-layout-flex wp-container-core-columns-is-layout-9d6595d7 wp-block-columns-is-layout-flex\">\n<div class=\"wp-block-column is-layout-flow wp-block-column-is-layout-flow\"><div class=\"wp-block-image\">\n<figure class=\"aligncenter size-medium\"><img decoding=\"async\" width=\"300\" height=\"57\" src=\"https:\/\/thailike.es\/wp-content\/uploads\/2025\/01\/Ven-a-descubrir-Tailandia-499-x-95-px-499-x-95-px-300x57.png\" alt=\"\" class=\"wp-image-7889\" srcset=\"https:\/\/thailike.es\/wp-content\/uploads\/2025\/01\/Ven-a-descubrir-Tailandia-499-x-95-px-499-x-95-px-300x57.png 300w, https:\/\/thailike.es\/wp-content\/uploads\/2025\/01\/Ven-a-descubrir-Tailandia-499-x-95-px-499-x-95-px-18x3.png 18w, https:\/\/thailike.es\/wp-content\/uploads\/2025\/01\/Ven-a-descubrir-Tailandia-499-x-95-px-499-x-95-px.png 499w\" sizes=\"(max-width: 300px) 100vw, 300px\" \/><\/figure>\n<\/div><\/div>\n<\/div>\n<\/div>\n<\/div>","protected":false},"excerpt":{"rendered":"<p>In our blog we tell you many things, on various topics, such as gastronomy, products, stories, markets and much more.<\/p>","protected":false},"author":1,"featured_media":0,"parent":0,"menu_order":0,"comment_status":"closed","ping_status":"closed","template":"","meta":{"_acf_changed":false,"footnotes":""},"class_list":["post-4772","page","type-page","status-publish","hentry"],"acf":[],"yoast_head":"<!-- This site is optimized with the Yoast SEO plugin v27.4 - https:\/\/yoast.com\/product\/yoast-seo-wordpress\/ -->\n<title>CURCUMA -<\/title>\n<meta name=\"description\" content=\"El condimento conocido como C\u00farcuma es muy utilizado en Asia en general, no solamente en gastronom\u00eda, sino tambi\u00e9n en otros \u00e1mbitos\" \/>\n<meta name=\"robots\" content=\"index, follow, max-snippet:-1, max-image-preview:large, max-video-preview:-1\" \/>\n<link rel=\"canonical\" href=\"https:\/\/thailike.es\/en\/turmeric-3\/\" \/>\n<meta property=\"og:locale\" content=\"en_GB\" \/>\n<meta property=\"og:type\" content=\"article\" \/>\n<meta property=\"og:title\" content=\"CURCUMA -\" \/>\n<meta property=\"og:description\" content=\"El condimento conocido como C\u00farcuma es muy utilizado en Asia en general, no solamente en gastronom\u00eda, sino tambi\u00e9n en otros \u00e1mbitos\" \/>\n<meta property=\"og:url\" content=\"https:\/\/thailike.es\/en\/turmeric-3\/\" \/>\n<meta property=\"article:modified_time\" content=\"2025-01-26T04:12:18+00:00\" \/>\n<meta property=\"og:image\" content=\"http:\/\/thailike.es\/wp-content\/uploads\/2022\/05\/Curcuma3-1024x576.png\" \/>\n<meta name=\"twitter:card\" content=\"summary_large_image\" \/>\n<meta name=\"twitter:label1\" content=\"Estimated reading time\" \/>\n\t<meta name=\"twitter:data1\" content=\"5 minutes\" \/>\n<script type=\"application\/ld+json\" class=\"yoast-schema-graph\">{\"@context\":\"https:\\\/\\\/schema.org\",\"@graph\":[{\"@type\":\"WebPage\",\"@id\":\"https:\\\/\\\/thailike.es\\\/curcuma-3\\\/\",\"url\":\"https:\\\/\\\/thailike.es\\\/curcuma-3\\\/\",\"name\":\"CURCUMA -\",\"isPartOf\":{\"@id\":\"https:\\\/\\\/thailike.es\\\/#website\"},\"primaryImageOfPage\":{\"@id\":\"https:\\\/\\\/thailike.es\\\/curcuma-3\\\/#primaryimage\"},\"image\":{\"@id\":\"https:\\\/\\\/thailike.es\\\/curcuma-3\\\/#primaryimage\"},\"thumbnailUrl\":\"http:\\\/\\\/thailike.es\\\/wp-content\\\/uploads\\\/2022\\\/05\\\/Curcuma3-1024x576.png\",\"datePublished\":\"2022-05-02T07:16:04+00:00\",\"dateModified\":\"2025-01-26T04:12:18+00:00\",\"description\":\"El condimento conocido como C\u00farcuma es muy utilizado en Asia en general, no solamente en gastronom\u00eda, sino tambi\u00e9n en otros \u00e1mbitos\",\"breadcrumb\":{\"@id\":\"https:\\\/\\\/thailike.es\\\/curcuma-3\\\/#breadcrumb\"},\"inLanguage\":\"en-GB\",\"potentialAction\":[{\"@type\":\"ReadAction\",\"target\":[\"https:\\\/\\\/thailike.es\\\/curcuma-3\\\/\"]}]},{\"@type\":\"ImageObject\",\"inLanguage\":\"en-GB\",\"@id\":\"https:\\\/\\\/thailike.es\\\/curcuma-3\\\/#primaryimage\",\"url\":\"http:\\\/\\\/thailike.es\\\/wp-content\\\/uploads\\\/2022\\\/05\\\/Curcuma3-1024x576.png\",\"contentUrl\":\"http:\\\/\\\/thailike.es\\\/wp-content\\\/uploads\\\/2022\\\/05\\\/Curcuma3-1024x576.png\"},{\"@type\":\"BreadcrumbList\",\"@id\":\"https:\\\/\\\/thailike.es\\\/curcuma-3\\\/#breadcrumb\",\"itemListElement\":[{\"@type\":\"ListItem\",\"position\":1,\"name\":\"Home\",\"item\":\"https:\\\/\\\/thailike.es\\\/\"},{\"@type\":\"ListItem\",\"position\":2,\"name\":\"CURCUMA\"}]},{\"@type\":\"WebSite\",\"@id\":\"https:\\\/\\\/thailike.es\\\/#website\",\"url\":\"https:\\\/\\\/thailike.es\\\/\",\"name\":\"www.thailike.es\",\"description\":\"Conoce Tailandia\",\"publisher\":{\"@id\":\"https:\\\/\\\/thailike.es\\\/#\\\/schema\\\/person\\\/d7b4c0c202f07c03c6f52ee0706271b1\"},\"potentialAction\":[{\"@type\":\"SearchAction\",\"target\":{\"@type\":\"EntryPoint\",\"urlTemplate\":\"https:\\\/\\\/thailike.es\\\/?s={search_term_string}\"},\"query-input\":{\"@type\":\"PropertyValueSpecification\",\"valueRequired\":true,\"valueName\":\"search_term_string\"}}],\"inLanguage\":\"en-GB\"},{\"@type\":[\"Person\",\"Organization\"],\"@id\":\"https:\\\/\\\/thailike.es\\\/#\\\/schema\\\/person\\\/d7b4c0c202f07c03c6f52ee0706271b1\",\"name\":\"MIGUEL ANGEL\",\"image\":{\"@type\":\"ImageObject\",\"inLanguage\":\"en-GB\",\"@id\":\"https:\\\/\\\/thailike.es\\\/wp-content\\\/litespeed\\\/avatar\\\/44bf16d57539b37fd945fc4f58e2b252.jpg?ver=1776964903\",\"url\":\"https:\\\/\\\/thailike.es\\\/wp-content\\\/litespeed\\\/avatar\\\/44bf16d57539b37fd945fc4f58e2b252.jpg?ver=1776964903\",\"contentUrl\":\"https:\\\/\\\/thailike.es\\\/wp-content\\\/litespeed\\\/avatar\\\/44bf16d57539b37fd945fc4f58e2b252.jpg?ver=1776964903\",\"caption\":\"MIGUEL ANGEL\"},\"logo\":{\"@id\":\"https:\\\/\\\/thailike.es\\\/wp-content\\\/litespeed\\\/avatar\\\/44bf16d57539b37fd945fc4f58e2b252.jpg?ver=1776964903\"},\"sameAs\":[\"http:\\\/\\\/thailike.es\",\"https:\\\/\\\/www.youtube.com\\\/channel\\\/UClOY3ZuuzFGZmDVH-yoILQA\"]}]}<\/script>\n<!-- \/ Yoast SEO plugin. -->","yoast_head_json":{"title":"TURMERIC -","description":"The condiment known as Turmeric is widely used in Asia in general, not only in gastronomy, but also in other areas.","robots":{"index":"index","follow":"follow","max-snippet":"max-snippet:-1","max-image-preview":"max-image-preview:large","max-video-preview":"max-video-preview:-1"},"canonical":"https:\/\/thailike.es\/en\/turmeric-3\/","og_locale":"en_GB","og_type":"article","og_title":"CURCUMA -","og_description":"El condimento conocido como C\u00farcuma es muy utilizado en Asia en general, no solamente en gastronom\u00eda, sino tambi\u00e9n en otros \u00e1mbitos","og_url":"https:\/\/thailike.es\/en\/turmeric-3\/","article_modified_time":"2025-01-26T04:12:18+00:00","og_image":[{"url":"http:\/\/thailike.es\/wp-content\/uploads\/2022\/05\/Curcuma3-1024x576.png","type":"","width":"","height":""}],"twitter_card":"summary_large_image","twitter_misc":{"Estimated reading time":"5 minutes"},"schema":{"@context":"https:\/\/schema.org","@graph":[{"@type":"WebPage","@id":"https:\/\/thailike.es\/curcuma-3\/","url":"https:\/\/thailike.es\/curcuma-3\/","name":"TURMERIC -","isPartOf":{"@id":"https:\/\/thailike.es\/#website"},"primaryImageOfPage":{"@id":"https:\/\/thailike.es\/curcuma-3\/#primaryimage"},"image":{"@id":"https:\/\/thailike.es\/curcuma-3\/#primaryimage"},"thumbnailUrl":"http:\/\/thailike.es\/wp-content\/uploads\/2022\/05\/Curcuma3-1024x576.png","datePublished":"2022-05-02T07:16:04+00:00","dateModified":"2025-01-26T04:12:18+00:00","description":"The condiment known as Turmeric is widely used in Asia in general, not only in gastronomy, but also in other areas.","breadcrumb":{"@id":"https:\/\/thailike.es\/curcuma-3\/#breadcrumb"},"inLanguage":"en-GB","potentialAction":[{"@type":"ReadAction","target":["https:\/\/thailike.es\/curcuma-3\/"]}]},{"@type":"ImageObject","inLanguage":"en-GB","@id":"https:\/\/thailike.es\/curcuma-3\/#primaryimage","url":"http:\/\/thailike.es\/wp-content\/uploads\/2022\/05\/Curcuma3-1024x576.png","contentUrl":"http:\/\/thailike.es\/wp-content\/uploads\/2022\/05\/Curcuma3-1024x576.png"},{"@type":"BreadcrumbList","@id":"https:\/\/thailike.es\/curcuma-3\/#breadcrumb","itemListElement":[{"@type":"ListItem","position":1,"name":"Home","item":"https:\/\/thailike.es\/"},{"@type":"ListItem","position":2,"name":"CURCUMA"}]},{"@type":"WebSite","@id":"https:\/\/thailike.es\/#website","url":"https:\/\/thailike.es\/","name":"www.thailike.es","description":"Discover Thailand","publisher":{"@id":"https:\/\/thailike.es\/#\/schema\/person\/d7b4c0c202f07c03c6f52ee0706271b1"},"potentialAction":[{"@type":"SearchAction","target":{"@type":"EntryPoint","urlTemplate":"https:\/\/thailike.es\/?s={search_term_string}"},"query-input":{"@type":"PropertyValueSpecification","valueRequired":true,"valueName":"search_term_string"}}],"inLanguage":"en-GB"},{"@type":["Person","Organization"],"@id":"https:\/\/thailike.es\/#\/schema\/person\/d7b4c0c202f07c03c6f52ee0706271b1","name":"MICHAEL ANGEL","image":{"@type":"ImageObject","inLanguage":"en-GB","@id":"https:\/\/thailike.es\/wp-content\/litespeed\/avatar\/44bf16d57539b37fd945fc4f58e2b252.jpg?ver=1776964903","url":"https:\/\/thailike.es\/wp-content\/litespeed\/avatar\/44bf16d57539b37fd945fc4f58e2b252.jpg?ver=1776964903","contentUrl":"https:\/\/thailike.es\/wp-content\/litespeed\/avatar\/44bf16d57539b37fd945fc4f58e2b252.jpg?ver=1776964903","caption":"MIGUEL ANGEL"},"logo":{"@id":"https:\/\/thailike.es\/wp-content\/litespeed\/avatar\/44bf16d57539b37fd945fc4f58e2b252.jpg?ver=1776964903"},"sameAs":["http:\/\/thailike.es","https:\/\/www.youtube.com\/channel\/UClOY3ZuuzFGZmDVH-yoILQA"]}]}},"_links":{"self":[{"href":"https:\/\/thailike.es\/en\/wp-json\/wp\/v2\/pages\/4772","targetHints":{"allow":["GET"]}}],"collection":[{"href":"https:\/\/thailike.es\/en\/wp-json\/wp\/v2\/pages"}],"about":[{"href":"https:\/\/thailike.es\/en\/wp-json\/wp\/v2\/types\/page"}],"author":[{"embeddable":true,"href":"https:\/\/thailike.es\/en\/wp-json\/wp\/v2\/users\/1"}],"replies":[{"embeddable":true,"href":"https:\/\/thailike.es\/en\/wp-json\/wp\/v2\/comments?post=4772"}],"version-history":[{"count":49,"href":"https:\/\/thailike.es\/en\/wp-json\/wp\/v2\/pages\/4772\/revisions"}],"predecessor-version":[{"id":7984,"href":"https:\/\/thailike.es\/en\/wp-json\/wp\/v2\/pages\/4772\/revisions\/7984"}],"wp:attachment":[{"href":"https:\/\/thailike.es\/en\/wp-json\/wp\/v2\/media?parent=4772"}],"curies":[{"name":"wp","href":"https:\/\/api.w.org\/{rel}","templated":true}]}}